{"id":3600,"date":"2023-03-10T09:53:38","date_gmt":"2023-03-10T08:53:38","guid":{"rendered":"https:\/\/chapelains.com\/guenstige-campingplaetze-saillans\/"},"modified":"2023-10-30T12:06:01","modified_gmt":"2023-10-30T11:06:01","slug":"guenstige-campingplaetze-saillans","status":"publish","type":"page","link":"https:\/\/chapelains.com\/de\/guenstige-campingplaetze-saillans\/","title":{"rendered":"Tarife"},"content":{"rendered":"<section id=\"ls-section-block_fab99aa927b8c09afb73631836015053\" class=\"ls-section  page-one block-titre\" >\r\n        <div class=\"container container--wide\">\r\n        \n\n<h1 class=\"ls__heading wp-block-heading has-text-align-center has-color-1-color has-text-color\">Campingplatz mit dem besten Preis-Leistungs-Verh\u00e4ltnis in Saillans<\/h1>\n\n\r\n    <\/div>\r\n<\/section><section id=\"ls-section-block_5fa1f7f6dfed337ebb4685c05cce12a9\" class=\"ls-section  page-heberg has-m-t m-t-0 has-p-t p-t-2\" >\r\n        <div class=\"container \">\r\n        \n\n<script>\n    window.ctoutvert = {\n\t\tid: 11531, \n\t\tlang: 'auto', \n\t\turl: 'https:\/\/bookingpremium.secureholiday.net\/widgets\/'\n    };\n\n    (function (w, d, s, ctv, r, js, fjs) {\n        r=new XMLHttpRequest();r.open('GET',w[ctv].url+'js\/src.json');\n        r.responseType='json';r.json=true;r.send();\n        r.onload=function(){w[ctv].src=r.responseType=='json'?r.response:JSON.parse(r.response);\n        js.src=w[ctv].src[0];fjs.parentNode.insertBefore(js, fjs);}\n        js=d.createElement(s),fjs=d.getElementsByTagName(s)[0];\n        js.id='ctvwidget';js.async=1;\n    }(window, document, 'script', 'ctoutvert'));\n<\/script>\n<ctv-availability data-background-color=\"#FFFFFFFF\"><\/ctv-availability>\n\n\r\n    <\/div>\r\n<\/section><section id=\"ls-section-block_4137097662366649461424017b4008d0\" class=\"ls-section  page-heberg has-m-t m-t-0 has-m-b m-b-0 has-p-t p-t-3 has-p-b p-b-3\" >\r\n        <div class=\"container container--wide\">\r\n        \n\n<div class=\"wp-block-columns is-layout-flex wp-container-core-columns-is-layout-9d6595d7 wp-block-columns-is-layout-flex\">\n<div class=\"wp-block-column is-layout-flow wp-block-column-is-layout-flow\">\n<h2 class=\"ls__heading wp-block-heading has-color-2-color has-text-color\">Vermietung in einer nat\u00fcrlichen Umgebung zum kleinen Preis auf unserem Campingplatz in der Dr\u00f4me<\/h2>\n\n\n\n<p class=\"ls-paragraph\">Je fr\u00fcher Sie buchen, desto billiger wird es! Bei uns gibt es keine Last-Minute-Angebote: Wir garantieren die<strong> besten Preise f\u00fcr die fr\u00fchestm\u00f6glichen Buchungen<\/strong>. Dann mieten Sie Ihr <a href=\"https:\/\/chapelains.com\/de\/vermietung-mobil-home-saillans\/\">Mobilheim<\/a>, Chalet oder Lodgezelt oder Ihren <a href=\"https:\/\/chapelains.com\/de\/vermietung-platz-saillans\/\">Stellplatz<\/a> f\u00fcr Zelt, Wohnwagen oder Wohnmobil zum besten Preis.  <\/p>\n\n\n\n<p class=\"ls-paragraph\">Unsere Preise variieren je nach Jahreszeit. Die niedrigsten Preise gelten f\u00fcr die Zeitr\u00e4ume, in denen die Besucherzahlen am niedrigsten sind. Die h\u00f6chsten Preise gelten f\u00fcr die Zeitr\u00e4ume, in denen die Nachfrage am gr\u00f6\u00dften ist.<\/p>\n\n\n\n<p class=\"ls-paragraph\">M\u00f6chten Sie den Preis f\u00fcr einen bestimmten Zeitraum wissen? Kontaktieren Sie uns oder simulieren Sie Ihren Aufenthalt auf <a href=\"https:\/\/bookingpremium.secureholiday.net\/fr\/11531\/\" target=\"_blank\" rel=\"noreferrer noopener nofollow\">unserer Buchungsplattform<\/a>. Bitte beachten Sie, dass der Preis am Tag Ihrer Simulation g\u00fcltig ist und sich im Laufe der Zeit nach oben ver\u00e4ndern kann.<\/p>\n\n\n\n<h2 class=\"ls__heading wp-block-heading has-color-2-color has-text-color\">Ihr Aufenthalt billig billig in Saillans<\/h2>\n\n\n\n<p class=\"ls-paragraph\">Unser Ziel ist es, Ihnen <strong>m\u00f6glichst g\u00fcnstige Preise<\/strong> anzubieten, ohne dabei Abstriche bei der Qualit\u00e4t der Leistung zu machen, die f\u00fcr uns an erster Stelle steht.<\/p>\n<\/div>\n\n\n\n<div class=\"wp-block-column is-layout-flow wp-block-column-is-layout-flow\">\n<p class=\"ls-paragraph\">Wir ber\u00fccksichtigen auch die Notwendigkeit, in den <a href=\"https:\/\/chapelains.com\/de\/\">Campingplatz in der Dr\u00f4me<\/a> zu investieren und ihn instand zu halten, damit Sie Jahr f\u00fcr Jahr das Beste aus Ihrem Urlaub herausholen k\u00f6nnen. Aus diesen Gr\u00fcnden halten <strong>uns viele Kunden<\/strong> von Jahr zu Jahr die <strong>Treue<\/strong>.<\/p>\n\n\n\n<p class=\"ls-paragraph\">Da uns das Wohlbefinden unserer Teams am Herzen liegt, praktizieren wir eine faire und anerkennende Lohnpolitik f\u00fcr unsere Saisonarbeiter.<\/p>\n\n\n\n<h2 class=\"ls__heading wp-block-heading has-color-2-color has-text-color\">Die besten Preise, wenn Sie <strong>direkt<\/strong> auf unserer Website buchen<\/h2>\n\n\n\n<p class=\"ls-paragraph\">Wir bevorzugen die direkte Beziehung zu unseren Kunden, daher erhalten Sie die <strong>besten Preise, wenn <\/strong> Sie direkt<a href=\"https:\/\/bookingpremium.secureholiday.net\/fr\/11531\/\" target=\"_blank\" rel=\"noreferrer noopener nofollow\">buchen<\/a>.<\/p>\n\n\n\n<p class=\"ls-paragraph\">Wir sind auf Buchungsplattformen oder bei Gesch\u00e4ftspartnern vertreten, sodass du unseren Campingplatz vielleicht bei diesen Vermittlern findest. Dies ist angesichts unserer begrenzten Mittel im Vergleich zu gr\u00f6\u00dferen Campingpl\u00e4tzen eine Notwendigkeit f\u00fcr unsere Sichtbarkeit.<\/p>\n\n\n\n<p class=\"ls-paragraph\">Wir <strong>garantieren die niedrigsten Preise<\/strong> und die besten Konditionen f\u00fcr<strong> <\/strong><a href=\"https:\/\/bookingpremium.secureholiday.net\/fr\/11531\/\" target=\"_blank\" rel=\"noreferrer noopener nofollow\">Buchungen, die direkt vorgenommen werden<\/a>.  <\/p>\n<\/div>\n<\/div>\n\n\r\n    <\/div>\r\n<\/section><section id=\"ls-section-block_6ea4926c8f6b760f5bffd0a7414ea981\" class=\"ls-section  page-cta\" >\r\n        <div class=\"container container--wide\">\r\n        \n\n<div id=\"ls-heading ls-titre-div-block_311ab7c965b65c5634c74223307af339\" class=\"ls-titre-div aligncenter h2-like\" >\n    Entdecken Sie unsere anderen Dienstleistungen<\/div>\n\n\n<div id=\"ls-maillage-block_5ef0c5b57ee5577285569fb2bd8bdb9d\" class=\"ls-maillage cta-style-normal\" data-rows=\"3\">\r\n    <div class=\"wp-block-columns\"><div class=\"wp-block-column\"><div class='ls-cta'>\n\n<a href=\"https:\/\/chapelains.com\/de\/camping-familien-saillans\/\" target=\"\" rel=\"noopener\" class=\"ls-cta__link\">\n\n\t<div class=\"ls-cta__image\"><img decoding=\"async\" src=\"https:\/\/chapelains.com\/wp-content\/uploads\/2023\/10\/camping-familial-drome-1.webp\" alt=\"familiencamping drome\"><\/div>\n\t<div class=\"ls-cta__title\">\n\t\tDienste\t<\/div>\n\n\t\t\n<\/a><\/div><\/div><div class=\"wp-block-column\"><div class='ls-cta'>\n\n<a href=\"https:\/\/chapelains.com\/de\/vermietung-mobil-home-saillans\/\" target=\"\" rel=\"noopener\" class=\"ls-cta__link\">\n\n\t<div class=\"ls-cta__image\"><img decoding=\"async\" src=\"https:\/\/chapelains.com\/wp-content\/uploads\/2023\/10\/louer-un-hebergement-dans-la-drome.webp\" alt=\"mieten sie eine ferienwohnung in drome\"><\/div>\n\t<div class=\"ls-cta__title\">\n\t\tVermietungen\t<\/div>\n\n\t\t\n<\/a><\/div><\/div><div class=\"wp-block-column\"><div class='ls-cta'>\n\n<a href=\"https:\/\/chapelains.com\/de\/vermietung-platz-saillans\/\" target=\"\" rel=\"noopener\" class=\"ls-cta__link\">\n\n\t<div class=\"ls-cta__image\"><img decoding=\"async\" src=\"https:\/\/chapelains.com\/wp-content\/uploads\/2023\/10\/emplacement-caravaning-drome.webp\" alt=\"stellplatz f\u00fcr wohnwagen drome\"><\/div>\n\t<div class=\"ls-cta__title\">\n\t\tStandorte\t<\/div>\n\n\t\t\n<\/a><\/div><\/div><\/div><\/div>\n\r\n    <\/div>\r\n<\/section>","protected":false},"excerpt":{"rendered":"","protected":false},"author":1,"featured_media":3395,"parent":0,"menu_order":0,"comment_status":"closed","ping_status":"closed","template":"","meta":{"_acf_changed":false,"footnotes":""},"sujet":[],"class_list":["post-3600","page","type-page","status-publish","has-post-thumbnail","hentry"],"acf":[],"yoast_head":"<!-- This site is optimized with the Yoast SEO plugin v23.4 - https:\/\/yoast.com\/wordpress\/plugins\/seo\/ -->\n<title>G\u00fcnstige Campingpl\u00e4tze in der Dr\u00f4me | Camping petit prix \u00e0 Saillans<\/title>\n<meta name=\"robots\" content=\"index, follow, max-snippet:-1, max-image-preview:large, max-video-preview:-1\" \/>\n<link rel=\"canonical\" href=\"https:\/\/chapelains.com\/de\/guenstige-campingplaetze-saillans\/\" \/>\n<meta property=\"og:locale\" content=\"de_DE\" \/>\n<meta property=\"og:type\" content=\"article\" \/>\n<meta property=\"og:title\" content=\"G\u00fcnstige Campingpl\u00e4tze in der Dr\u00f4me | Camping petit prix \u00e0 Saillans\" \/>\n<meta property=\"og:url\" content=\"https:\/\/chapelains.com\/de\/guenstige-campingplaetze-saillans\/\" \/>\n<meta property=\"og:site_name\" content=\"Camping Les Chapelains\" \/>\n<meta property=\"article:modified_time\" content=\"2023-10-30T11:06:01+00:00\" \/>\n<meta property=\"og:image\" content=\"https:\/\/chapelains.com\/wp-content\/uploads\/2023\/04\/camping-pas-cher-dans-la-drome-1.webp\" \/>\n\t<meta property=\"og:image:width\" content=\"1920\" \/>\n\t<meta property=\"og:image:height\" content=\"450\" \/>\n\t<meta property=\"og:image:type\" content=\"image\/webp\" \/>\n<meta name=\"twitter:card\" content=\"summary_large_image\" \/>\n<meta name=\"twitter:label1\" content=\"Gesch\u00e4tzte Lesezeit\" \/>\n\t<meta name=\"twitter:data1\" content=\"2\u00a0Minuten\" \/>\n<script type=\"application\/ld+json\" class=\"yoast-schema-graph\">{\"@context\":\"https:\/\/schema.org\",\"@graph\":[{\"@type\":\"WebPage\",\"@id\":\"https:\/\/chapelains.com\/de\/guenstige-campingplaetze-saillans\/\",\"url\":\"https:\/\/chapelains.com\/de\/guenstige-campingplaetze-saillans\/\",\"name\":\"G\u00fcnstige Campingpl\u00e4tze in der Dr\u00f4me | Camping petit prix \u00e0 Saillans\",\"isPartOf\":{\"@id\":\"https:\/\/chapelains.com\/de\/#website\"},\"primaryImageOfPage\":{\"@id\":\"https:\/\/chapelains.com\/de\/guenstige-campingplaetze-saillans\/#primaryimage\"},\"image\":{\"@id\":\"https:\/\/chapelains.com\/de\/guenstige-campingplaetze-saillans\/#primaryimage\"},\"thumbnailUrl\":\"https:\/\/chapelains.com\/wp-content\/uploads\/2023\/04\/camping-pas-cher-dans-la-drome-1.webp\",\"datePublished\":\"2023-03-10T08:53:38+00:00\",\"dateModified\":\"2023-10-30T11:06:01+00:00\",\"breadcrumb\":{\"@id\":\"https:\/\/chapelains.com\/de\/guenstige-campingplaetze-saillans\/#breadcrumb\"},\"inLanguage\":\"de\",\"potentialAction\":[{\"@type\":\"ReadAction\",\"target\":[\"https:\/\/chapelains.com\/de\/guenstige-campingplaetze-saillans\/\"]}]},{\"@type\":\"ImageObject\",\"inLanguage\":\"de\",\"@id\":\"https:\/\/chapelains.com\/de\/guenstige-campingplaetze-saillans\/#primaryimage\",\"url\":\"https:\/\/chapelains.com\/wp-content\/uploads\/2023\/04\/camping-pas-cher-dans-la-drome-1.webp\",\"contentUrl\":\"https:\/\/chapelains.com\/wp-content\/uploads\/2023\/04\/camping-pas-cher-dans-la-drome-1.webp\",\"width\":1920,\"height\":450,\"caption\":\"g\u00fcnstiger campingplatz in der drome\"},{\"@type\":\"BreadcrumbList\",\"@id\":\"https:\/\/chapelains.com\/de\/guenstige-campingplaetze-saillans\/#breadcrumb\",\"itemListElement\":[{\"@type\":\"ListItem\",\"position\":1,\"name\":\"Camping Dr\u00f4me\",\"item\":\"https:\/\/chapelains.com\/de\/\"},{\"@type\":\"ListItem\",\"position\":2,\"name\":\"Preisg\u00fcnstiger Campingplatz in der Dr\u00f4me\"}]},{\"@type\":\"WebSite\",\"@id\":\"https:\/\/chapelains.com\/de\/#website\",\"url\":\"https:\/\/chapelains.com\/de\/\",\"name\":\"Camping Les Chapelains\",\"description\":\"\",\"publisher\":{\"@id\":\"https:\/\/chapelains.com\/de\/#organization\"},\"potentialAction\":[{\"@type\":\"SearchAction\",\"target\":{\"@type\":\"EntryPoint\",\"urlTemplate\":\"https:\/\/chapelains.com\/de\/?s={search_term_string}\"},\"query-input\":{\"@type\":\"PropertyValueSpecification\",\"valueRequired\":true,\"valueName\":\"search_term_string\"}}],\"inLanguage\":\"de\"},{\"@type\":\"Organization\",\"@id\":\"https:\/\/chapelains.com\/de\/#organization\",\"name\":\"Camping Les Chapelains\",\"url\":\"https:\/\/chapelains.com\/de\/\",\"logo\":{\"@type\":\"ImageObject\",\"inLanguage\":\"de\",\"@id\":\"https:\/\/chapelains.com\/de\/#\/schema\/logo\/image\/\",\"url\":\"https:\/\/chapelains.com\/wp-content\/uploads\/2023\/03\/logo-camping-les-chapelains.png\",\"contentUrl\":\"https:\/\/chapelains.com\/wp-content\/uploads\/2023\/03\/logo-camping-les-chapelains.png\",\"width\":263,\"height\":170,\"caption\":\"Camping Les Chapelains\"},\"image\":{\"@id\":\"https:\/\/chapelains.com\/de\/#\/schema\/logo\/image\/\"}}]}<\/script>\n<!-- \/ Yoast SEO plugin. -->","yoast_head_json":{"title":"G\u00fcnstige Campingpl\u00e4tze in der Dr\u00f4me | Camping petit prix \u00e0 Saillans","robots":{"index":"index","follow":"follow","max-snippet":"max-snippet:-1","max-image-preview":"max-image-preview:large","max-video-preview":"max-video-preview:-1"},"canonical":"https:\/\/chapelains.com\/de\/guenstige-campingplaetze-saillans\/","og_locale":"de_DE","og_type":"article","og_title":"G\u00fcnstige Campingpl\u00e4tze in der Dr\u00f4me | Camping petit prix \u00e0 Saillans","og_url":"https:\/\/chapelains.com\/de\/guenstige-campingplaetze-saillans\/","og_site_name":"Camping Les Chapelains","article_modified_time":"2023-10-30T11:06:01+00:00","og_image":[{"width":1920,"height":450,"url":"https:\/\/chapelains.com\/wp-content\/uploads\/2023\/04\/camping-pas-cher-dans-la-drome-1.webp","type":"image\/webp"}],"twitter_card":"summary_large_image","twitter_misc":{"Gesch\u00e4tzte Lesezeit":"2\u00a0Minuten"},"schema":{"@context":"https:\/\/schema.org","@graph":[{"@type":"WebPage","@id":"https:\/\/chapelains.com\/de\/guenstige-campingplaetze-saillans\/","url":"https:\/\/chapelains.com\/de\/guenstige-campingplaetze-saillans\/","name":"G\u00fcnstige Campingpl\u00e4tze in der Dr\u00f4me | Camping petit prix \u00e0 Saillans","isPartOf":{"@id":"https:\/\/chapelains.com\/de\/#website"},"primaryImageOfPage":{"@id":"https:\/\/chapelains.com\/de\/guenstige-campingplaetze-saillans\/#primaryimage"},"image":{"@id":"https:\/\/chapelains.com\/de\/guenstige-campingplaetze-saillans\/#primaryimage"},"thumbnailUrl":"https:\/\/chapelains.com\/wp-content\/uploads\/2023\/04\/camping-pas-cher-dans-la-drome-1.webp","datePublished":"2023-03-10T08:53:38+00:00","dateModified":"2023-10-30T11:06:01+00:00","breadcrumb":{"@id":"https:\/\/chapelains.com\/de\/guenstige-campingplaetze-saillans\/#breadcrumb"},"inLanguage":"de","potentialAction":[{"@type":"ReadAction","target":["https:\/\/chapelains.com\/de\/guenstige-campingplaetze-saillans\/"]}]},{"@type":"ImageObject","inLanguage":"de","@id":"https:\/\/chapelains.com\/de\/guenstige-campingplaetze-saillans\/#primaryimage","url":"https:\/\/chapelains.com\/wp-content\/uploads\/2023\/04\/camping-pas-cher-dans-la-drome-1.webp","contentUrl":"https:\/\/chapelains.com\/wp-content\/uploads\/2023\/04\/camping-pas-cher-dans-la-drome-1.webp","width":1920,"height":450,"caption":"g\u00fcnstiger campingplatz in der drome"},{"@type":"BreadcrumbList","@id":"https:\/\/chapelains.com\/de\/guenstige-campingplaetze-saillans\/#breadcrumb","itemListElement":[{"@type":"ListItem","position":1,"name":"Camping Dr\u00f4me","item":"https:\/\/chapelains.com\/de\/"},{"@type":"ListItem","position":2,"name":"Preisg\u00fcnstiger Campingplatz in der Dr\u00f4me"}]},{"@type":"WebSite","@id":"https:\/\/chapelains.com\/de\/#website","url":"https:\/\/chapelains.com\/de\/","name":"Camping Les Chapelains","description":"","publisher":{"@id":"https:\/\/chapelains.com\/de\/#organization"},"potentialAction":[{"@type":"SearchAction","target":{"@type":"EntryPoint","urlTemplate":"https:\/\/chapelains.com\/de\/?s={search_term_string}"},"query-input":{"@type":"PropertyValueSpecification","valueRequired":true,"valueName":"search_term_string"}}],"inLanguage":"de"},{"@type":"Organization","@id":"https:\/\/chapelains.com\/de\/#organization","name":"Camping Les Chapelains","url":"https:\/\/chapelains.com\/de\/","logo":{"@type":"ImageObject","inLanguage":"de","@id":"https:\/\/chapelains.com\/de\/#\/schema\/logo\/image\/","url":"https:\/\/chapelains.com\/wp-content\/uploads\/2023\/03\/logo-camping-les-chapelains.png","contentUrl":"https:\/\/chapelains.com\/wp-content\/uploads\/2023\/03\/logo-camping-les-chapelains.png","width":263,"height":170,"caption":"Camping Les Chapelains"},"image":{"@id":"https:\/\/chapelains.com\/de\/#\/schema\/logo\/image\/"}}]}},"_links":{"self":[{"href":"https:\/\/chapelains.com\/de\/wp-json\/wp\/v2\/pages\/3600","targetHints":{"allow":["GET"]}}],"collection":[{"href":"https:\/\/chapelains.com\/de\/wp-json\/wp\/v2\/pages"}],"about":[{"href":"https:\/\/chapelains.com\/de\/wp-json\/wp\/v2\/types\/page"}],"author":[{"embeddable":true,"href":"https:\/\/chapelains.com\/de\/wp-json\/wp\/v2\/users\/1"}],"replies":[{"embeddable":true,"href":"https:\/\/chapelains.com\/de\/wp-json\/wp\/v2\/comments?post=3600"}],"version-history":[{"count":8,"href":"https:\/\/chapelains.com\/de\/wp-json\/wp\/v2\/pages\/3600\/revisions"}],"predecessor-version":[{"id":8137,"href":"https:\/\/chapelains.com\/de\/wp-json\/wp\/v2\/pages\/3600\/revisions\/8137"}],"wp:featuredmedia":[{"embeddable":true,"href":"https:\/\/chapelains.com\/de\/wp-json\/wp\/v2\/media\/3395"}],"wp:attachment":[{"href":"https:\/\/chapelains.com\/de\/wp-json\/wp\/v2\/media?parent=3600"}],"wp:term":[{"taxonomy":"sujet","embeddable":true,"href":"https:\/\/chapelains.com\/de\/wp-json\/wp\/v2\/sujet?post=3600"}],"curies":[{"name":"wp","href":"https:\/\/api.w.org\/{rel}","templated":true}]}}