{"id":7646,"date":"2023-03-10T09:53:45","date_gmt":"2023-03-10T08:53:45","guid":{"rendered":"https:\/\/chapelains.com\/tourismus-saillans\/"},"modified":"2025-01-22T17:51:59","modified_gmt":"2025-01-22T16:51:59","slug":"tourismus-saillans","status":"publish","type":"page","link":"https:\/\/chapelains.com\/de\/tourismus-saillans\/","title":{"rendered":"Saillans"},"content":{"rendered":"<section id=\"ls-section-block_04aa75386a62d280e8f427f4398584c2\" class=\"ls-section  page-one page-one__compact\" >\r\n        <div class=\"container \">\r\n        \n\n<h1 class=\"ls__heading wp-block-heading has-text-align-center has-color-1-color has-text-color\">Das malerische Dorf Saillans in unmittelbarer N\u00e4he des Campingplatzes<\/h1>\n\n\r\n    <\/div>\r\n<\/section><section id=\"ls-section-block_dc99cae12d7de7c0de1c9f10fca81239\" class=\"ls-section  home-first page-one\" >\r\n        <div class=\"container container--wide\">\r\n        \n\n<div class=\"wp-block-columns are-vertically-aligned-center is-layout-flex wp-container-core-columns-is-layout-9d6595d7 wp-block-columns-is-layout-flex\">\n<div class=\"wp-block-column is-vertically-aligned-center is-layout-flow wp-block-column-is-layout-flow\" style=\"flex-basis:33.33%\">\n<h2 class=\"ls__heading wp-block-heading has-color-2-color has-text-color\">Was man in Saillans unternehmen kann<\/h2>\n\n\n\n<p class=\"ls-paragraph\">Willkommen in <a href=\"https:\/\/www.valleedeladrome-tourisme.com\/\" target=\"_blank\" rel=\"noreferrer noopener nofollow\">Saillans<\/a>! Der <a href=\"https:\/\/chapelains.com\/de\/\">Campingplatz Les Chapelains in der Dr\u00f4me<\/a> liegt ganz in der N\u00e4he (15-20 Minuten zu Fu\u00df) dieses <strong>historischen und malerischen Dorfes<\/strong>, das an den freien und wilden Fluss grenzt und von <strong>au\u00dfergew\u00f6hnlichen Landschaften<\/strong> umgeben ist.<\/p>\n\n\n\n<p class=\"ls-paragraph\">Seine Geschichte geht auf die r\u00f6mische Besetzung zur\u00fcck, deren \u00dcberreste in der N\u00e4he des Fremdenverkehrsamtes und in der <strong>romanischen Kirche Saint-G\u00e9raud<\/strong> zu finden sind. Schlendern Sie durch das <strong>Labyrinth der Gassen<\/strong> (auf Okzitanisch \u00ab violes \u00bb) und staunen Sie \u00fcber die mittelalterlichen Wohnh\u00e4user, die Arkaden oder gew\u00f6lbten Durchg\u00e4nge oder die Brunnen.<\/p>\n\n\n\n<p class=\"ls-paragraph\">An <strong>lokalen Veranstaltungen<\/strong> mangelt es nicht: Festlichkeiten am 14. Juli, Sommerflohmarkt am zweiten Samstag im August. Das <strong>j\u00e4hrliche Dorffest<\/strong>, die &#8222;Vogue&#8220;, findet traditionell am dritten Wochenende im August statt&#8230; Musik, Aubades (Blaskapelle), Erfrischungsst\u00e4nde, Tanz, Jahrmarkt: Alle Zutaten sind f\u00fcr einen einzigartigen Moment des Feierns vereint!<\/p>\n<\/div>\n\n\n\n<div class=\"wp-block-column is-vertically-aligned-center is-layout-flow wp-block-column-is-layout-flow\" style=\"flex-basis:66.66%\">\n<figure class=\"wp-block-gallery has-nested-images columns-2 is-cropped wp-block-gallery-1 is-layout-flex wp-block-gallery-is-layout-flex\">\n<figure class=\"wp-block-image size-full image-riviere animated fadeIn slow\"><a href=\"https:\/\/chapelains.com\/wp-content\/uploads\/2023\/04\/decouvrir-le-marche-de-saillans.jpg\"><img decoding=\"async\" width=\"900\" height=\"600\" data-id=\"1243\" src=\"https:\/\/chapelains.com\/wp-content\/uploads\/2023\/04\/decouvrir-le-marche-de-saillans.jpg\" alt=\"den markt von saillans entdecken\" class=\"wp-image-1243\" srcset=\"https:\/\/chapelains.com\/wp-content\/uploads\/2023\/04\/decouvrir-le-marche-de-saillans.jpg 900w, https:\/\/chapelains.com\/wp-content\/uploads\/2023\/04\/decouvrir-le-marche-de-saillans-300x200.jpg 300w, https:\/\/chapelains.com\/wp-content\/uploads\/2023\/04\/decouvrir-le-marche-de-saillans-768x512.jpg 768w\" sizes=\"(max-width: 900px) 100vw, 900px\" \/><\/a><\/figure>\n\n\n\n<figure class=\"wp-block-image size-full image-rando animated fadeIn delay-100ms slow\"><a href=\"https:\/\/chapelains.com\/wp-content\/uploads\/2023\/04\/les-fontanes-de-saillans.jpg\"><img decoding=\"async\" width=\"900\" height=\"600\" data-id=\"1255\" src=\"https:\/\/chapelains.com\/wp-content\/uploads\/2023\/04\/les-fontanes-de-saillans.jpg\" alt=\"die Brunnen von sailans\" class=\"wp-image-1255\" srcset=\"https:\/\/chapelains.com\/wp-content\/uploads\/2023\/04\/les-fontanes-de-saillans.jpg 900w, https:\/\/chapelains.com\/wp-content\/uploads\/2023\/04\/les-fontanes-de-saillans-300x200.jpg 300w, https:\/\/chapelains.com\/wp-content\/uploads\/2023\/04\/les-fontanes-de-saillans-768x512.jpg 768w\" sizes=\"(max-width: 900px) 100vw, 900px\" \/><\/a><\/figure>\n\n\n\n<figure class=\"wp-block-image size-full image-combi animated fadeIn delay-200ms slow\"><a href=\"https:\/\/chapelains.com\/wp-content\/uploads\/2023\/04\/visite-du-village-de-saillans.jpg\"><img decoding=\"async\" width=\"900\" height=\"600\" data-id=\"1259\" src=\"https:\/\/chapelains.com\/wp-content\/uploads\/2023\/04\/visite-du-village-de-saillans.jpg\" alt=\"besuch des dorfes saillans\" class=\"wp-image-1259\" srcset=\"https:\/\/chapelains.com\/wp-content\/uploads\/2023\/04\/visite-du-village-de-saillans.jpg 900w, https:\/\/chapelains.com\/wp-content\/uploads\/2023\/04\/visite-du-village-de-saillans-300x200.jpg 300w, https:\/\/chapelains.com\/wp-content\/uploads\/2023\/04\/visite-du-village-de-saillans-768x512.jpg 768w\" sizes=\"(max-width: 900px) 100vw, 900px\" \/><\/a><\/figure>\n\n\n\n<figure class=\"wp-block-image size-full image-gerants animated fadeIn delay-500ms slow\"><a href=\"https:\/\/chapelains.com\/wp-content\/uploads\/2023\/04\/le-village-de-saillans-dans-la-drome.jpg\"><img decoding=\"async\" width=\"900\" height=\"600\" data-id=\"1246\" src=\"https:\/\/chapelains.com\/wp-content\/uploads\/2023\/04\/le-village-de-saillans-dans-la-drome.jpg\" alt=\"das Dorf Saillans in der Drome\" class=\"wp-image-1246\" srcset=\"https:\/\/chapelains.com\/wp-content\/uploads\/2023\/04\/le-village-de-saillans-dans-la-drome.jpg 900w, https:\/\/chapelains.com\/wp-content\/uploads\/2023\/04\/le-village-de-saillans-dans-la-drome-300x200.jpg 300w, https:\/\/chapelains.com\/wp-content\/uploads\/2023\/04\/le-village-de-saillans-dans-la-drome-768x512.jpg 768w\" sizes=\"(max-width: 900px) 100vw, 900px\" \/><\/a><\/figure>\n<\/figure>\n<\/div>\n<\/div>\n\n\r\n    <\/div>\r\n<\/section><section id=\"ls-section-block_834c0d8a8661cbcad3ba42ce63cc15b7\" class=\"ls-section  home-second page-two\" >\r\n        <div class=\"container container--full\">\r\n        \n\n<div class=\"wp-block-columns is-layout-flex wp-container-core-columns-is-layout-9d6595d7 wp-block-columns-is-layout-flex\">\n<div class=\"wp-block-column is-layout-flow wp-block-column-is-layout-flow\" style=\"flex-basis:66.66%\">\n<figure class=\"wp-block-image size-full animated fadeInLeft slow\"><a href=\"https:\/\/chapelains.com\/wp-content\/uploads\/2023\/04\/escalade-proche-camping-les-chapelains-drome.jpg\"><img decoding=\"async\" width=\"900\" height=\"600\" src=\"https:\/\/chapelains.com\/wp-content\/uploads\/2023\/04\/escalade-proche-camping-les-chapelains-drome.jpg\" alt=\"klettern in der n&#xE4;he von camping less chapelains drome\" class=\"wp-image-1236\" srcset=\"https:\/\/chapelains.com\/wp-content\/uploads\/2023\/04\/escalade-proche-camping-les-chapelains-drome.jpg 900w, https:\/\/chapelains.com\/wp-content\/uploads\/2023\/04\/escalade-proche-camping-les-chapelains-drome-300x200.jpg 300w, https:\/\/chapelains.com\/wp-content\/uploads\/2023\/04\/escalade-proche-camping-les-chapelains-drome-768x512.jpg 768w\" sizes=\"(max-width: 900px) 100vw, 900px\" \/><\/a><\/figure>\n<\/div>\n\n\n\n<div class=\"wp-block-column is-layout-flow wp-block-column-is-layout-flow\" style=\"flex-basis:33.33%\">\n<figure class=\"wp-block-image size-full animated fadeInRight delay-500ms slow\"><a href=\"https:\/\/chapelains.com\/wp-content\/uploads\/2023\/04\/vtt-dans-la-drome.jpg\"><img decoding=\"async\" width=\"900\" height=\"600\" src=\"https:\/\/chapelains.com\/wp-content\/uploads\/2023\/04\/vtt-dans-la-drome.jpg\" alt=\"mountainbiken in der drome\" class=\"wp-image-1239\" srcset=\"https:\/\/chapelains.com\/wp-content\/uploads\/2023\/04\/vtt-dans-la-drome.jpg 900w, https:\/\/chapelains.com\/wp-content\/uploads\/2023\/04\/vtt-dans-la-drome-300x200.jpg 300w, https:\/\/chapelains.com\/wp-content\/uploads\/2023\/04\/vtt-dans-la-drome-768x512.jpg 768w\" sizes=\"(max-width: 900px) 100vw, 900px\" \/><\/a><\/figure>\n\n\n<\/div>\n<\/div>\n\n\n\n<div class=\"wp-block-columns home-second__text is-layout-flex wp-container-core-columns-is-layout-9d6595d7 wp-block-columns-is-layout-flex\">\n<div class=\"wp-block-column is-layout-flow wp-block-column-is-layout-flow\">\n<h2 class=\"ls__heading wp-block-heading has-text-align-center has-color-2-color has-text-color\">Ihre Besuche mit der Familie<\/h2>\n\n\n\n<p class=\"ls-paragraph has-text-align-center\">Das Pays de Saillans ist ein bevorzugter Ort f\u00fcr Naturliebhaber und <strong>Outdoor-Aktivit\u00e4ten am Fluss oder in den Bergen<\/strong>.<\/p>\n\n\n\n<p class=\"ls-paragraph has-text-align-center\">Mit der Familie, den Kindern oder Jugendlichen k\u00f6nnen Sie in Saillans am <a href=\"https:\/\/chapelains.com\/de\/camping-am-fluss-saillans\/\">Ufer des Flusses Dr\u00f4me<\/a> baden, Kanu fahren, Mountainbike fahren, Rad fahren und wandern, klettern oder angeln, Rafting und Canyoning betreiben, Segelfliegen oder Paragliding ausprobieren.<\/p>\n\n\n\n<p class=\"ls-paragraph has-text-align-center\">Im Herzen des Dorfes bieten der <strong>Park oder \u00f6ffentliche Garten <\/strong>und das <strong>City-Stadion<\/strong> Orte der Entspannung und Begegnung. <strong>Die Ufer des Flusses Dr\u00f4me<\/strong> sind zum Baden oder f\u00fcr ein Picknick mit der Familie im Schatten der B\u00e4ume angelegt.<\/p>\n<\/div>\n<\/div>\n\n\r\n    <\/div>\r\n<\/section><section id=\"ls-section-block_603ba79c822a18d63a9b964259a1b8e8\" class=\"ls-section  home-third has-p-t p-t-0\" >\r\n        <div class=\"container container--wide\">\r\n        \n\n<div class=\"wp-block-columns is-layout-flex wp-container-core-columns-is-layout-9d6595d7 wp-block-columns-is-layout-flex\">\n<div class=\"wp-block-column is-vertically-aligned-center animated fadeInLeft slow is-layout-flow wp-block-column-is-layout-flow\" style=\"flex-basis:66.66%\">\n<figure class=\"wp-block-image size-full\"><a href=\"https:\/\/chapelains.com\/wp-content\/uploads\/2023\/10\/visiter-saillans-et-ses-alentours.jpg\"><img decoding=\"async\" width=\"900\" height=\"600\" src=\"https:\/\/chapelains.com\/wp-content\/uploads\/2023\/10\/visiter-saillans-et-ses-alentours.jpg\" alt=\"saillans und seine umgebung besuchen\" class=\"wp-image-2653\" srcset=\"https:\/\/chapelains.com\/wp-content\/uploads\/2023\/10\/visiter-saillans-et-ses-alentours.jpg 900w, https:\/\/chapelains.com\/wp-content\/uploads\/2023\/10\/visiter-saillans-et-ses-alentours-300x200.jpg 300w, https:\/\/chapelains.com\/wp-content\/uploads\/2023\/10\/visiter-saillans-et-ses-alentours-768x512.jpg 768w\" sizes=\"(max-width: 900px) 100vw, 900px\" \/><\/a><\/figure>\n<\/div>\n\n\n\n<div class=\"wp-block-column is-vertically-aligned-center has-color-6-background-color has-background is-layout-flow wp-block-column-is-layout-flow\" style=\"flex-basis:33.33%\">\n<h2 class=\"ls__heading wp-block-heading has-color-2-color has-text-color\">Ihr Traumurlaub in Saillans auf dem Campingplatz<\/h2>\n\n\n\n<p class=\"ls-paragraph\">Saillans ist von au\u00dfergew\u00f6hnlichen Landschaften umgeben, einem <strong>unsch\u00e4tzbaren Naturerbe, das die Garrigues<\/strong> und die <strong>Ger\u00fcche<\/strong> <strong>der<\/strong> <strong>Provence<\/strong> <strong>ank\u00fcndigt<\/strong>.<\/p>\n\n\n\n<p class=\"ls-paragraph\">Die <strong>majest\u00e4tischen Klippen von Rochecourbe<\/strong> (die hier &#8222;La Roche&#8220; oder &#8222;La Pelle&#8220; genannt werden), ziehen den Blick unwiderstehlich auf sich. Diese<strong> geologische Kuriosit\u00e4t<\/strong> ist Teil der bemerkenswerten Perch\u00e9-Synklinale von Sao\u00fb, einem 13 km langen und 3 km langen Steinschiff, das in der Kreidezeit entstand.  <\/p>\n\n\n\n<p class=\"ls-paragraph\">Mit seinen<strong> Klippen und den Gipfeln der Trois Becs <\/strong>(Le Veyou, 1589m &#8211; Le Signal, 1559m, Roche Courbe 1545m) ist er von einem Wald bedeckt, der den Menschen seit jeher als Zufluchtsort diente. Das <strong>als &#8222;Natura 2000&#8220; eingestufte Gebiet<\/strong> ist ein beliebter Ort f\u00fcr <strong>Wanderungen und Mountainbike-Touren<\/strong> und l\u00e4dt auch Kletterer ein.<\/p>\n<\/div>\n<\/div>\n\n\r\n    <\/div>\r\n<\/section><section id=\"ls-section-block_cb941fd015ba4b635503f5f3fe65c597\" class=\"ls-section  home-third-alt has-p-t p-t-0\" >\r\n        <div class=\"container container--wide\">\r\n        \n\n<div class=\"wp-block-columns is-layout-flex wp-container-core-columns-is-layout-9d6595d7 wp-block-columns-is-layout-flex\">\n<div class=\"wp-block-column is-vertically-aligned-center has-color-6-background-color has-background is-layout-flow wp-block-column-is-layout-flow\" style=\"flex-basis:33.33%\">\n<h2 class=\"ls__heading wp-block-heading has-color-2-color has-text-color\">Der Markt in Saillans<\/h2>\n\n\n\n<p class=\"ls-paragraph\">Der<strong> Markt von Saillans<\/strong>, der <strong>typisch f\u00fcr die M\u00e4rkte in S\u00fcdfrankreich<\/strong> ist, findet das ganze Jahr \u00fcber jeden <strong>Sonntagmorgen<\/strong> auf dem Place du Prieur\u00e9 und dem Place de la R\u00e9publique statt, rund um die wundersch\u00f6ne romanische Kirche Saint-G\u00e9raud, die im 13. Jahrhundert erbaut wurde und unter Denkmalschutz steht.  <\/p>\n\n\n\n<p class=\"ls-paragraph\">An sch\u00f6nen Tagen erstreckt sich der Markt \u00fcber die Grande Rue und die Rue du Faubourg du Temple und bietet eine gro\u00dfe Vielfalt an <strong>Lebensmitteln und handwerklichen Produkten<\/strong>, die zum Teil von <strong>lokalen Erzeugern<\/strong> angeboten werden.<\/p>\n<\/div>\n\n\n\n<div class=\"wp-block-column is-vertically-aligned-center animated fadeInLeft slow is-layout-flow wp-block-column-is-layout-flow\" style=\"flex-basis:66.66%\">\n<figure class=\"wp-block-image size-full\"><a href=\"https:\/\/chapelains.com\/wp-content\/uploads\/2023\/10\/marche-saillans-camping-chapemlaisn.jpg\"><img decoding=\"async\" width=\"900\" height=\"700\" src=\"https:\/\/chapelains.com\/wp-content\/uploads\/2023\/10\/marche-saillans-camping-chapemlaisn.jpg\" alt=\"markt saillans camping chapemlaisn\" class=\"wp-image-2521\" srcset=\"https:\/\/chapelains.com\/wp-content\/uploads\/2023\/10\/marche-saillans-camping-chapemlaisn.jpg 900w, https:\/\/chapelains.com\/wp-content\/uploads\/2023\/10\/marche-saillans-camping-chapemlaisn-300x233.jpg 300w, https:\/\/chapelains.com\/wp-content\/uploads\/2023\/10\/marche-saillans-camping-chapemlaisn-768x597.jpg 768w\" sizes=\"(max-width: 900px) 100vw, 900px\" \/><\/a><\/figure>\n<\/div>\n<\/div>\n\n\r\n    <\/div>\r\n<\/section><section id=\"ls-section-block_b2a739836b055af50ebbc590ba36f28f\" class=\"ls-section  page-cta\" >\r\n        <div class=\"container container--wide\">\r\n        \n\n<div id=\"ls-heading ls-titre-div-block_8a3a3e43ec3fb4c9732e7a9869936d1c\" class=\"ls-titre-div aligncenter h2-like\" >\n    In der Umgebung zu entdecken<\/div>\n\n\n<div id=\"ls-maillage-block_4b9f1b4a6c1f1ac54e236dbd20af0eb5\" class=\"ls-maillage cta-style-normal\" data-rows=\"3\">\r\n    <div class=\"wp-block-columns\"><div class=\"wp-block-column\"><div class='ls-cta'>\n\n<a href=\"https:\/\/chapelains.com\/de\/sport-und-natur-drome\/\" target=\"\" rel=\"noopener\" class=\"ls-cta__link\">\n\n\t<div class=\"ls-cta__image\"><img decoding=\"async\" src=\"https:\/\/chapelains.com\/wp-content\/uploads\/2023\/04\/balade-a-cheval-camping-les-chapelains-drome.jpg\" alt=\"reitausfl\u00fcge camping les chapelains drome\"><\/div>\n\t<div class=\"ls-cta__title\">\n\t\tSport und Natur rund um den Campingplatz\t<\/div>\n\n\t\t\n<\/a><\/div><\/div><div class=\"wp-block-column\"><div class='ls-cta'>\n\n<a href=\"https:\/\/chapelains.com\/de\/camping-entdecken-sie-lavendelstrassen\/\" target=\"\" rel=\"noopener\" class=\"ls-cta__link\">\n\n\t<div class=\"ls-cta__image\"><img decoding=\"async\" src=\"https:\/\/chapelains.com\/wp-content\/uploads\/2023\/04\/decouvrir-les-routes-de-la-lavande.jpg\" alt=\"die Lavendelstra\u00dfen entdecken\"><\/div>\n\t<div class=\"ls-cta__title\">\n\t\tDie Lavendelstra\u00dfen\t<\/div>\n\n\t\t\n<\/a><\/div><\/div><div class=\"wp-block-column\"><div class='ls-cta'>\n\n<a href=\"https:\/\/chapelains.com\/de\/tourismus-drome\/\" target=\"\" rel=\"noopener\" class=\"ls-cta__link\">\n\n\t<div class=\"ls-cta__image\"><img decoding=\"async\" src=\"https:\/\/chapelains.com\/wp-content\/uploads\/2023\/10\/palais-du-facteur-cheval.webp\" alt=\"palast des faktors pferd\"><\/div>\n\t<div class=\"ls-cta__title\">\n\t\tSehensw\u00fcrdigkeiten in der Umgebung des Campingplatzes\t<\/div>\n\n\t\t\n<\/a><\/div><\/div><\/div><\/div>\n\r\n    <\/div>\r\n<\/section>","protected":false},"excerpt":{"rendered":"","protected":false},"author":1,"featured_media":7964,"parent":0,"menu_order":0,"comment_status":"closed","ping_status":"closed","template":"","meta":{"_acf_changed":false,"footnotes":""},"sujet":[],"class_list":["post-7646","page","type-page","status-publish","has-post-thumbnail","hentry"],"acf":[],"yoast_head":"<!-- This site is optimized with the Yoast SEO plugin v23.4 - https:\/\/yoast.com\/wordpress\/plugins\/seo\/ -->\n<title>Tourismus in Saillans | Sehensw\u00fcrdigkeiten, Ausflugsziele &amp; Stadtrundfahrten in Saillans<\/title>\n<meta name=\"robots\" content=\"index, follow, max-snippet:-1, max-image-preview:large, max-video-preview:-1\" \/>\n<link rel=\"canonical\" href=\"https:\/\/chapelains.com\/de\/tourismus-saillans\/\" \/>\n<meta property=\"og:locale\" content=\"de_DE\" \/>\n<meta property=\"og:type\" content=\"article\" \/>\n<meta property=\"og:title\" content=\"Tourismus in Saillans | Sehensw\u00fcrdigkeiten, Ausflugsziele &amp; Stadtrundfahrten in Saillans\" \/>\n<meta property=\"og:url\" content=\"https:\/\/chapelains.com\/de\/tourismus-saillans\/\" \/>\n<meta property=\"og:site_name\" content=\"Camping Les Chapelains\" \/>\n<meta property=\"article:modified_time\" content=\"2025-01-22T16:51:59+00:00\" \/>\n<meta property=\"og:image\" content=\"https:\/\/chapelains.com\/wp-content\/uploads\/2023\/10\/tourisme-visiter-saillans.webp\" \/>\n\t<meta property=\"og:image:width\" content=\"2000\" \/>\n\t<meta property=\"og:image:height\" content=\"521\" \/>\n\t<meta property=\"og:image:type\" content=\"image\/webp\" \/>\n<meta name=\"twitter:card\" content=\"summary_large_image\" \/>\n<meta name=\"twitter:label1\" content=\"Gesch\u00e4tzte Lesezeit\" \/>\n\t<meta name=\"twitter:data1\" content=\"2\u00a0Minuten\" \/>\n<script type=\"application\/ld+json\" class=\"yoast-schema-graph\">{\"@context\":\"https:\/\/schema.org\",\"@graph\":[{\"@type\":\"WebPage\",\"@id\":\"https:\/\/chapelains.com\/de\/tourismus-saillans\/\",\"url\":\"https:\/\/chapelains.com\/de\/tourismus-saillans\/\",\"name\":\"Tourismus in Saillans | Sehensw\u00fcrdigkeiten, Ausflugsziele & Stadtrundfahrten in Saillans\",\"isPartOf\":{\"@id\":\"https:\/\/chapelains.com\/de\/#website\"},\"primaryImageOfPage\":{\"@id\":\"https:\/\/chapelains.com\/de\/tourismus-saillans\/#primaryimage\"},\"image\":{\"@id\":\"https:\/\/chapelains.com\/de\/tourismus-saillans\/#primaryimage\"},\"thumbnailUrl\":\"https:\/\/chapelains.com\/wp-content\/uploads\/2023\/10\/tourisme-visiter-saillans.webp\",\"datePublished\":\"2023-03-10T08:53:45+00:00\",\"dateModified\":\"2025-01-22T16:51:59+00:00\",\"breadcrumb\":{\"@id\":\"https:\/\/chapelains.com\/de\/tourismus-saillans\/#breadcrumb\"},\"inLanguage\":\"de\",\"potentialAction\":[{\"@type\":\"ReadAction\",\"target\":[\"https:\/\/chapelains.com\/de\/tourismus-saillans\/\"]}]},{\"@type\":\"ImageObject\",\"inLanguage\":\"de\",\"@id\":\"https:\/\/chapelains.com\/de\/tourismus-saillans\/#primaryimage\",\"url\":\"https:\/\/chapelains.com\/wp-content\/uploads\/2023\/10\/tourisme-visiter-saillans.webp\",\"contentUrl\":\"https:\/\/chapelains.com\/wp-content\/uploads\/2023\/10\/tourisme-visiter-saillans.webp\",\"width\":2000,\"height\":521,\"caption\":\"tourismus besuchen saillans\"},{\"@type\":\"BreadcrumbList\",\"@id\":\"https:\/\/chapelains.com\/de\/tourismus-saillans\/#breadcrumb\",\"itemListElement\":[{\"@type\":\"ListItem\",\"position\":1,\"name\":\"Camping Dr\u00f4me\",\"item\":\"https:\/\/chapelains.com\/de\/\"},{\"@type\":\"ListItem\",\"position\":2,\"name\":\"Tourismus in Saillans\"}]},{\"@type\":\"WebSite\",\"@id\":\"https:\/\/chapelains.com\/de\/#website\",\"url\":\"https:\/\/chapelains.com\/de\/\",\"name\":\"Camping Les Chapelains\",\"description\":\"\",\"publisher\":{\"@id\":\"https:\/\/chapelains.com\/de\/#organization\"},\"potentialAction\":[{\"@type\":\"SearchAction\",\"target\":{\"@type\":\"EntryPoint\",\"urlTemplate\":\"https:\/\/chapelains.com\/de\/?s={search_term_string}\"},\"query-input\":{\"@type\":\"PropertyValueSpecification\",\"valueRequired\":true,\"valueName\":\"search_term_string\"}}],\"inLanguage\":\"de\"},{\"@type\":\"Organization\",\"@id\":\"https:\/\/chapelains.com\/de\/#organization\",\"name\":\"Camping Les Chapelains\",\"url\":\"https:\/\/chapelains.com\/de\/\",\"logo\":{\"@type\":\"ImageObject\",\"inLanguage\":\"de\",\"@id\":\"https:\/\/chapelains.com\/de\/#\/schema\/logo\/image\/\",\"url\":\"https:\/\/chapelains.com\/wp-content\/uploads\/2023\/03\/logo-camping-les-chapelains.png\",\"contentUrl\":\"https:\/\/chapelains.com\/wp-content\/uploads\/2023\/03\/logo-camping-les-chapelains.png\",\"width\":263,\"height\":170,\"caption\":\"Camping Les Chapelains\"},\"image\":{\"@id\":\"https:\/\/chapelains.com\/de\/#\/schema\/logo\/image\/\"}}]}<\/script>\n<!-- \/ Yoast SEO plugin. -->","yoast_head_json":{"title":"Tourismus in Saillans | Sehensw\u00fcrdigkeiten, Ausflugsziele & Stadtrundfahrten in Saillans","robots":{"index":"index","follow":"follow","max-snippet":"max-snippet:-1","max-image-preview":"max-image-preview:large","max-video-preview":"max-video-preview:-1"},"canonical":"https:\/\/chapelains.com\/de\/tourismus-saillans\/","og_locale":"de_DE","og_type":"article","og_title":"Tourismus in Saillans | Sehensw\u00fcrdigkeiten, Ausflugsziele & Stadtrundfahrten in Saillans","og_url":"https:\/\/chapelains.com\/de\/tourismus-saillans\/","og_site_name":"Camping Les Chapelains","article_modified_time":"2025-01-22T16:51:59+00:00","og_image":[{"width":2000,"height":521,"url":"https:\/\/chapelains.com\/wp-content\/uploads\/2023\/10\/tourisme-visiter-saillans.webp","type":"image\/webp"}],"twitter_card":"summary_large_image","twitter_misc":{"Gesch\u00e4tzte Lesezeit":"2\u00a0Minuten"},"schema":{"@context":"https:\/\/schema.org","@graph":[{"@type":"WebPage","@id":"https:\/\/chapelains.com\/de\/tourismus-saillans\/","url":"https:\/\/chapelains.com\/de\/tourismus-saillans\/","name":"Tourismus in Saillans | Sehensw\u00fcrdigkeiten, Ausflugsziele & Stadtrundfahrten in Saillans","isPartOf":{"@id":"https:\/\/chapelains.com\/de\/#website"},"primaryImageOfPage":{"@id":"https:\/\/chapelains.com\/de\/tourismus-saillans\/#primaryimage"},"image":{"@id":"https:\/\/chapelains.com\/de\/tourismus-saillans\/#primaryimage"},"thumbnailUrl":"https:\/\/chapelains.com\/wp-content\/uploads\/2023\/10\/tourisme-visiter-saillans.webp","datePublished":"2023-03-10T08:53:45+00:00","dateModified":"2025-01-22T16:51:59+00:00","breadcrumb":{"@id":"https:\/\/chapelains.com\/de\/tourismus-saillans\/#breadcrumb"},"inLanguage":"de","potentialAction":[{"@type":"ReadAction","target":["https:\/\/chapelains.com\/de\/tourismus-saillans\/"]}]},{"@type":"ImageObject","inLanguage":"de","@id":"https:\/\/chapelains.com\/de\/tourismus-saillans\/#primaryimage","url":"https:\/\/chapelains.com\/wp-content\/uploads\/2023\/10\/tourisme-visiter-saillans.webp","contentUrl":"https:\/\/chapelains.com\/wp-content\/uploads\/2023\/10\/tourisme-visiter-saillans.webp","width":2000,"height":521,"caption":"tourismus besuchen saillans"},{"@type":"BreadcrumbList","@id":"https:\/\/chapelains.com\/de\/tourismus-saillans\/#breadcrumb","itemListElement":[{"@type":"ListItem","position":1,"name":"Camping Dr\u00f4me","item":"https:\/\/chapelains.com\/de\/"},{"@type":"ListItem","position":2,"name":"Tourismus in Saillans"}]},{"@type":"WebSite","@id":"https:\/\/chapelains.com\/de\/#website","url":"https:\/\/chapelains.com\/de\/","name":"Camping Les Chapelains","description":"","publisher":{"@id":"https:\/\/chapelains.com\/de\/#organization"},"potentialAction":[{"@type":"SearchAction","target":{"@type":"EntryPoint","urlTemplate":"https:\/\/chapelains.com\/de\/?s={search_term_string}"},"query-input":{"@type":"PropertyValueSpecification","valueRequired":true,"valueName":"search_term_string"}}],"inLanguage":"de"},{"@type":"Organization","@id":"https:\/\/chapelains.com\/de\/#organization","name":"Camping Les Chapelains","url":"https:\/\/chapelains.com\/de\/","logo":{"@type":"ImageObject","inLanguage":"de","@id":"https:\/\/chapelains.com\/de\/#\/schema\/logo\/image\/","url":"https:\/\/chapelains.com\/wp-content\/uploads\/2023\/03\/logo-camping-les-chapelains.png","contentUrl":"https:\/\/chapelains.com\/wp-content\/uploads\/2023\/03\/logo-camping-les-chapelains.png","width":263,"height":170,"caption":"Camping Les Chapelains"},"image":{"@id":"https:\/\/chapelains.com\/de\/#\/schema\/logo\/image\/"}}]}},"_links":{"self":[{"href":"https:\/\/chapelains.com\/de\/wp-json\/wp\/v2\/pages\/7646","targetHints":{"allow":["GET"]}}],"collection":[{"href":"https:\/\/chapelains.com\/de\/wp-json\/wp\/v2\/pages"}],"about":[{"href":"https:\/\/chapelains.com\/de\/wp-json\/wp\/v2\/types\/page"}],"author":[{"embeddable":true,"href":"https:\/\/chapelains.com\/de\/wp-json\/wp\/v2\/users\/1"}],"replies":[{"embeddable":true,"href":"https:\/\/chapelains.com\/de\/wp-json\/wp\/v2\/comments?post=7646"}],"version-history":[{"count":12,"href":"https:\/\/chapelains.com\/de\/wp-json\/wp\/v2\/pages\/7646\/revisions"}],"predecessor-version":[{"id":8595,"href":"https:\/\/chapelains.com\/de\/wp-json\/wp\/v2\/pages\/7646\/revisions\/8595"}],"wp:featuredmedia":[{"embeddable":true,"href":"https:\/\/chapelains.com\/de\/wp-json\/wp\/v2\/media\/7964"}],"wp:attachment":[{"href":"https:\/\/chapelains.com\/de\/wp-json\/wp\/v2\/media?parent=7646"}],"wp:term":[{"taxonomy":"sujet","embeddable":true,"href":"https:\/\/chapelains.com\/de\/wp-json\/wp\/v2\/sujet?post=7646"}],"curies":[{"name":"wp","href":"https:\/\/api.w.org\/{rel}","templated":true}]}}