{"id":7650,"date":"2023-04-24T10:23:31","date_gmt":"2023-04-24T08:23:31","guid":{"rendered":"https:\/\/chapelains.com\/hausordnung\/"},"modified":"2023-10-25T16:16:28","modified_gmt":"2023-10-25T14:16:28","slug":"hausordnung","status":"publish","type":"page","link":"https:\/\/chapelains.com\/de\/hausordnung\/","title":{"rendered":"Gesch\u00e4ftsordnung"},"content":{"rendered":"<section id=\"ls-section-block_994da74bd0ac9ac1f727a179457fc1d2\" class=\"ls-section  has-p-b p-b-1\" >\r\n        <div class=\"container container--wide\">\r\n        \n\n<h1 class=\"ls__heading wp-block-heading has-text-align-center has-color-1-color has-text-color\">Gesch\u00e4ftsordnung<\/h1>\n\n\r\n    <\/div>\r\n<\/section><section id=\"ls-section-block_e129fbd5474a79e2155802769628bd78\" class=\"ls-section  has-m-b m-b-0 has-p-t p-t-1 has-p-b p-b-0\" >\r\n        <div class=\"container container--wide\">\r\n        \n\n<p class=\"ls-paragraph\">Version 3.0 vom 09.01.2023<\/p>\n\n\n\n<ol class=\"ls-list wp-block-list\">\n<li><strong>Bedingungen f\u00fcr die Aufnahme und den Aufenthalt<\/strong><\/li>\n<\/ol>\n\n\n\n<p class=\"ls-paragraph\">Um einen Campingplatz betreten, sich dort niederlassen oder sich dort aufhalten zu d\u00fcrfen, muss man vom Betreiber oder seinem Vertreter dazu erm\u00e4chtigt worden sein. Letzterer ist verpflichtet, f\u00fcr die gute Ordnung auf dem Campingplatz und die Einhaltung der vorliegenden Hausordnung zu sorgen.<\/p>\n\n\n\n<p class=\"ls-paragraph\">Der Aufenthalt auf dem Campingplatz bedeutet, dass du die Bestimmungen dieser Verordnung akzeptierst und dich verpflichtest, sie einzuhalten. Niemand kann dort einen Wohnsitz w\u00e4hlen.<\/p>\n\n\n\n<ol start=\"2\" class=\"ls-list wp-block-list\">\n<li><strong>Polizeiliche Formalit\u00e4ten<\/strong><\/li>\n<\/ol>\n\n\n\n<p class=\"ls-paragraph\">Minderj\u00e4hrige, die nicht von ihren Eltern begleitet werden, werden nur mit einer schriftlichen Erlaubnis der Eltern zugelassen. Gem\u00e4\u00df Artikel R. 611-35 des Code de l&#8217;entr\u00e9e et du s\u00e9jour des \u00e9trangers et du droit d&#8217;asile ist der Verwalter verpflichtet, den Gast mit ausl\u00e4ndischer Staatsangeh\u00f6rigkeit bei seiner Ankunft ein individuelles Polizeiformular ausf\u00fcllen und unterschreiben zu lassen. Sie muss insbesondere folgende Angaben enthalten: Name und Vornamen; Geburtsdatum und -ort; Staatsangeh\u00f6rigkeit; gew\u00f6hnlicher Wohnsitz. Kinder unter 15 Jahren k\u00f6nnen auf der Karteikarte eines Elternteils aufgef\u00fchrt werden.<\/p>\n\n\n\n<ol start=\"3\" class=\"ls-list wp-block-list\">\n<li><strong>Installation<\/strong><\/li>\n<\/ol>\n\n\n\n<p class=\"ls-paragraph\">Die Freiluftunterkunft und die dazugeh\u00f6rige Ausr\u00fcstung m\u00fcssen an dem angegebenen Standort gem\u00e4\u00df den vom Betreiber oder seinem Vertreter erteilten Anweisungen aufgestellt werden.<\/p>\n\n\n\n<ol start=\"4\" class=\"ls-list wp-block-list\">\n<li><strong>Empfangsb\u00fcro<\/strong><\/li>\n<\/ol>\n\n\n\n<p class=\"ls-paragraph\">Er ist von 8.30 bis 12.00 Uhr und von 14.30 bis 18.00 Uhr ge\u00f6ffnet. Im Empfangsb\u00fcro finden Sie alle Informationen \u00fcber die Dienstleistungen des Campingplatzes, die Versorgungsm\u00f6glichkeiten, die Sportanlagen, die Sehensw\u00fcrdigkeiten der Umgebung und verschiedene Adressen, die n\u00fctzlich sein k\u00f6nnen. Eventuelle Beschwerden k\u00f6nnen direkt am Empfangsb\u00fcro oder per E-Mail oder Post vorgebracht werden.<\/p>\n\n\n\n<ol start=\"5\" class=\"ls-list wp-block-list\">\n<li><strong>Anzeige<\/strong><\/li>\n<\/ol>\n\n\n\n<p class=\"ls-paragraph\">Die vorliegende Hausordnung wird am Eingang des Campingplatzes und im Empfangsb\u00fcro ausgeh\u00e4ngt. Er wird jedem Klienten auf Wunsch ausgeh\u00e4ndigt. Die Preise f\u00fcr die verschiedenen Leistungen werden den Kunden unter den Bedingungen mitgeteilt, die durch einen Erlass des f\u00fcr Verbraucherfragen zust\u00e4ndigen Ministers festgelegt werden, und sind an der Rezeption einsehbar.<\/p>\n\n\n\n<ol start=\"6\" class=\"ls-list wp-block-list\">\n<li><strong>Modalit\u00e4ten der Ausreise<\/strong><\/li>\n<\/ol>\n\n\n\n<p class=\"ls-paragraph\">Die G\u00e4ste werden gebeten, die Rezeption bereits am Tag vor ihrer Abreise \u00fcber ihre Abreise zu informieren. G\u00e4ste, die beabsichtigen, vor der \u00d6ffnungszeit des Empfangsb\u00fcros abzureisen, m\u00fcssen die Zahlung f\u00fcr ihren Aufenthalt am Vortag vornehmen.<\/p>\n\n\n\n<ol start=\"7\" class=\"ls-list wp-block-list\">\n<li><strong>L\u00e4rm und Stille<\/strong><\/li>\n<\/ol>\n\n\n\n<p class=\"ls-paragraph\">Die G\u00e4ste werden gebeten, alle Ger\u00e4usche und Diskussionen zu vermeiden, die ihre Nachbarn st\u00f6ren k\u00f6nnten. Tonger\u00e4te m\u00fcssen entsprechend eingestellt werden. Die Verschl\u00fcsse von T\u00fcren und Kofferr\u00e4umen sollten so unauff\u00e4llig wie m\u00f6glich sein. Hunde und andere Tiere d\u00fcrfen niemals frei herumlaufen. Sie d\u00fcrfen nicht auf dem Campingplatz zur\u00fcckgelassen werden, auch nicht eingesperrt, wenn ihre Besitzer abwesend sind, die zivilrechtlich f\u00fcr sie verantwortlich sind. Zwischen 23.00 und 7.00 Uhr muss absolute Ruhe herrschen. W\u00e4hrend dieses Zeitfensters ist es obligatorisch, dass jeder das Recht seiner Nachbarn auf Schlaf und Ruhe respektiert.<\/p>\n\n\n\n<ol start=\"8\" class=\"ls-list wp-block-list\">\n<li><strong>Besucher<\/strong><\/li>\n<\/ol>\n\n\n\n<p class=\"ls-paragraph\">Nach der Genehmigung durch den Verwalter oder seinen Vertreter d\u00fcrfen Besucher auf dem Campingplatz unter der Verantwortung der Camper, die sie empfangen, eingelassen werden. Der Klient kann einen oder mehrere Besucher an der Rezeption empfangen. Die Leistungen und Einrichtungen des Campingplatzes sind f\u00fcr Besucher zug\u00e4nglich. Die Nutzung dieser Einrichtungen kann jedoch nach einem Tarif kostenpflichtig sein, der am Eingang des Campingplatzes und am Empfangsb\u00fcro ausgeh\u00e4ngt werden muss. Autos von Besuchern sind auf dem Zeltplatz nicht erlaubt.<\/p>\n\n\n\n<ol start=\"9\" class=\"ls-list wp-block-list\">\n<li><strong>Verkehr und Parken von Fahrzeugen<\/strong><\/li>\n<\/ol>\n\n\n\n<p class=\"ls-paragraph\">Innerhalb des Campingplatzes d\u00fcrfen Fahrzeuge nur mit begrenzter Geschwindigkeit fahren. Der Verkehr ist von 7 Uhr bis 22.30 Uhr erlaubt. Auf dem Campingplatz d\u00fcrfen nur Fahrzeuge verkehren, die den Campern geh\u00f6ren, die sich dort aufhalten. Das Parken ist auf den \u00fcblicherweise von den Unterk\u00fcnften belegten Pl\u00e4tzen strengstens verboten, au\u00dfer wenn ein Parkplatz daf\u00fcr vorgesehen wurde. Das Parken darf den Verkehr nicht behindern oder die Ansiedlung von Neuank\u00f6mmlingen verhindern.<\/p>\n\n\n\n<ol start=\"10\" class=\"ls-list wp-block-list\">\n<li><strong>Haltung und Aussehen der Einrichtungen<\/strong><\/li>\n<\/ol>\n\n\n\n<p class=\"ls-paragraph\">Jeder ist verpflichtet, alles zu unterlassen, was die Sauberkeit, die Hygiene und das Aussehen des Campingplatzes und seiner Einrichtungen, insbesondere der sanit\u00e4ren Anlagen, beeintr\u00e4chtigen k\u00f6nnte. Es ist verboten, Abwasser auf den Boden oder in die Rinnsteine zu werfen. Die G\u00e4ste m\u00fcssen das Abwasser in die daf\u00fcr vorgesehenen Einrichtungen entleeren. Hausm\u00fcll, Abf\u00e4lle aller Art und Papier m\u00fcssen in den M\u00fclleimern auf dem Parkplatz vor dem Eingang des Campingplatzes entsorgt werden. Das Waschen au\u00dferhalb der daf\u00fcr vorgesehenen Beh\u00e4lter ist strengstens verboten. Anpflanzungen und Blumenschmuck m\u00fcssen respektiert werden. Es ist verboten, N\u00e4gel in B\u00e4ume zu schlagen, \u00c4ste abzuschneiden oder Anpflanzungen vorzunehmen. Es ist nicht erlaubt, den Standort einer Einrichtung mit pers\u00f6nlichen Mitteln abzugrenzen oder den Boden auszuheben. Jede Reparatur von Sch\u00e4den, die an der Vegetation, den Z\u00e4unen, dem Gel\u00e4nde oder den Einrichtungen des Campingplatzes begangen werden, geht zu Lasten des Verursachers. Der Stellplatz, der w\u00e4hrend des Aufenthalts genutzt wird, muss in dem Zustand erhalten bleiben, in dem der Camper ihn bei seinem Einzug vorgefunden hat.<\/p>\n\n\n\n<ol start=\"11\" class=\"ls-list wp-block-list\">\n<li><strong>Sicherheit<\/strong><\/li>\n<\/ol>\n\n\n\n<p class=\"ls-paragraph\">Ein Erste-Hilfe-Kasten f\u00fcr den Notfall befindet sich im Empfangsb\u00fcro.<\/p>\n\n\n\n<p class=\"ls-paragraph\">a) Feuer. Die Benutzung von Holzkohlegrills ist auf dem Gel\u00e4nde des Campingplatzes sowie in der Rami\u00e8re, am Flussufer oder im Flussbett strengstens untersagt. Gasgrills mit Deckel sind erlaubt, wobei sich die Campingplatzleitung das Recht vorbeh\u00e4lt, die Benutzung bei Vorliegen eines triftigen Grundes vor\u00fcbergehend zu verbieten. Offenes Feuer ist auf dem Gel\u00e4nde des Campingplatzes, in der Rami\u00e8re, am Flussufer oder im Flussbett strengstens verboten. Kocher m\u00fcssen in einem guten Betriebszustand gehalten werden und d\u00fcrfen nicht unter gef\u00e4hrlichen Bedingungen verwendet werden. Im Falle eines Brandes benachrichtigen Sie sofort die Schulleitung. Feuerl\u00f6scher k\u00f6nnen bei Bedarf benutzt werden.<\/p>\n\n\n\n<p class=\"ls-paragraph\">b) Vol. Die Direktion ist f\u00fcr die im B\u00fcro deponierten Gegenst\u00e4nde verantwortlich und hat eine allgemeine Aufsichtspflicht f\u00fcr den Campingplatz. Der Camper beh\u00e4lt die Verantwortung f\u00fcr seine eigene Einrichtung und muss dem Verantwortlichen die Anwesenheit verd\u00e4chtiger Personen melden. Die Kundinnen und Kunden werden gebeten, die \u00fcblichen Vorsichtsma\u00dfnahmen zur Sicherung ihrer Ger\u00e4te zu treffen.<\/p>\n\n\n\n<p class=\"ls-paragraph\">c) Elektrizit\u00e4t. Es ist strengstens verboten, ein anderes Elektrofahrzeug als ein Fahrrad an einer Steckdose des Campingplatzes aufzuladen, ganz gleich, um welche Art von Strom es sich handelt und f\u00fcr welche Dauer. Das Aufladen von Elektrofahrzeugen ist aus Sicherheitsgr\u00fcnden strengstens untersagt. Die Verwendung von tragbaren Klimaanlagen, elektrischen Grills, elektrischen Planchas und elektrischen Kochplatten ist strengstens verboten.<\/p>\n\n\n\n<p class=\"ls-paragraph\"><strong>12. Spiele<\/strong><\/p>\n\n\n\n<p class=\"ls-paragraph\">In der N\u00e4he der Einrichtungen d\u00fcrfen keine gewaltt\u00e4tigen oder st\u00f6renden Spiele veranstaltet werden. Der Versammlungsraum darf nicht f\u00fcr bewegte Spiele genutzt werden. Kinder m\u00fcssen immer von ihren Eltern beaufsichtigt werden.<\/p>\n\n\n\n<ol start=\"13\" class=\"ls-list wp-block-list\">\n<li><strong>Tote Garage<\/strong><\/li>\n<\/ol>\n\n\n\n<p class=\"ls-paragraph\">Unbesetztes Material darf nur nach Absprache mit der Schulleitung und nur an der angegebenen Stelle auf dem Platz zur\u00fcckgelassen werden. Diese Leistung kann kostenpflichtig sein.<\/p>\n\n\n\n<ol start=\"14\" class=\"ls-list wp-block-list\">\n<li><strong>Versto\u00df gegen die Hausordnung<\/strong><\/li>\n<\/ol>\n\n\n\n<p class=\"ls-paragraph\">Falls ein Bewohner den Aufenthalt der anderen Nutzer st\u00f6rt oder die Bestimmungen der vorliegenden Hausordnung nicht einh\u00e4lt, kann der Verwalter oder sein Vertreter den Bewohner m\u00fcndlich oder schriftlich, wenn er es f\u00fcr n\u00f6tig h\u00e4lt, auffordern, die St\u00f6rungen zu unterlassen. Im Falle eines schwerwiegenden oder wiederholten Versto\u00dfes gegen die Hausordnung und nach einer Aufforderung durch den Verwalter, diese einzuhalten, kann dieser den Vertrag k\u00fcndigen. Im Falle eines strafrechtlichen Versto\u00dfes kann der Verwalter die Ordnungskr\u00e4fte heranziehen=.<\/p>\n\n\r\n    <\/div>\r\n<\/section>","protected":false},"excerpt":{"rendered":"","protected":false},"author":1,"featured_media":0,"parent":0,"menu_order":0,"comment_status":"closed","ping_status":"closed","template":"","meta":{"_acf_changed":false,"footnotes":""},"sujet":[],"class_list":["post-7650","page","type-page","status-publish","hentry"],"acf":[],"yoast_head":"<!-- This site is optimized with the Yoast SEO plugin v23.4 - https:\/\/yoast.com\/wordpress\/plugins\/seo\/ -->\n<title>Gesch\u00e4ftsordnung - Camping Les Chapelains<\/title>\n<meta name=\"robots\" content=\"index, follow, max-snippet:-1, max-image-preview:large, max-video-preview:-1\" \/>\n<link rel=\"canonical\" href=\"https:\/\/chapelains.com\/de\/hausordnung\/\" \/>\n<meta property=\"og:locale\" content=\"de_DE\" \/>\n<meta property=\"og:type\" content=\"article\" \/>\n<meta property=\"og:title\" content=\"Gesch\u00e4ftsordnung - Camping Les Chapelains\" \/>\n<meta property=\"og:url\" content=\"https:\/\/chapelains.com\/de\/hausordnung\/\" \/>\n<meta property=\"og:site_name\" content=\"Camping Les Chapelains\" \/>\n<meta property=\"article:modified_time\" content=\"2023-10-25T14:16:28+00:00\" \/>\n<meta name=\"twitter:card\" content=\"summary_large_image\" \/>\n<meta name=\"twitter:label1\" content=\"Gesch\u00e4tzte Lesezeit\" \/>\n\t<meta name=\"twitter:data1\" content=\"6\u00a0Minuten\" \/>\n<script type=\"application\/ld+json\" class=\"yoast-schema-graph\">{\"@context\":\"https:\/\/schema.org\",\"@graph\":[{\"@type\":\"WebPage\",\"@id\":\"https:\/\/chapelains.com\/de\/hausordnung\/\",\"url\":\"https:\/\/chapelains.com\/de\/hausordnung\/\",\"name\":\"Gesch\u00e4ftsordnung - Camping Les Chapelains\",\"isPartOf\":{\"@id\":\"https:\/\/chapelains.com\/de\/#website\"},\"datePublished\":\"2023-04-24T08:23:31+00:00\",\"dateModified\":\"2023-10-25T14:16:28+00:00\",\"breadcrumb\":{\"@id\":\"https:\/\/chapelains.com\/de\/hausordnung\/#breadcrumb\"},\"inLanguage\":\"de\",\"potentialAction\":[{\"@type\":\"ReadAction\",\"target\":[\"https:\/\/chapelains.com\/de\/hausordnung\/\"]}]},{\"@type\":\"BreadcrumbList\",\"@id\":\"https:\/\/chapelains.com\/de\/hausordnung\/#breadcrumb\",\"itemListElement\":[{\"@type\":\"ListItem\",\"position\":1,\"name\":\"Camping Dr\u00f4me\",\"item\":\"https:\/\/chapelains.com\/de\/\"},{\"@type\":\"ListItem\",\"position\":2,\"name\":\"Gesch\u00e4ftsordnung\"}]},{\"@type\":\"WebSite\",\"@id\":\"https:\/\/chapelains.com\/de\/#website\",\"url\":\"https:\/\/chapelains.com\/de\/\",\"name\":\"Camping Les Chapelains\",\"description\":\"\",\"publisher\":{\"@id\":\"https:\/\/chapelains.com\/de\/#organization\"},\"potentialAction\":[{\"@type\":\"SearchAction\",\"target\":{\"@type\":\"EntryPoint\",\"urlTemplate\":\"https:\/\/chapelains.com\/de\/?s={search_term_string}\"},\"query-input\":{\"@type\":\"PropertyValueSpecification\",\"valueRequired\":true,\"valueName\":\"search_term_string\"}}],\"inLanguage\":\"de\"},{\"@type\":\"Organization\",\"@id\":\"https:\/\/chapelains.com\/de\/#organization\",\"name\":\"Camping Les Chapelains\",\"url\":\"https:\/\/chapelains.com\/de\/\",\"logo\":{\"@type\":\"ImageObject\",\"inLanguage\":\"de\",\"@id\":\"https:\/\/chapelains.com\/de\/#\/schema\/logo\/image\/\",\"url\":\"https:\/\/chapelains.com\/wp-content\/uploads\/2023\/03\/logo-camping-les-chapelains.png\",\"contentUrl\":\"https:\/\/chapelains.com\/wp-content\/uploads\/2023\/03\/logo-camping-les-chapelains.png\",\"width\":263,\"height\":170,\"caption\":\"Camping Les Chapelains\"},\"image\":{\"@id\":\"https:\/\/chapelains.com\/de\/#\/schema\/logo\/image\/\"}}]}<\/script>\n<!-- \/ Yoast SEO plugin. -->","yoast_head_json":{"title":"Gesch\u00e4ftsordnung - Camping Les Chapelains","robots":{"index":"index","follow":"follow","max-snippet":"max-snippet:-1","max-image-preview":"max-image-preview:large","max-video-preview":"max-video-preview:-1"},"canonical":"https:\/\/chapelains.com\/de\/hausordnung\/","og_locale":"de_DE","og_type":"article","og_title":"Gesch\u00e4ftsordnung - Camping Les Chapelains","og_url":"https:\/\/chapelains.com\/de\/hausordnung\/","og_site_name":"Camping Les Chapelains","article_modified_time":"2023-10-25T14:16:28+00:00","twitter_card":"summary_large_image","twitter_misc":{"Gesch\u00e4tzte Lesezeit":"6\u00a0Minuten"},"schema":{"@context":"https:\/\/schema.org","@graph":[{"@type":"WebPage","@id":"https:\/\/chapelains.com\/de\/hausordnung\/","url":"https:\/\/chapelains.com\/de\/hausordnung\/","name":"Gesch\u00e4ftsordnung - Camping Les Chapelains","isPartOf":{"@id":"https:\/\/chapelains.com\/de\/#website"},"datePublished":"2023-04-24T08:23:31+00:00","dateModified":"2023-10-25T14:16:28+00:00","breadcrumb":{"@id":"https:\/\/chapelains.com\/de\/hausordnung\/#breadcrumb"},"inLanguage":"de","potentialAction":[{"@type":"ReadAction","target":["https:\/\/chapelains.com\/de\/hausordnung\/"]}]},{"@type":"BreadcrumbList","@id":"https:\/\/chapelains.com\/de\/hausordnung\/#breadcrumb","itemListElement":[{"@type":"ListItem","position":1,"name":"Camping Dr\u00f4me","item":"https:\/\/chapelains.com\/de\/"},{"@type":"ListItem","position":2,"name":"Gesch\u00e4ftsordnung"}]},{"@type":"WebSite","@id":"https:\/\/chapelains.com\/de\/#website","url":"https:\/\/chapelains.com\/de\/","name":"Camping Les Chapelains","description":"","publisher":{"@id":"https:\/\/chapelains.com\/de\/#organization"},"potentialAction":[{"@type":"SearchAction","target":{"@type":"EntryPoint","urlTemplate":"https:\/\/chapelains.com\/de\/?s={search_term_string}"},"query-input":{"@type":"PropertyValueSpecification","valueRequired":true,"valueName":"search_term_string"}}],"inLanguage":"de"},{"@type":"Organization","@id":"https:\/\/chapelains.com\/de\/#organization","name":"Camping Les Chapelains","url":"https:\/\/chapelains.com\/de\/","logo":{"@type":"ImageObject","inLanguage":"de","@id":"https:\/\/chapelains.com\/de\/#\/schema\/logo\/image\/","url":"https:\/\/chapelains.com\/wp-content\/uploads\/2023\/03\/logo-camping-les-chapelains.png","contentUrl":"https:\/\/chapelains.com\/wp-content\/uploads\/2023\/03\/logo-camping-les-chapelains.png","width":263,"height":170,"caption":"Camping Les Chapelains"},"image":{"@id":"https:\/\/chapelains.com\/de\/#\/schema\/logo\/image\/"}}]}},"_links":{"self":[{"href":"https:\/\/chapelains.com\/de\/wp-json\/wp\/v2\/pages\/7650","targetHints":{"allow":["GET"]}}],"collection":[{"href":"https:\/\/chapelains.com\/de\/wp-json\/wp\/v2\/pages"}],"about":[{"href":"https:\/\/chapelains.com\/de\/wp-json\/wp\/v2\/types\/page"}],"author":[{"embeddable":true,"href":"https:\/\/chapelains.com\/de\/wp-json\/wp\/v2\/users\/1"}],"replies":[{"embeddable":true,"href":"https:\/\/chapelains.com\/de\/wp-json\/wp\/v2\/comments?post=7650"}],"version-history":[{"count":1,"href":"https:\/\/chapelains.com\/de\/wp-json\/wp\/v2\/pages\/7650\/revisions"}],"predecessor-version":[{"id":7651,"href":"https:\/\/chapelains.com\/de\/wp-json\/wp\/v2\/pages\/7650\/revisions\/7651"}],"wp:attachment":[{"href":"https:\/\/chapelains.com\/de\/wp-json\/wp\/v2\/media?parent=7650"}],"wp:term":[{"taxonomy":"sujet","embeddable":true,"href":"https:\/\/chapelains.com\/de\/wp-json\/wp\/v2\/sujet?post=7650"}],"curies":[{"name":"wp","href":"https:\/\/api.w.org\/{rel}","templated":true}]}}