{"id":7662,"date":"2023-04-13T16:05:36","date_gmt":"2023-04-13T14:05:36","guid":{"rendered":"https:\/\/chapelains.com\/rechtliche-hinweise\/"},"modified":"2025-01-22T17:42:16","modified_gmt":"2025-01-22T16:42:16","slug":"rechtliche-hinweise","status":"publish","type":"page","link":"https:\/\/chapelains.com\/de\/rechtliche-hinweise\/","title":{"rendered":"Rechtliche Hinweise"},"content":{"rendered":"<section id=\"ls-section-block_4d299841183ed225bab1c0d06b2dbf85\" class=\"ls-section  block-text\" >\r\n        <div class=\"container container--wide\">\r\n        \n\n<h1 class=\"ls__heading wp-block-heading has-text-align-center\">Rechtliche Hinweise<\/h1>\n\n\n\n<h2 class=\"ls__heading wp-block-heading\">Verantwortlich f\u00fcr die Seite<\/h2>\n\n\n\n<p class=\"ls-paragraph\"><strong>CAMPING LES CHAPELAINS \u2605\u2605<\/strong><br\/>SAS SANTIAGO <br\/>1105 avenue Georges Coupois<br\/>F-26340 SAILLANS<br\/>Tel. <a href=\"tel:%2B33%204%2075%2021%2055%2047\" target=\"_blank\" rel=\"noreferrer noopener\">+33 4 75 21 55 47<\/a><br\/>email: <strong>bonjour@chapelains.com<\/strong><br\/>SAS mit einem Kapital von 20.000 \u20ac<br\/>SIRET: 823 801 501 00011<br\/>Intrakommunale Mehrwertsteuer: FR06 823 801 501<br\/>Verantwortlich f\u00fcr die Ver\u00f6ffentlichung: Jean-Michel Pluvinage<\/p>\n\n\n\n<h2 class=\"ls__heading wp-block-heading\">REALISIERUNG<\/h2>\n\n\n\n<p class=\"ls-paragraph\"><strong>GEEK TONIC<\/strong><br\/>Vertreten durch Herrn Yohan Darmayan in seiner Eigenschaft als Gesch\u00e4ftsf\u00fchrer<br\/>Gesch\u00e4ftssitz: 50 avenue du Lac Marion, 64200 Biarritz<br\/>Tel.: 05 32 74 11 52<br\/>E-mail: support@geek-tonic.com<br\/>Website: <a href=\"https:\/\/www.geek-tonic.com\/\">www.geek-tonic.com<\/a><br\/>SIRET: 89746755100015<br\/>APE: 6201Z<\/p>\n\n\n\n<h2 class=\"ls__heading wp-block-heading\">URHEBERRECHTE UND COPYRIGHTS<\/h2>\n\n\n\n<p class=\"ls-paragraph\">Der gesamte Inhalt dieser Website unterliegt dem Urheberrecht sowie dem geistigen Eigentum der franz\u00f6sischen Gesetzgebung. Die Vervielf\u00e4ltigung der gesamten oder eines Teils der Website auf einem elektronischen Datentr\u00e4ger in einem Papier- oder elektronischen Format ist untersagt. GEEK TONIC \u00fcbernimmt keine Verantwortung f\u00fcr den Inhalt auf der Website. GEEK TONIC \u00fcbernimmt auch keine Verantwortung f\u00fcr externe Links, die auf die vorliegende Seite verweisen.<\/p>\n\n\n\n<h3 class=\"ls__heading wp-block-heading has-color-2-color has-text-color\">Fotos<\/h3>\n\n\n\n<p class=\"ls-paragraph\">Die auf dieser Website verwendeten Bilder und Fotografien unterliegen dem Urheberrecht und werden mit Genehmigung der jeweiligen Inhaber dieser Rechte verwendet. Die meisten Fotos auf der Website <a href=\"https:\/\/chapelains.com\/de\/\">https:\/\/chapelains.com\/<\/a> sind Eigentum des Campingplatzes Les Chapelains, der Webagentur Geek Tonic oder des Office de Tourisme de la Dr\u00f4me.<\/p>\n\n\n\n<ul class=\"ls-list wp-block-list\">\n<li>Die Fotografien, die Eigentum des Campingplatzes Les Chapelains sind, d\u00fcrfen ohne vorherige schriftliche Genehmigung des Campingplatzes nicht reproduziert, ver\u00e4ndert, \u00fcbertragen oder in irgendeiner Weise wiederverwendet werden.<\/li>\n\n\n\n<li>Einige Fotos wurden von Geek Tonic zur Verf\u00fcgung gestellt und werden von Camping Les Chapelains mit Erlaubnis verwendet. Jegliche Weiterverwendung dieser Bilder durch Dritte ist ohne ausdr\u00fcckliche Zustimmung von Geek Tonic strengstens untersagt.<\/li>\n\n\n\n<li>Andere Bilder sind Eigentum der Agence d&#8217;attractivit\u00e9 de la Dr\u00f4me, zug\u00e4nglich \u00fcber <a href=\"https:\/\/phototheque.ladrometourisme.com\/\" target=\"_blank\" rel=\"noreferrer noopener\">https:\/\/phototheque.ladrometourisme.com\/<\/a>, und werden gem\u00e4\u00df den von der Agentur angegebenen Bedingungen verwendet. Fotocredits werden ggf. gem\u00e4\u00df den Richtlinien der Agentur f\u00fcr Attraktivit\u00e4t angegeben. F\u00fcr Anfragen bez\u00fcglich ihrer Nutzung wenden Sie sich bitte direkt an die Agence d&#8217;Attractivit\u00e9 de la Dr\u00f4me.<\/li>\n<\/ul>\n\n\n\n<h3 class=\"ls__heading wp-block-heading has-color-2-color has-text-color\">Icons<\/h3>\n\n\n\n<p class=\"ls-paragraph\">Die auf der Website vorhandenen Icons sind das ausschlie\u00dfliche Eigentum von Geek Tonic, das die Nutzungsrechte an Camping Les Chapelains im Rahmen seiner T\u00e4tigkeit und f\u00fcr eine strikt an die Website gebundene Nutzung \u00fcbertr\u00e4gt. Jede Vervielf\u00e4ltigung, Nutzung, \u00c4nderung oder Verbreitung der Icons ohne die vorherige schriftliche Genehmigung von Geek Tonic ist strengstens untersagt.<\/p>\n\n\n\n<h3 class=\"ls__heading wp-block-heading has-color-2-color has-text-color\">Herunterladbare Dokumente<\/h3>\n\n\n\n<p class=\"ls-paragraph\">Die herunterladbaren Dokumente auf der Website sind Eigentum des Campingplatzes Les Chapelains. Diese Dokumente k\u00f6nnen von den Nutzern der Website zu Informationszwecken und ausschlie\u00dflich f\u00fcr den pers\u00f6nlichen Gebrauch zum Herunterladen bereitgestellt werden. Jede andere Verwendung, \u00c4nderung, Verteilung oder Vervielf\u00e4ltigung dieser Dokumente, in welcher Form auch immer, ist ohne vorherige schriftliche Genehmigung von Camping Les Chapelains strengstens untersagt.<\/p>\n\n\n\n<p class=\"ls-paragraph\">Wenn Sie um Erlaubnis bitten oder eine unerlaubte Nutzung des Materials auf unserer Website melden m\u00f6chten, wenden Sie sich bitte an Camping Les Chapelains \u00fcber die Kontaktdaten, die im Abschnitt &#8222;Kontakt&#8220; des Impressums angegeben sind.<\/p>\n\n\n\n<h2 class=\"ls__heading wp-block-heading\" id=\"m-t-6\">PERS\u00d6NLICHE DATEN UND NAMENTLICHE INFORMATIONEN<\/h2>\n\n\n\n<p class=\"ls-paragraph\">Sie haben ein Recht auf Zugang, \u00c4nderung, Berichtigung und L\u00f6schung der Sie betreffenden Daten gem\u00e4\u00df Artikel 34 des Gesetzes &#8222;Informatique et Libert\u00e9s&#8220; Nr. 78-17 vom 6. Januar 1978, ge\u00e4ndert am 6. August 2018. Um dieses Recht auf Zugang zu entfalten, k\u00f6nnen Sie dies durch eine einfache schriftliche Anfrage an den Herausgeber der Website tun.<\/p>\n\n\n\n<h2 class=\"ls__heading wp-block-heading\">LEGISLATION<\/h2>\n\n\n\n<p class=\"ls-paragraph\">Gem\u00e4\u00df dem Gesetz vom 11. M\u00e4rz 1957 (Art. 41) und dem Gesetz \u00fcber geistiges Eigentum vom 1. Juli 1992 ist es verboten, einen Teil der Website ohne vorherige Genehmigung des Herausgebers der Website teilweise oder vollst\u00e4ndig zu vervielf\u00e4ltigen. Logos, Visualisierungen, Fotos, Videos, Grafikcharts und Texte sind Eigentum ihrer jeweiligen Besitzer. Diese Website kann ohne ihr Wissen mit anderen Websites \u00fcber Hypermedia-Links verbunden worden sein. Der Herausgeber der Website \u00fcbernimmt keine Verantwortung f\u00fcr die Informationen, die auf diesen anderen Websites dargestellt werden. Der Internetnutzer erkennt an, dass die Nutzung dieser Website dem franz\u00f6sischen Recht unterliegt.<\/p>\n\n\r\n    <\/div>\r\n<\/section>","protected":false},"excerpt":{"rendered":"","protected":false},"author":1,"featured_media":0,"parent":0,"menu_order":0,"comment_status":"closed","ping_status":"closed","template":"","meta":{"_acf_changed":false,"footnotes":""},"sujet":[],"class_list":["post-7662","page","type-page","status-publish","hentry"],"acf":[],"yoast_head":"<!-- This site is optimized with the Yoast SEO plugin v23.4 - https:\/\/yoast.com\/wordpress\/plugins\/seo\/ -->\n<title>Rechtliche Hinweise - Camping Les Chapelains<\/title>\n<meta name=\"robots\" content=\"noindex, nofollow\" \/>\n<meta property=\"og:locale\" content=\"de_DE\" \/>\n<meta property=\"og:type\" content=\"article\" \/>\n<meta property=\"og:title\" content=\"Rechtliche Hinweise - Camping Les Chapelains\" \/>\n<meta property=\"og:url\" content=\"https:\/\/chapelains.com\/de\/rechtliche-hinweise\/\" \/>\n<meta property=\"og:site_name\" content=\"Camping Les Chapelains\" \/>\n<meta property=\"article:modified_time\" content=\"2025-01-22T16:42:16+00:00\" \/>\n<meta name=\"twitter:card\" content=\"summary_large_image\" \/>\n<meta name=\"twitter:label1\" content=\"Gesch\u00e4tzte Lesezeit\" \/>\n\t<meta name=\"twitter:data1\" content=\"3\u00a0Minuten\" \/>\n<script type=\"application\/ld+json\" class=\"yoast-schema-graph\">{\"@context\":\"https:\/\/schema.org\",\"@graph\":[{\"@type\":\"WebPage\",\"@id\":\"https:\/\/chapelains.com\/de\/rechtliche-hinweise\/\",\"url\":\"https:\/\/chapelains.com\/de\/rechtliche-hinweise\/\",\"name\":\"Rechtliche Hinweise - Camping Les Chapelains\",\"isPartOf\":{\"@id\":\"https:\/\/chapelains.com\/de\/#website\"},\"datePublished\":\"2023-04-13T14:05:36+00:00\",\"dateModified\":\"2025-01-22T16:42:16+00:00\",\"breadcrumb\":{\"@id\":\"https:\/\/chapelains.com\/de\/rechtliche-hinweise\/#breadcrumb\"},\"inLanguage\":\"de\",\"potentialAction\":[{\"@type\":\"ReadAction\",\"target\":[\"https:\/\/chapelains.com\/de\/rechtliche-hinweise\/\"]}]},{\"@type\":\"BreadcrumbList\",\"@id\":\"https:\/\/chapelains.com\/de\/rechtliche-hinweise\/#breadcrumb\",\"itemListElement\":[{\"@type\":\"ListItem\",\"position\":1,\"name\":\"Camping Dr\u00f4me\",\"item\":\"https:\/\/chapelains.com\/de\/\"},{\"@type\":\"ListItem\",\"position\":2,\"name\":\"Rechtliche Hinweise\"}]},{\"@type\":\"WebSite\",\"@id\":\"https:\/\/chapelains.com\/de\/#website\",\"url\":\"https:\/\/chapelains.com\/de\/\",\"name\":\"Camping Les Chapelains\",\"description\":\"\",\"publisher\":{\"@id\":\"https:\/\/chapelains.com\/de\/#organization\"},\"potentialAction\":[{\"@type\":\"SearchAction\",\"target\":{\"@type\":\"EntryPoint\",\"urlTemplate\":\"https:\/\/chapelains.com\/de\/?s={search_term_string}\"},\"query-input\":{\"@type\":\"PropertyValueSpecification\",\"valueRequired\":true,\"valueName\":\"search_term_string\"}}],\"inLanguage\":\"de\"},{\"@type\":\"Organization\",\"@id\":\"https:\/\/chapelains.com\/de\/#organization\",\"name\":\"Camping Les Chapelains\",\"url\":\"https:\/\/chapelains.com\/de\/\",\"logo\":{\"@type\":\"ImageObject\",\"inLanguage\":\"de\",\"@id\":\"https:\/\/chapelains.com\/de\/#\/schema\/logo\/image\/\",\"url\":\"https:\/\/chapelains.com\/wp-content\/uploads\/2023\/03\/logo-camping-les-chapelains.png\",\"contentUrl\":\"https:\/\/chapelains.com\/wp-content\/uploads\/2023\/03\/logo-camping-les-chapelains.png\",\"width\":263,\"height\":170,\"caption\":\"Camping Les Chapelains\"},\"image\":{\"@id\":\"https:\/\/chapelains.com\/de\/#\/schema\/logo\/image\/\"}}]}<\/script>\n<!-- \/ Yoast SEO plugin. -->","yoast_head_json":{"title":"Rechtliche Hinweise - Camping Les Chapelains","robots":{"index":"noindex","follow":"nofollow"},"og_locale":"de_DE","og_type":"article","og_title":"Rechtliche Hinweise - Camping Les Chapelains","og_url":"https:\/\/chapelains.com\/de\/rechtliche-hinweise\/","og_site_name":"Camping Les Chapelains","article_modified_time":"2025-01-22T16:42:16+00:00","twitter_card":"summary_large_image","twitter_misc":{"Gesch\u00e4tzte Lesezeit":"3\u00a0Minuten"},"schema":{"@context":"https:\/\/schema.org","@graph":[{"@type":"WebPage","@id":"https:\/\/chapelains.com\/de\/rechtliche-hinweise\/","url":"https:\/\/chapelains.com\/de\/rechtliche-hinweise\/","name":"Rechtliche Hinweise - Camping Les Chapelains","isPartOf":{"@id":"https:\/\/chapelains.com\/de\/#website"},"datePublished":"2023-04-13T14:05:36+00:00","dateModified":"2025-01-22T16:42:16+00:00","breadcrumb":{"@id":"https:\/\/chapelains.com\/de\/rechtliche-hinweise\/#breadcrumb"},"inLanguage":"de","potentialAction":[{"@type":"ReadAction","target":["https:\/\/chapelains.com\/de\/rechtliche-hinweise\/"]}]},{"@type":"BreadcrumbList","@id":"https:\/\/chapelains.com\/de\/rechtliche-hinweise\/#breadcrumb","itemListElement":[{"@type":"ListItem","position":1,"name":"Camping Dr\u00f4me","item":"https:\/\/chapelains.com\/de\/"},{"@type":"ListItem","position":2,"name":"Rechtliche Hinweise"}]},{"@type":"WebSite","@id":"https:\/\/chapelains.com\/de\/#website","url":"https:\/\/chapelains.com\/de\/","name":"Camping Les Chapelains","description":"","publisher":{"@id":"https:\/\/chapelains.com\/de\/#organization"},"potentialAction":[{"@type":"SearchAction","target":{"@type":"EntryPoint","urlTemplate":"https:\/\/chapelains.com\/de\/?s={search_term_string}"},"query-input":{"@type":"PropertyValueSpecification","valueRequired":true,"valueName":"search_term_string"}}],"inLanguage":"de"},{"@type":"Organization","@id":"https:\/\/chapelains.com\/de\/#organization","name":"Camping Les Chapelains","url":"https:\/\/chapelains.com\/de\/","logo":{"@type":"ImageObject","inLanguage":"de","@id":"https:\/\/chapelains.com\/de\/#\/schema\/logo\/image\/","url":"https:\/\/chapelains.com\/wp-content\/uploads\/2023\/03\/logo-camping-les-chapelains.png","contentUrl":"https:\/\/chapelains.com\/wp-content\/uploads\/2023\/03\/logo-camping-les-chapelains.png","width":263,"height":170,"caption":"Camping Les Chapelains"},"image":{"@id":"https:\/\/chapelains.com\/de\/#\/schema\/logo\/image\/"}}]}},"_links":{"self":[{"href":"https:\/\/chapelains.com\/de\/wp-json\/wp\/v2\/pages\/7662","targetHints":{"allow":["GET"]}}],"collection":[{"href":"https:\/\/chapelains.com\/de\/wp-json\/wp\/v2\/pages"}],"about":[{"href":"https:\/\/chapelains.com\/de\/wp-json\/wp\/v2\/types\/page"}],"author":[{"embeddable":true,"href":"https:\/\/chapelains.com\/de\/wp-json\/wp\/v2\/users\/1"}],"replies":[{"embeddable":true,"href":"https:\/\/chapelains.com\/de\/wp-json\/wp\/v2\/comments?post=7662"}],"version-history":[{"count":2,"href":"https:\/\/chapelains.com\/de\/wp-json\/wp\/v2\/pages\/7662\/revisions"}],"predecessor-version":[{"id":8559,"href":"https:\/\/chapelains.com\/de\/wp-json\/wp\/v2\/pages\/7662\/revisions\/8559"}],"wp:attachment":[{"href":"https:\/\/chapelains.com\/de\/wp-json\/wp\/v2\/media?parent=7662"}],"wp:term":[{"taxonomy":"sujet","embeddable":true,"href":"https:\/\/chapelains.com\/de\/wp-json\/wp\/v2\/sujet?post=7662"}],"curies":[{"name":"wp","href":"https:\/\/api.w.org\/{rel}","templated":true}]}}