{"id":7670,"date":"2023-03-10T09:54:52","date_gmt":"2023-03-10T08:54:52","guid":{"rendered":"https:\/\/chapelains.com\/camping-entdecken-sie-lavendelstrassen\/"},"modified":"2025-01-22T17:51:01","modified_gmt":"2025-01-22T16:51:01","slug":"camping-entdecken-sie-lavendelstrassen","status":"publish","type":"page","link":"https:\/\/chapelains.com\/de\/camping-entdecken-sie-lavendelstrassen\/","title":{"rendered":"Die Lavendelstra\u00dfen"},"content":{"rendered":"<section id=\"ls-section-block_71e6a5bddc40d03ee87c1611705dc8fc\" class=\"ls-section  page-one page-one__compact\" >\r\n        <div class=\"container \">\r\n        \n\n<h1 class=\"ls__heading wp-block-heading has-text-align-center has-color-1-color has-text-color\">Lavendelstra\u00dfen in der N\u00e4he des Campingplatzes<\/h1>\n\n\r\n    <\/div>\r\n<\/section><section id=\"ls-section-block_d4255f152c97984af75152d5cef31428\" class=\"ls-section  home-third has-p-t p-t-0\" >\r\n        <div class=\"container container--wide\">\r\n        \n\n<div class=\"wp-block-columns is-layout-flex wp-container-core-columns-is-layout-9d6595d7 wp-block-columns-is-layout-flex\">\n<div class=\"wp-block-column is-vertically-aligned-center animated fadeInLeft slow is-layout-flow wp-block-column-is-layout-flow\" style=\"flex-basis:66.66%\">\n<i class=\"chapelains-riviere\"><\/i>\n\n\n\n<figure class=\"wp-block-image size-full\"><a href=\"https:\/\/chapelains.com\/wp-content\/uploads\/2023\/10\/lavande-de-provence.jpg\"><img decoding=\"async\" width=\"900\" height=\"600\" src=\"https:\/\/chapelains.com\/wp-content\/uploads\/2023\/10\/lavande-de-provence.jpg\" alt=\"Lavendel aus der Provence\" class=\"wp-image-2766\" srcset=\"https:\/\/chapelains.com\/wp-content\/uploads\/2023\/10\/lavande-de-provence.jpg 900w, https:\/\/chapelains.com\/wp-content\/uploads\/2023\/10\/lavande-de-provence-300x200.jpg 300w, https:\/\/chapelains.com\/wp-content\/uploads\/2023\/10\/lavande-de-provence-768x512.jpg 768w\" sizes=\"(max-width: 900px) 100vw, 900px\" \/><\/a><\/figure>\n<\/div>\n\n\n\n<div class=\"wp-block-column is-vertically-aligned-center has-color-6-background-color has-background is-layout-flow wp-block-column-is-layout-flow\" style=\"flex-basis:33.33%\">\n<h2 class=\"ls__heading wp-block-heading has-color-2-color has-text-color\">Entdecken Sie alle Lavendelrouten<\/h2>\n\n\n\n<p class=\"ls-paragraph\">Die<strong> einzigartigen Landschaften<\/strong>, die er formt, haben den<strong> Lavendel zu einem Weltstar<\/strong> gemacht. Zur Zeit ihrer Bl\u00fcte wird sie von Profi- und Hobbyfotografen gesucht, um ihre Felder und Landschaften festzuhalten. Diese Pflanze ist das Wahrzeichen der Provence <strong>und zeichnet sich durch ihren unvergleichlichen Duft und<\/strong> ihre <strong>Farbe<\/strong> sowie ihre entspannenden Eigenschaften aus, die seit Jahrhunderten bekannt sind.<\/p>\n\n\n\n<p class=\"ls-paragraph\">Auf der <a href=\"https:\/\/routes-lavande.com\/\" target=\"_blank\" rel=\"noreferrer noopener nofollow\">Lavendelstra\u00dfe<\/a> k\u00f6nnen Sie durch wundersch\u00f6ne Landschaften fahren und <strong>Produzenten von Lavendel<\/strong>,<strong>\u00e4therischen \u00d6len<\/strong> oder anderen Produkten, die diese Pflanze verwenden, kennenlernen.<\/p>\n<\/div>\n<\/div>\n\n\r\n    <\/div>\r\n<\/section><section id=\"ls-section-block_1f72344a5d1f251cbf3f0d936c579360\" class=\"ls-section  home-second page-two\" >\r\n        <div class=\"container container--full\">\r\n        \n\n<div class=\"wp-block-columns is-layout-flex wp-container-core-columns-is-layout-9d6595d7 wp-block-columns-is-layout-flex\">\n<div class=\"wp-block-column is-layout-flow wp-block-column-is-layout-flow\" style=\"flex-basis:66.66%\">\n<figure class=\"wp-block-image size-full animated fadeInLeft slow\"><a href=\"https:\/\/chapelains.com\/wp-content\/uploads\/2023\/04\/champs-de-lavande-camping-les-chapelains.jpg\"><img decoding=\"async\" width=\"900\" height=\"600\" src=\"https:\/\/chapelains.com\/wp-content\/uploads\/2023\/04\/champs-de-lavande-camping-les-chapelains.jpg\" alt=\"lavendelfeld camping les chapelains\" class=\"wp-image-1421\" srcset=\"https:\/\/chapelains.com\/wp-content\/uploads\/2023\/04\/champs-de-lavande-camping-les-chapelains.jpg 900w, https:\/\/chapelains.com\/wp-content\/uploads\/2023\/04\/champs-de-lavande-camping-les-chapelains-300x200.jpg 300w, https:\/\/chapelains.com\/wp-content\/uploads\/2023\/04\/champs-de-lavande-camping-les-chapelains-768x512.jpg 768w\" sizes=\"(max-width: 900px) 100vw, 900px\" \/><\/a><\/figure>\n<\/div>\n\n\n\n<div class=\"wp-block-column is-layout-flow wp-block-column-is-layout-flow\" style=\"flex-basis:33.33%\">\n<figure class=\"wp-block-image size-full animated fadeInRight delay-500ms slow\"><a href=\"https:\/\/chapelains.com\/wp-content\/uploads\/2023\/04\/les-champs-de-lavandes-de-la-drome.jpg\"><img decoding=\"async\" width=\"900\" height=\"600\" src=\"https:\/\/chapelains.com\/wp-content\/uploads\/2023\/04\/les-champs-de-lavandes-de-la-drome.jpg\" alt=\"die Lavendelfelder in der Drome\" class=\"wp-image-1404\" srcset=\"https:\/\/chapelains.com\/wp-content\/uploads\/2023\/04\/les-champs-de-lavandes-de-la-drome.jpg 900w, https:\/\/chapelains.com\/wp-content\/uploads\/2023\/04\/les-champs-de-lavandes-de-la-drome-300x200.jpg 300w, https:\/\/chapelains.com\/wp-content\/uploads\/2023\/04\/les-champs-de-lavandes-de-la-drome-768x512.jpg 768w\" sizes=\"(max-width: 900px) 100vw, 900px\" \/><\/a><\/figure>\n\n\n\n<span class=\"chapelains-planete-terre\"><\/span>\n<\/div>\n<\/div>\n\n\n\n<div class=\"wp-block-columns home-second__text is-layout-flex wp-container-core-columns-is-layout-9d6595d7 wp-block-columns-is-layout-flex\">\n<div class=\"wp-block-column is-layout-flow wp-block-column-is-layout-flow\">\n<h2 class=\"ls__heading wp-block-heading has-text-align-center has-color-2-color has-text-color\">Sehenswertes auf den Lavendelstra\u00dfen in der Dr\u00f4me<\/h2>\n\n\n\n<p class=\"ls-paragraph has-text-align-center\">Die <strong>Lavendelbl\u00fcte<\/strong> beginnt Mitte Juni in der Umgebung von Saillans. Die Lavendelstra\u00dfe beginnt in Crest und f\u00fchrt Sie nach <a href=\"https:\/\/www.gervanne-sye.com\/communes\/beaufort-sur-gervanne\/\" target=\"_blank\" rel=\"noreferrer noopener nofollow\">Beaufort-sur-Gervanne<\/a>, einem <strong>Dorf<\/strong>, das rund um sein Schloss thront und einen <strong>au\u00dfergew\u00f6hnlichen Ausblick<\/strong> bietet, der vom Vivarais \u00fcber <a href=\"https:\/\/www.valleedeladrome-tourisme.com\/notre-vallee\/nos-pepites\/la-foret-de-saou\/\" target=\"_blank\" rel=\"noreferrer noopener nofollow\">das Massif de Sao\u00fb<\/a> bis zum Vercors reicht.<\/p>\n\n\n\n<p class=\"ls-paragraph has-text-align-center\">Anschlie\u00dfend erreichen Sie <strong>Saillans<\/strong>, indem Sie am rechten Ufer der Dr\u00f4me entlanggehen. Die Lavendelstra\u00dfe f\u00fchrt Sie dann bis nach <strong>Saint-Julien-en-Quint im <a href=\"https:\/\/www.parc-du-vercors.fr\/\" target=\"_blank\" rel=\"noreferrer noopener nofollow\">Naturpark Vercors<\/a><\/strong>, indem Sie das Quint-Tal hinauffahren.<\/p>\n\n\n\n<p class=\"ls-paragraph has-text-align-center\">Sie k\u00f6nnen Ihre Fahrt noch nach <strong>Die <\/strong>und dann nach <strong>Saint-Nazaire-le-D\u00e9sert<\/strong> fortsetzen. Sie werden <strong>malerische<\/strong>, emotionale <strong>D\u00f6rfer<\/strong> mit blumengeschm\u00fcckten Brunnen inmitten von Landschaften sehen, die von der s\u00fcdlichen Sonne verw\u00f6hnt werden.<\/p>\n<\/div>\n<\/div>\n\n\r\n    <\/div>\r\n<\/section><section id=\"ls-section-block_f8f30e1f2abfe080778839ed52282a15\" class=\"ls-section  home-first page-one has-p-t p-t-0\" >\r\n        <div class=\"container container--wide\">\r\n        \n\n<div class=\"wp-block-columns is-layout-flex wp-container-core-columns-is-layout-9d6595d7 wp-block-columns-is-layout-flex\">\n<div class=\"wp-block-column is-vertically-aligned-center animated fadeInLeft slow is-layout-flow wp-block-column-is-layout-flow\" style=\"flex-basis:66.66%\">\n<figure class=\"wp-block-gallery has-nested-images columns-2 is-cropped wp-block-gallery-1 is-layout-flex wp-block-gallery-is-layout-flex\">\n<figure class=\"wp-block-image size-full image-riviere animated fadeIn slow\"><a href=\"https:\/\/chapelains.com\/wp-content\/uploads\/2023\/04\/route-de-la-lavande-saillans.jpg\"><img decoding=\"async\" width=\"1002\" height=\"560\" data-id=\"2014\" src=\"https:\/\/chapelains.com\/wp-content\/uploads\/2023\/04\/route-de-la-lavande-saillans.jpg\" alt=\"route de la lavande saillans\" class=\"wp-image-2014\" srcset=\"https:\/\/chapelains.com\/wp-content\/uploads\/2023\/04\/route-de-la-lavande-saillans.jpg 1002w, https:\/\/chapelains.com\/wp-content\/uploads\/2023\/04\/route-de-la-lavande-saillans-300x168.jpg 300w, https:\/\/chapelains.com\/wp-content\/uploads\/2023\/04\/route-de-la-lavande-saillans-768x429.jpg 768w\" sizes=\"(max-width: 1002px) 100vw, 1002px\" \/><\/a><\/figure>\n\n\n\n<figure class=\"wp-block-image size-large image-rando animated fadeIn delay-100ms slow\"><a href=\"https:\/\/chapelains.com\/wp-content\/uploads\/2023\/04\/lavande-Lionel-PASCALE-1200x800-min.jpg\"><img decoding=\"async\" width=\"1024\" height=\"683\" data-id=\"2018\" src=\"https:\/\/chapelains.com\/wp-content\/uploads\/2023\/04\/lavande-Lionel-PASCALE-1200x800-min-1024x683.jpg\" alt=\"lavendel Lionel PASCALE 1200x800 min\" class=\"wp-image-2018\" srcset=\"https:\/\/chapelains.com\/wp-content\/uploads\/2023\/04\/lavande-Lionel-PASCALE-1200x800-min-1024x683.jpg 1024w, https:\/\/chapelains.com\/wp-content\/uploads\/2023\/04\/lavande-Lionel-PASCALE-1200x800-min-300x200.jpg 300w, https:\/\/chapelains.com\/wp-content\/uploads\/2023\/04\/lavande-Lionel-PASCALE-1200x800-min-768x512.jpg 768w, https:\/\/chapelains.com\/wp-content\/uploads\/2023\/04\/lavande-Lionel-PASCALE-1200x800-min.jpg 1200w\" sizes=\"(max-width: 1024px) 100vw, 1024px\" \/><\/a><\/figure>\n\n\n\n<figure class=\"wp-block-image size-full image-combi animated fadeIn delay-200ms slow\"><a href=\"https:\/\/chapelains.com\/wp-content\/uploads\/2023\/04\/champs-de-lavandes-proche-camping-les-chapelains.jpg\"><img decoding=\"async\" width=\"900\" height=\"600\" data-id=\"1323\" src=\"https:\/\/chapelains.com\/wp-content\/uploads\/2023\/04\/champs-de-lavandes-proche-camping-les-chapelains.jpg\" alt=\"lavendelfelder in der n&#xE4;he von camping les chapelains\" class=\"wp-image-1323\" srcset=\"https:\/\/chapelains.com\/wp-content\/uploads\/2023\/04\/champs-de-lavandes-proche-camping-les-chapelains.jpg 900w, https:\/\/chapelains.com\/wp-content\/uploads\/2023\/04\/champs-de-lavandes-proche-camping-les-chapelains-300x200.jpg 300w, https:\/\/chapelains.com\/wp-content\/uploads\/2023\/04\/champs-de-lavandes-proche-camping-les-chapelains-768x512.jpg 768w\" sizes=\"(max-width: 900px) 100vw, 900px\" \/><\/a><\/figure>\n\n\n\n<figure class=\"wp-block-image size-full image-gerants animated fadeIn delay-500ms slow\"><a href=\"https:\/\/chapelains.com\/wp-content\/uploads\/2023\/04\/visiter-les-champs-de-lavandes.jpg\"><img decoding=\"async\" width=\"900\" height=\"600\" data-id=\"1400\" src=\"https:\/\/chapelains.com\/wp-content\/uploads\/2023\/04\/visiter-les-champs-de-lavandes.jpg\" alt=\"die Lavendelfelder besuchen\" class=\"wp-image-1400\" srcset=\"https:\/\/chapelains.com\/wp-content\/uploads\/2023\/04\/visiter-les-champs-de-lavandes.jpg 900w, https:\/\/chapelains.com\/wp-content\/uploads\/2023\/04\/visiter-les-champs-de-lavandes-300x200.jpg 300w, https:\/\/chapelains.com\/wp-content\/uploads\/2023\/04\/visiter-les-champs-de-lavandes-768x512.jpg 768w\" sizes=\"(max-width: 900px) 100vw, 900px\" \/><\/a><\/figure>\n<\/figure>\n<\/div>\n\n\n\n<div class=\"wp-block-column is-vertically-aligned-center is-layout-flow wp-block-column-is-layout-flow\">\n<h2 class=\"ls__heading wp-block-heading has-color-2-color has-text-color\">Ihr Campingplatz in der N\u00e4he der Lavendelstra\u00dfen<\/h2>\n\n\n\n<p class=\"ls-paragraph\">Nutzen Sie w\u00e4hrend Ihres Aufenthalts auf dem <a href=\"https:\/\/chapelains.com\/de\/\">Campingplatz Les Chapelains<\/a> Ihren Familienurlaub f\u00fcr einen <strong>kleinen Ausflug nach Chamaloc<\/strong>, vor den Toren des regionalen Naturparks Vercors (1 Stunde Fahrt).<\/p>\n\n\n\n<p class=\"ls-paragraph\">Dort k\u00f6nnen Sie <a href=\"https:\/\/www.lavandes.fr\/\" target=\"_blank\" rel=\"noreferrer noopener nofollow\">die Distillerie des 4 Vall\u00e9es besuchen<\/a>, die eine kostenlose und erlebnisreiche F\u00fchrung anbietet. Sie lernen die Destillation von <strong>Pflanzen und verschiedene Arten von<\/strong> <strong>Destillierapparaten<\/strong> kennen und nehmen an einem <strong>Destillationsworkshop<\/strong> teil.<\/p>\n\n\n\n<p class=\"ls-paragraph\">Wenn Sie um den 15. August herum im Urlaub sind, bietet sich ein Besuch im Haut-Diois in <strong>Lesches-en Diois<\/strong> an, das eine Stunde entfernt liegt. Lesches-en-Diois veranstaltet jedes Jahr am 15. August das <strong>Lavendelfest<\/strong>, eine <strong>einzigartige Veranstaltung<\/strong> in der Region. Sein Ablauf ist im Laufe der Jahre fast unver\u00e4ndert geblieben: eine Messe am Morgen in der Dorfkirche und am Nachmittag folkloristische Darbietungen und verschiedene St\u00e4nde. Das Fest endet am Abend mit dem traditionellen Ball und Feuerwerk.<\/p>\n<\/div>\n<\/div>\n\n\r\n    <\/div>\r\n<\/section><section id=\"ls-section-block_e6223831c00eef124bcde02a2dbae1c7\" class=\"ls-section  page-cta\" >\r\n        <div class=\"container container--wide\">\r\n        \n\n<div id=\"ls-heading ls-titre-div-block_74b7697d9472a1c027926f0c01903656\" class=\"ls-titre-div aligncenter h2-like\" >\n    Entdecken Sie unsere anderen Dienstleistungen<\/div>\n\n\n<div id=\"ls-maillage-block_7aa4f0f1154b61ceb2b9df5531761eb0\" class=\"ls-maillage cta-style-normal\" data-rows=\"3\">\r\n    <div class=\"wp-block-columns\"><div class=\"wp-block-column\"><div class='ls-cta'>\n\n<a href=\"https:\/\/chapelains.com\/de\/camping-familien-saillans\/\" target=\"\" rel=\"noopener\" class=\"ls-cta__link\">\n\n\t<div class=\"ls-cta__image\"><img decoding=\"async\" src=\"https:\/\/chapelains.com\/wp-content\/uploads\/2023\/10\/camping-familial-drome-1.webp\" alt=\"familiencamping drome\"><\/div>\n\t<div class=\"ls-cta__title\">\n\t\tDienste\t<\/div>\n\n\t\t\n<\/a><\/div><\/div><div class=\"wp-block-column\"><div class='ls-cta'>\n\n<a href=\"https:\/\/chapelains.com\/de\/okologischer-campingplatz-saillans\/\" target=\"\" rel=\"noopener\" class=\"ls-cta__link\">\n\n\t<div class=\"ls-cta__image\"><img decoding=\"async\" src=\"https:\/\/chapelains.com\/wp-content\/uploads\/2023\/10\/camping-respectueux-de-lenvironement.webp\" alt=\"umweltfreundlicher Campingplatz\"><\/div>\n\t<div class=\"ls-cta__title\">\n\t\tUnsere Verpflichtungen\t<\/div>\n\n\t\t\n<\/a><\/div><\/div><div class=\"wp-block-column\"><div class='ls-cta'>\n\n<a href=\"https:\/\/chapelains.com\/de\/camping-aktivitaeten-animations-saillans\/\" target=\"\" rel=\"noopener\" class=\"ls-cta__link\">\n\n\t<div class=\"ls-cta__image\"><img decoding=\"async\" src=\"https:\/\/chapelains.com\/wp-content\/uploads\/2023\/10\/camping-familial-avec-animations-pour-enfants.webp\" alt=\"Familiencampingplatz mit Animationen f\u00fcr Kinder\"><\/div>\n\t<div class=\"ls-cta__title\">\n\t\tAktivit\u00e4ten und Animationen\t<\/div>\n\n\t\t\n<\/a><\/div><\/div><\/div><\/div>\n\r\n    <\/div>\r\n<\/section>","protected":false},"excerpt":{"rendered":"","protected":false},"author":1,"featured_media":6305,"parent":0,"menu_order":0,"comment_status":"closed","ping_status":"closed","template":"","meta":{"_acf_changed":false,"footnotes":""},"sujet":[],"class_list":["post-7670","page","type-page","status-publish","has-post-thumbnail","hentry"],"acf":[],"yoast_head":"<!-- This site is optimized with the Yoast SEO plugin v23.4 - https:\/\/yoast.com\/wordpress\/plugins\/seo\/ -->\n<title>Entdecken Sie Lavendelstra\u00dfen | Camping pr\u00e8s Routes de la lavande<\/title>\n<meta name=\"robots\" content=\"index, follow, max-snippet:-1, max-image-preview:large, max-video-preview:-1\" \/>\n<link rel=\"canonical\" href=\"https:\/\/chapelains.com\/de\/camping-entdecken-sie-lavendelstrassen\/\" \/>\n<meta property=\"og:locale\" content=\"de_DE\" \/>\n<meta property=\"og:type\" content=\"article\" \/>\n<meta property=\"og:title\" content=\"Entdecken Sie Lavendelstra\u00dfen | Camping pr\u00e8s Routes de la lavande\" \/>\n<meta property=\"og:url\" content=\"https:\/\/chapelains.com\/de\/camping-entdecken-sie-lavendelstrassen\/\" \/>\n<meta property=\"og:site_name\" content=\"Camping Les Chapelains\" \/>\n<meta property=\"article:modified_time\" content=\"2025-01-22T16:51:01+00:00\" \/>\n<meta property=\"og:image\" content=\"https:\/\/chapelains.com\/wp-content\/uploads\/2023\/10\/champs-de-lavande-dans-la-drome-chapelains.jpg\" \/>\n\t<meta property=\"og:image:width\" content=\"1920\" \/>\n\t<meta property=\"og:image:height\" content=\"500\" \/>\n\t<meta property=\"og:image:type\" content=\"image\/jpeg\" \/>\n<meta name=\"twitter:card\" content=\"summary_large_image\" \/>\n<meta name=\"twitter:label1\" content=\"Gesch\u00e4tzte Lesezeit\" \/>\n\t<meta name=\"twitter:data1\" content=\"2\u00a0Minuten\" \/>\n<script type=\"application\/ld+json\" class=\"yoast-schema-graph\">{\"@context\":\"https:\/\/schema.org\",\"@graph\":[{\"@type\":\"WebPage\",\"@id\":\"https:\/\/chapelains.com\/de\/camping-entdecken-sie-lavendelstrassen\/\",\"url\":\"https:\/\/chapelains.com\/de\/camping-entdecken-sie-lavendelstrassen\/\",\"name\":\"Entdecken Sie Lavendelstra\u00dfen | Camping pr\u00e8s Routes de la lavande\",\"isPartOf\":{\"@id\":\"https:\/\/chapelains.com\/de\/#website\"},\"primaryImageOfPage\":{\"@id\":\"https:\/\/chapelains.com\/de\/camping-entdecken-sie-lavendelstrassen\/#primaryimage\"},\"image\":{\"@id\":\"https:\/\/chapelains.com\/de\/camping-entdecken-sie-lavendelstrassen\/#primaryimage\"},\"thumbnailUrl\":\"https:\/\/chapelains.com\/wp-content\/uploads\/2023\/10\/champs-de-lavande-dans-la-drome-chapelains.jpg\",\"datePublished\":\"2023-03-10T08:54:52+00:00\",\"dateModified\":\"2025-01-22T16:51:01+00:00\",\"breadcrumb\":{\"@id\":\"https:\/\/chapelains.com\/de\/camping-entdecken-sie-lavendelstrassen\/#breadcrumb\"},\"inLanguage\":\"de\",\"potentialAction\":[{\"@type\":\"ReadAction\",\"target\":[\"https:\/\/chapelains.com\/de\/camping-entdecken-sie-lavendelstrassen\/\"]}]},{\"@type\":\"ImageObject\",\"inLanguage\":\"de\",\"@id\":\"https:\/\/chapelains.com\/de\/camping-entdecken-sie-lavendelstrassen\/#primaryimage\",\"url\":\"https:\/\/chapelains.com\/wp-content\/uploads\/2023\/10\/champs-de-lavande-dans-la-drome-chapelains.jpg\",\"contentUrl\":\"https:\/\/chapelains.com\/wp-content\/uploads\/2023\/10\/champs-de-lavande-dans-la-drome-chapelains.jpg\",\"width\":1920,\"height\":500,\"caption\":\"L.Pascale\"},{\"@type\":\"BreadcrumbList\",\"@id\":\"https:\/\/chapelains.com\/de\/camping-entdecken-sie-lavendelstrassen\/#breadcrumb\",\"itemListElement\":[{\"@type\":\"ListItem\",\"position\":1,\"name\":\"Camping Dr\u00f4me\",\"item\":\"https:\/\/chapelains.com\/de\/\"},{\"@type\":\"ListItem\",\"position\":2,\"name\":\"Entdecken Sie die Lavendelstra\u00dfen\"}]},{\"@type\":\"WebSite\",\"@id\":\"https:\/\/chapelains.com\/de\/#website\",\"url\":\"https:\/\/chapelains.com\/de\/\",\"name\":\"Camping Les Chapelains\",\"description\":\"\",\"publisher\":{\"@id\":\"https:\/\/chapelains.com\/de\/#organization\"},\"potentialAction\":[{\"@type\":\"SearchAction\",\"target\":{\"@type\":\"EntryPoint\",\"urlTemplate\":\"https:\/\/chapelains.com\/de\/?s={search_term_string}\"},\"query-input\":{\"@type\":\"PropertyValueSpecification\",\"valueRequired\":true,\"valueName\":\"search_term_string\"}}],\"inLanguage\":\"de\"},{\"@type\":\"Organization\",\"@id\":\"https:\/\/chapelains.com\/de\/#organization\",\"name\":\"Camping Les Chapelains\",\"url\":\"https:\/\/chapelains.com\/de\/\",\"logo\":{\"@type\":\"ImageObject\",\"inLanguage\":\"de\",\"@id\":\"https:\/\/chapelains.com\/de\/#\/schema\/logo\/image\/\",\"url\":\"https:\/\/chapelains.com\/wp-content\/uploads\/2023\/03\/logo-camping-les-chapelains.png\",\"contentUrl\":\"https:\/\/chapelains.com\/wp-content\/uploads\/2023\/03\/logo-camping-les-chapelains.png\",\"width\":263,\"height\":170,\"caption\":\"Camping Les Chapelains\"},\"image\":{\"@id\":\"https:\/\/chapelains.com\/de\/#\/schema\/logo\/image\/\"}}]}<\/script>\n<!-- \/ Yoast SEO plugin. -->","yoast_head_json":{"title":"Entdecken Sie Lavendelstra\u00dfen | Camping pr\u00e8s Routes de la lavande","robots":{"index":"index","follow":"follow","max-snippet":"max-snippet:-1","max-image-preview":"max-image-preview:large","max-video-preview":"max-video-preview:-1"},"canonical":"https:\/\/chapelains.com\/de\/camping-entdecken-sie-lavendelstrassen\/","og_locale":"de_DE","og_type":"article","og_title":"Entdecken Sie Lavendelstra\u00dfen | Camping pr\u00e8s Routes de la lavande","og_url":"https:\/\/chapelains.com\/de\/camping-entdecken-sie-lavendelstrassen\/","og_site_name":"Camping Les Chapelains","article_modified_time":"2025-01-22T16:51:01+00:00","og_image":[{"width":1920,"height":500,"url":"https:\/\/chapelains.com\/wp-content\/uploads\/2023\/10\/champs-de-lavande-dans-la-drome-chapelains.jpg","type":"image\/jpeg"}],"twitter_card":"summary_large_image","twitter_misc":{"Gesch\u00e4tzte Lesezeit":"2\u00a0Minuten"},"schema":{"@context":"https:\/\/schema.org","@graph":[{"@type":"WebPage","@id":"https:\/\/chapelains.com\/de\/camping-entdecken-sie-lavendelstrassen\/","url":"https:\/\/chapelains.com\/de\/camping-entdecken-sie-lavendelstrassen\/","name":"Entdecken Sie Lavendelstra\u00dfen | Camping pr\u00e8s Routes de la lavande","isPartOf":{"@id":"https:\/\/chapelains.com\/de\/#website"},"primaryImageOfPage":{"@id":"https:\/\/chapelains.com\/de\/camping-entdecken-sie-lavendelstrassen\/#primaryimage"},"image":{"@id":"https:\/\/chapelains.com\/de\/camping-entdecken-sie-lavendelstrassen\/#primaryimage"},"thumbnailUrl":"https:\/\/chapelains.com\/wp-content\/uploads\/2023\/10\/champs-de-lavande-dans-la-drome-chapelains.jpg","datePublished":"2023-03-10T08:54:52+00:00","dateModified":"2025-01-22T16:51:01+00:00","breadcrumb":{"@id":"https:\/\/chapelains.com\/de\/camping-entdecken-sie-lavendelstrassen\/#breadcrumb"},"inLanguage":"de","potentialAction":[{"@type":"ReadAction","target":["https:\/\/chapelains.com\/de\/camping-entdecken-sie-lavendelstrassen\/"]}]},{"@type":"ImageObject","inLanguage":"de","@id":"https:\/\/chapelains.com\/de\/camping-entdecken-sie-lavendelstrassen\/#primaryimage","url":"https:\/\/chapelains.com\/wp-content\/uploads\/2023\/10\/champs-de-lavande-dans-la-drome-chapelains.jpg","contentUrl":"https:\/\/chapelains.com\/wp-content\/uploads\/2023\/10\/champs-de-lavande-dans-la-drome-chapelains.jpg","width":1920,"height":500,"caption":"L.Pascale"},{"@type":"BreadcrumbList","@id":"https:\/\/chapelains.com\/de\/camping-entdecken-sie-lavendelstrassen\/#breadcrumb","itemListElement":[{"@type":"ListItem","position":1,"name":"Camping Dr\u00f4me","item":"https:\/\/chapelains.com\/de\/"},{"@type":"ListItem","position":2,"name":"Entdecken Sie die Lavendelstra\u00dfen"}]},{"@type":"WebSite","@id":"https:\/\/chapelains.com\/de\/#website","url":"https:\/\/chapelains.com\/de\/","name":"Camping Les Chapelains","description":"","publisher":{"@id":"https:\/\/chapelains.com\/de\/#organization"},"potentialAction":[{"@type":"SearchAction","target":{"@type":"EntryPoint","urlTemplate":"https:\/\/chapelains.com\/de\/?s={search_term_string}"},"query-input":{"@type":"PropertyValueSpecification","valueRequired":true,"valueName":"search_term_string"}}],"inLanguage":"de"},{"@type":"Organization","@id":"https:\/\/chapelains.com\/de\/#organization","name":"Camping Les Chapelains","url":"https:\/\/chapelains.com\/de\/","logo":{"@type":"ImageObject","inLanguage":"de","@id":"https:\/\/chapelains.com\/de\/#\/schema\/logo\/image\/","url":"https:\/\/chapelains.com\/wp-content\/uploads\/2023\/03\/logo-camping-les-chapelains.png","contentUrl":"https:\/\/chapelains.com\/wp-content\/uploads\/2023\/03\/logo-camping-les-chapelains.png","width":263,"height":170,"caption":"Camping Les Chapelains"},"image":{"@id":"https:\/\/chapelains.com\/de\/#\/schema\/logo\/image\/"}}]}},"_links":{"self":[{"href":"https:\/\/chapelains.com\/de\/wp-json\/wp\/v2\/pages\/7670","targetHints":{"allow":["GET"]}}],"collection":[{"href":"https:\/\/chapelains.com\/de\/wp-json\/wp\/v2\/pages"}],"about":[{"href":"https:\/\/chapelains.com\/de\/wp-json\/wp\/v2\/types\/page"}],"author":[{"embeddable":true,"href":"https:\/\/chapelains.com\/de\/wp-json\/wp\/v2\/users\/1"}],"replies":[{"embeddable":true,"href":"https:\/\/chapelains.com\/de\/wp-json\/wp\/v2\/comments?post=7670"}],"version-history":[{"count":3,"href":"https:\/\/chapelains.com\/de\/wp-json\/wp\/v2\/pages\/7670\/revisions"}],"predecessor-version":[{"id":8591,"href":"https:\/\/chapelains.com\/de\/wp-json\/wp\/v2\/pages\/7670\/revisions\/8591"}],"wp:featuredmedia":[{"embeddable":true,"href":"https:\/\/chapelains.com\/de\/wp-json\/wp\/v2\/media\/6305"}],"wp:attachment":[{"href":"https:\/\/chapelains.com\/de\/wp-json\/wp\/v2\/media?parent=7670"}],"wp:term":[{"taxonomy":"sujet","embeddable":true,"href":"https:\/\/chapelains.com\/de\/wp-json\/wp\/v2\/sujet?post=7670"}],"curies":[{"name":"wp","href":"https:\/\/api.w.org\/{rel}","templated":true}]}}