{"id":7674,"date":"2023-10-13T12:28:34","date_gmt":"2023-10-13T10:28:34","guid":{"rendered":"https:\/\/chapelains.com\/empfang-von-gruppen\/"},"modified":"2025-01-22T17:54:54","modified_gmt":"2025-01-22T16:54:54","slug":"empfang-von-gruppen","status":"publish","type":"page","link":"https:\/\/chapelains.com\/de\/empfang-von-gruppen\/","title":{"rendered":"Gruppe"},"content":{"rendered":"<section id=\"ls-section-block_37f645ccb92db1914d964913f0879c70\" class=\"ls-section  page-one page-one__compact\" >\r\n        <div class=\"container \">\r\n        \n\n<h1 class=\"ls__heading wp-block-heading has-text-align-center has-color-1-color has-text-color\">Empfang von Gruppen auf Ihrem Campingplatz in der Dr\u00f4me<\/h1>\n\n\r\n    <\/div>\r\n<\/section><section id=\"ls-section-block_ce6fae3d181401426d1bb751fe5eed15\" class=\"ls-section  home-first page-one\" >\r\n        <div class=\"container container--wide\">\r\n        \n\n<div class=\"wp-block-columns are-vertically-aligned-center is-layout-flex wp-container-core-columns-is-layout-9d6595d7 wp-block-columns-is-layout-flex\">\n<div class=\"wp-block-column is-vertically-aligned-center is-layout-flow wp-block-column-is-layout-flow\" style=\"flex-basis:33.33%\">\n<h2 class=\"ls__heading wp-block-heading has-color-2-color has-text-color\">Ein unvergesslicher Aufenthalt f\u00fcr Gruppen auf dem Campingplatz Chapelains<\/h2>\n\n\n\n<p class=\"ls-paragraph has-text-align-left\">Familientreffen, Geburtstag, Cousinade, Freundesgruppe, Wanderer, Radfahrer, Motorradfahrer usw. Wir begr\u00fc\u00dfen <strong>Gruppen bis zu 50 Personen<\/strong>, sofern unsere Anforderungen an Ruhe und<strong> Stille in der Nacht<\/strong> mit Ihren Erwartungen vereinbar sind.<\/p>\n\n\n\n<p class=\"ls-paragraph has-text-align-left\"><strong>Kleiner, ruhiger und famili\u00e4rer Campingplatz<\/strong>. Wir begr\u00fc\u00dfen \u00fcberwiegend Familien mit Kindern und Sportlern. Unsere Priorit\u00e4t ist es, dass alles harmonisch zwischen den verschiedenen Bewohnern abl\u00e4uft.<\/p>\n\n\n\n<p class=\"ls-paragraph has-text-align-left\">Ob Unterkunft, Verpflegung oder Aktivit\u00e4ten &#8211; wir passen uns Ihren Bed\u00fcrfnissen an, um Ihnen einen <strong>ma\u00dfgeschneiderten Aufenthalt zu<\/strong> erm\u00f6glichen: Mobilheime, ausgestattete Zelte, Camping- oder Wohnmobilstellpl\u00e4tze; Halbpension, Picknick, etc.<\/p>\n<\/div>\n\n\n\n<div class=\"wp-block-column is-vertically-aligned-center is-layout-flow wp-block-column-is-layout-flow\" style=\"flex-basis:66.66%\">\n<figure class=\"wp-block-gallery has-nested-images columns-2 is-cropped wp-block-gallery-1 is-layout-flex wp-block-gallery-is-layout-flex\">\n<figure class=\"wp-block-image size-full image-riviere animated fadeIn slow\"><a href=\"https:\/\/chapelains.com\/wp-content\/uploads\/2023\/10\/tour-auvergne-rhone-alpes-vtt-chapelains.jpg\"><img decoding=\"async\" width=\"800\" height=\"600\" data-id=\"3014\" src=\"https:\/\/chapelains.com\/wp-content\/uploads\/2023\/10\/tour-auvergne-rhone-alpes-vtt-chapelains.jpg\" alt=\"tour auvergne rhone alpes vtt chapelains\" class=\"wp-image-3014\" srcset=\"https:\/\/chapelains.com\/wp-content\/uploads\/2023\/10\/tour-auvergne-rhone-alpes-vtt-chapelains.jpg 800w, https:\/\/chapelains.com\/wp-content\/uploads\/2023\/10\/tour-auvergne-rhone-alpes-vtt-chapelains-300x225.jpg 300w, https:\/\/chapelains.com\/wp-content\/uploads\/2023\/10\/tour-auvergne-rhone-alpes-vtt-chapelains-768x576.jpg 768w\" sizes=\"(max-width: 800px) 100vw, 800px\" \/><\/a><\/figure>\n\n\n\n<figure class=\"wp-block-image size-full image-rando animated fadeIn delay-100ms slow\"><a href=\"https:\/\/chapelains.com\/wp-content\/uploads\/2023\/10\/groupe-de-motard-chapelains.jpg\"><img decoding=\"async\" width=\"800\" height=\"600\" data-id=\"3017\" src=\"https:\/\/chapelains.com\/wp-content\/uploads\/2023\/10\/groupe-de-motard-chapelains.jpg\" alt=\"Chapelains Bikergruppe\" class=\"wp-image-3017\" srcset=\"https:\/\/chapelains.com\/wp-content\/uploads\/2023\/10\/groupe-de-motard-chapelains.jpg 800w, https:\/\/chapelains.com\/wp-content\/uploads\/2023\/10\/groupe-de-motard-chapelains-300x225.jpg 300w, https:\/\/chapelains.com\/wp-content\/uploads\/2023\/10\/groupe-de-motard-chapelains-768x576.jpg 768w\" sizes=\"(max-width: 800px) 100vw, 800px\" \/><\/a><\/figure>\n\n\n\n<figure class=\"wp-block-image size-full image-combi animated fadeIn delay-200ms slow\"><a href=\"https:\/\/chapelains.com\/wp-content\/uploads\/2023\/10\/camping-groupe-caravane-drome.jpg\"><img decoding=\"async\" width=\"800\" height=\"600\" data-id=\"3020\" src=\"https:\/\/chapelains.com\/wp-content\/uploads\/2023\/10\/camping-groupe-caravane-drome.jpg\" alt=\"camping gruppe wohnwagen drome\" class=\"wp-image-3020\" srcset=\"https:\/\/chapelains.com\/wp-content\/uploads\/2023\/10\/camping-groupe-caravane-drome.jpg 800w, https:\/\/chapelains.com\/wp-content\/uploads\/2023\/10\/camping-groupe-caravane-drome-300x225.jpg 300w, https:\/\/chapelains.com\/wp-content\/uploads\/2023\/10\/camping-groupe-caravane-drome-768x576.jpg 768w\" sizes=\"(max-width: 800px) 100vw, 800px\" \/><\/a><\/figure>\n\n\n\n<figure class=\"wp-block-image size-full image-gerants animated fadeIn delay-500ms slow\"><a href=\"https:\/\/chapelains.com\/wp-content\/uploads\/2023\/10\/sorties-velo-groupes-drome.jpg\"><img decoding=\"async\" width=\"800\" height=\"600\" data-id=\"3023\" src=\"https:\/\/chapelains.com\/wp-content\/uploads\/2023\/10\/sorties-velo-groupes-drome.jpg\" alt=\"radtouren gruppen drome\" class=\"wp-image-3023\" srcset=\"https:\/\/chapelains.com\/wp-content\/uploads\/2023\/10\/sorties-velo-groupes-drome.jpg 800w, https:\/\/chapelains.com\/wp-content\/uploads\/2023\/10\/sorties-velo-groupes-drome-300x225.jpg 300w, https:\/\/chapelains.com\/wp-content\/uploads\/2023\/10\/sorties-velo-groupes-drome-768x576.jpg 768w\" sizes=\"(max-width: 800px) 100vw, 800px\" \/><\/a><\/figure>\n<\/figure>\n<\/div>\n<\/div>\n\n\r\n    <\/div>\r\n<\/section><section id=\"ls-section-block_8415724b2026e2e4528da9a664950eae\" class=\"ls-section  home-second page-two\" >\r\n        <div class=\"container container--full\">\r\n        \n\n<div class=\"wp-block-columns is-layout-flex wp-container-core-columns-is-layout-9d6595d7 wp-block-columns-is-layout-flex\">\n<div class=\"wp-block-column is-layout-flow wp-block-column-is-layout-flow\" style=\"flex-basis:66.66%\">\n<figure class=\"wp-block-image size-large animated fadeInLeft slow\"><a href=\"https:\/\/chapelains.com\/wp-content\/uploads\/2023\/09\/repas-en-groupe.webp\"><img decoding=\"async\" width=\"1024\" height=\"768\" src=\"https:\/\/chapelains.com\/wp-content\/uploads\/2023\/09\/repas-en-groupe-1024x768.webp\" alt=\"Gruppenmahlzeit\" class=\"wp-image-2198\" srcset=\"https:\/\/chapelains.com\/wp-content\/uploads\/2023\/09\/repas-en-groupe-1024x768.webp 1024w, https:\/\/chapelains.com\/wp-content\/uploads\/2023\/09\/repas-en-groupe-300x225.webp 300w, https:\/\/chapelains.com\/wp-content\/uploads\/2023\/09\/repas-en-groupe-768x576.webp 768w, https:\/\/chapelains.com\/wp-content\/uploads\/2023\/09\/repas-en-groupe.webp 1500w\" sizes=\"(max-width: 1024px) 100vw, 1024px\" \/><\/a><\/figure>\n<\/div>\n\n\n\n<div class=\"wp-block-column is-layout-flow wp-block-column-is-layout-flow\" style=\"flex-basis:33.33%\">\n<figure class=\"wp-block-image size-large animated fadeInRight delay-500ms slow\"><a href=\"https:\/\/chapelains.com\/wp-content\/uploads\/2023\/09\/repas-en-groupe-drome.webp\"><img decoding=\"async\" width=\"1024\" height=\"768\" src=\"https:\/\/chapelains.com\/wp-content\/uploads\/2023\/09\/repas-en-groupe-drome-1024x768.webp\" alt=\"gruppenmahlzeit drome\" class=\"wp-image-2203\" srcset=\"https:\/\/chapelains.com\/wp-content\/uploads\/2023\/09\/repas-en-groupe-drome-1024x768.webp 1024w, https:\/\/chapelains.com\/wp-content\/uploads\/2023\/09\/repas-en-groupe-drome-300x225.webp 300w, https:\/\/chapelains.com\/wp-content\/uploads\/2023\/09\/repas-en-groupe-drome-768x576.webp 768w, https:\/\/chapelains.com\/wp-content\/uploads\/2023\/09\/repas-en-groupe-drome.webp 1400w\" sizes=\"(max-width: 1024px) 100vw, 1024px\" \/><\/a><\/figure>\n\n\n\n<span class=\"chapelains-peinture\"><\/span>\n<\/div>\n<\/div>\n\n\n\n<div class=\"wp-block-columns home-second__text is-layout-flex wp-container-core-columns-is-layout-9d6595d7 wp-block-columns-is-layout-flex\">\n<div class=\"wp-block-column is-layout-flow wp-block-column-is-layout-flow\">\n<h2 class=\"ls__heading wp-block-heading has-text-align-center has-color-2-color has-text-color\">Gesellige Momente im Restaurant f\u00fcr Gruppen<\/h2>\n\n\n\n<p class=\"ls-paragraph has-text-align-center\">Wir empfangen regelm\u00e4\u00dfig Radfahr-, Mountainbike-, Wander-, Kletter- und Kanugruppen.  <\/p>\n\n\n\n<p class=\"ls-paragraph has-text-align-center\">Wir passen uns Ihren Bed\u00fcrfnissen an, um Ihnen einen <strong>ma\u00dfgeschneiderten Aufenthalt<\/strong> zu erm\u00f6glichen: Aperitif mit Verkostung lokaler Produkte, ein reichhaltiges und sportliches Abendessen, Halbpension, Picknick oder Lunchpakete f\u00fcr den Mittag.  <\/p>\n\n\n\n<p class=\"ls-paragraph has-text-align-center\">Wir bieten eine qualitativ hochwertige, sorgf\u00e4ltig zubereitete Hausmannskost mit lokalen Spezialit\u00e4ten und bevorzugen <strong>saisonale Produkte<\/strong> von lokalen Erzeugern.<\/p>\n<\/div>\n<\/div>\n\n\r\n    <\/div>\r\n<\/section><section id=\"ls-section-block_dbf0ca14e741b802f944e0970443f429\" class=\"ls-section  page-cta\" >\r\n        <div class=\"container container--wide\">\r\n        \n\n<div id=\"ls-heading ls-titre-div-block_387a719553f34bc9ee3a2bc8c57e8677\" class=\"ls-titre-div aligncenter h2-like\" >\n    Entdecken Sie unser Restaurant, unsere Dienstleistungen und den Fluss<\/div>\n\n\n<div id=\"ls-maillage-block_123a21b80d06e09172870517b4767e3f\" class=\"ls-maillage cta-style-normal\" data-rows=\"3\">\r\n    <div class=\"wp-block-columns\"><div class=\"wp-block-column\"><div class='ls-cta'>\n\n<a href=\"https:\/\/chapelains.com\/de\/camping-familien-saillans\/\" target=\"\" rel=\"noopener\" class=\"ls-cta__link\">\n\n\t<div class=\"ls-cta__image\"><img decoding=\"async\" src=\"https:\/\/chapelains.com\/wp-content\/uploads\/2023\/10\/camping-familial-drome-1.webp\" alt=\"familiencamping drome\"><\/div>\n\t<div class=\"ls-cta__title\">\n\t\tDienste\t<\/div>\n\n\t\t\n<\/a><\/div><\/div><div class=\"wp-block-column\"><div class='ls-cta'>\n\n<a href=\"https:\/\/chapelains.com\/de\/camping-am-fluss-saillans\/\" target=\"\" rel=\"noopener\" class=\"ls-cta__link\">\n\n\t<div class=\"ls-cta__image\"><img decoding=\"async\" src=\"https:\/\/chapelains.com\/wp-content\/uploads\/2023\/10\/camping-bord-de-riviere-drome.webp\" alt=\"camping am flussufer drome\"><\/div>\n\t<div class=\"ls-cta__title\">\n\t\tFlussufer\t<\/div>\n\n\t\t\n<\/a><\/div><\/div><div class=\"wp-block-column\"><div class='ls-cta'>\n\n<a href=\"https:\/\/chapelains.com\/de\/restaurant-snack-in-saillans\/\" target=\"\" rel=\"noopener\" class=\"ls-cta__link\">\n\n\t<div class=\"ls-cta__image\"><img decoding=\"async\" src=\"https:\/\/chapelains.com\/wp-content\/uploads\/2023\/10\/snack-restauration-camping-les-chapelains.webp\" alt=\"snack restaurant camping les chapelains\"><\/div>\n\t<div class=\"ls-cta__title\">\n\t\tBar Restaurant\t<\/div>\n\n\t\t\n<\/a><\/div><\/div><\/div><\/div>\n\r\n    <\/div>\r\n<\/section>","protected":false},"excerpt":{"rendered":"","protected":false},"author":1,"featured_media":6350,"parent":0,"menu_order":0,"comment_status":"closed","ping_status":"closed","template":"","meta":{"_acf_changed":false,"footnotes":""},"sujet":[],"class_list":["post-7674","page","type-page","status-publish","has-post-thumbnail","hentry"],"acf":[],"yoast_head":"<!-- This site is optimized with the Yoast SEO plugin v23.4 - https:\/\/yoast.com\/wordpress\/plugins\/seo\/ -->\n<title>Empfang von Gruppen auf dem Campingplatz und im Restaurant Chapelains<\/title>\n<meta name=\"robots\" content=\"index, follow, max-snippet:-1, max-image-preview:large, max-video-preview:-1\" \/>\n<link rel=\"canonical\" href=\"https:\/\/chapelains.com\/de\/empfang-von-gruppen\/\" \/>\n<meta property=\"og:locale\" content=\"de_DE\" \/>\n<meta property=\"og:type\" content=\"article\" \/>\n<meta property=\"og:title\" content=\"Empfang von Gruppen auf dem Campingplatz und im Restaurant Chapelains\" \/>\n<meta property=\"og:url\" content=\"https:\/\/chapelains.com\/de\/empfang-von-gruppen\/\" \/>\n<meta property=\"og:site_name\" content=\"Camping Les Chapelains\" \/>\n<meta property=\"article:modified_time\" content=\"2025-01-22T16:54:54+00:00\" \/>\n<meta property=\"og:image\" content=\"https:\/\/chapelains.com\/wp-content\/uploads\/2023\/10\/camping-groupe-dans-le-drome.jpg\" \/>\n\t<meta property=\"og:image:width\" content=\"1920\" \/>\n\t<meta property=\"og:image:height\" content=\"500\" \/>\n\t<meta property=\"og:image:type\" content=\"image\/jpeg\" \/>\n<meta name=\"twitter:card\" content=\"summary_large_image\" \/>\n<meta name=\"twitter:label1\" content=\"Gesch\u00e4tzte Lesezeit\" \/>\n\t<meta name=\"twitter:data1\" content=\"1\u00a0Minute\" \/>\n<script type=\"application\/ld+json\" class=\"yoast-schema-graph\">{\"@context\":\"https:\/\/schema.org\",\"@graph\":[{\"@type\":\"WebPage\",\"@id\":\"https:\/\/chapelains.com\/de\/empfang-von-gruppen\/\",\"url\":\"https:\/\/chapelains.com\/de\/empfang-von-gruppen\/\",\"name\":\"Empfang von Gruppen auf dem Campingplatz und im Restaurant Chapelains\",\"isPartOf\":{\"@id\":\"https:\/\/chapelains.com\/de\/#website\"},\"primaryImageOfPage\":{\"@id\":\"https:\/\/chapelains.com\/de\/empfang-von-gruppen\/#primaryimage\"},\"image\":{\"@id\":\"https:\/\/chapelains.com\/de\/empfang-von-gruppen\/#primaryimage\"},\"thumbnailUrl\":\"https:\/\/chapelains.com\/wp-content\/uploads\/2023\/10\/camping-groupe-dans-le-drome.jpg\",\"datePublished\":\"2023-10-13T10:28:34+00:00\",\"dateModified\":\"2025-01-22T16:54:54+00:00\",\"breadcrumb\":{\"@id\":\"https:\/\/chapelains.com\/de\/empfang-von-gruppen\/#breadcrumb\"},\"inLanguage\":\"de\",\"potentialAction\":[{\"@type\":\"ReadAction\",\"target\":[\"https:\/\/chapelains.com\/de\/empfang-von-gruppen\/\"]}]},{\"@type\":\"ImageObject\",\"inLanguage\":\"de\",\"@id\":\"https:\/\/chapelains.com\/de\/empfang-von-gruppen\/#primaryimage\",\"url\":\"https:\/\/chapelains.com\/wp-content\/uploads\/2023\/10\/camping-groupe-dans-le-drome.jpg\",\"contentUrl\":\"https:\/\/chapelains.com\/wp-content\/uploads\/2023\/10\/camping-groupe-dans-le-drome.jpg\",\"width\":1920,\"height\":500,\"caption\":\"campinggruppe in drome\"},{\"@type\":\"BreadcrumbList\",\"@id\":\"https:\/\/chapelains.com\/de\/empfang-von-gruppen\/#breadcrumb\",\"itemListElement\":[{\"@type\":\"ListItem\",\"position\":1,\"name\":\"Camping Dr\u00f4me\",\"item\":\"https:\/\/chapelains.com\/de\/\"},{\"@type\":\"ListItem\",\"position\":2,\"name\":\"Empfang von Gruppen\"}]},{\"@type\":\"WebSite\",\"@id\":\"https:\/\/chapelains.com\/de\/#website\",\"url\":\"https:\/\/chapelains.com\/de\/\",\"name\":\"Camping Les Chapelains\",\"description\":\"\",\"publisher\":{\"@id\":\"https:\/\/chapelains.com\/de\/#organization\"},\"potentialAction\":[{\"@type\":\"SearchAction\",\"target\":{\"@type\":\"EntryPoint\",\"urlTemplate\":\"https:\/\/chapelains.com\/de\/?s={search_term_string}\"},\"query-input\":{\"@type\":\"PropertyValueSpecification\",\"valueRequired\":true,\"valueName\":\"search_term_string\"}}],\"inLanguage\":\"de\"},{\"@type\":\"Organization\",\"@id\":\"https:\/\/chapelains.com\/de\/#organization\",\"name\":\"Camping Les Chapelains\",\"url\":\"https:\/\/chapelains.com\/de\/\",\"logo\":{\"@type\":\"ImageObject\",\"inLanguage\":\"de\",\"@id\":\"https:\/\/chapelains.com\/de\/#\/schema\/logo\/image\/\",\"url\":\"https:\/\/chapelains.com\/wp-content\/uploads\/2023\/03\/logo-camping-les-chapelains.png\",\"contentUrl\":\"https:\/\/chapelains.com\/wp-content\/uploads\/2023\/03\/logo-camping-les-chapelains.png\",\"width\":263,\"height\":170,\"caption\":\"Camping Les Chapelains\"},\"image\":{\"@id\":\"https:\/\/chapelains.com\/de\/#\/schema\/logo\/image\/\"}}]}<\/script>\n<!-- \/ Yoast SEO plugin. -->","yoast_head_json":{"title":"Empfang von Gruppen auf dem Campingplatz und im Restaurant Chapelains","robots":{"index":"index","follow":"follow","max-snippet":"max-snippet:-1","max-image-preview":"max-image-preview:large","max-video-preview":"max-video-preview:-1"},"canonical":"https:\/\/chapelains.com\/de\/empfang-von-gruppen\/","og_locale":"de_DE","og_type":"article","og_title":"Empfang von Gruppen auf dem Campingplatz und im Restaurant Chapelains","og_url":"https:\/\/chapelains.com\/de\/empfang-von-gruppen\/","og_site_name":"Camping Les Chapelains","article_modified_time":"2025-01-22T16:54:54+00:00","og_image":[{"width":1920,"height":500,"url":"https:\/\/chapelains.com\/wp-content\/uploads\/2023\/10\/camping-groupe-dans-le-drome.jpg","type":"image\/jpeg"}],"twitter_card":"summary_large_image","twitter_misc":{"Gesch\u00e4tzte Lesezeit":"1\u00a0Minute"},"schema":{"@context":"https:\/\/schema.org","@graph":[{"@type":"WebPage","@id":"https:\/\/chapelains.com\/de\/empfang-von-gruppen\/","url":"https:\/\/chapelains.com\/de\/empfang-von-gruppen\/","name":"Empfang von Gruppen auf dem Campingplatz und im Restaurant Chapelains","isPartOf":{"@id":"https:\/\/chapelains.com\/de\/#website"},"primaryImageOfPage":{"@id":"https:\/\/chapelains.com\/de\/empfang-von-gruppen\/#primaryimage"},"image":{"@id":"https:\/\/chapelains.com\/de\/empfang-von-gruppen\/#primaryimage"},"thumbnailUrl":"https:\/\/chapelains.com\/wp-content\/uploads\/2023\/10\/camping-groupe-dans-le-drome.jpg","datePublished":"2023-10-13T10:28:34+00:00","dateModified":"2025-01-22T16:54:54+00:00","breadcrumb":{"@id":"https:\/\/chapelains.com\/de\/empfang-von-gruppen\/#breadcrumb"},"inLanguage":"de","potentialAction":[{"@type":"ReadAction","target":["https:\/\/chapelains.com\/de\/empfang-von-gruppen\/"]}]},{"@type":"ImageObject","inLanguage":"de","@id":"https:\/\/chapelains.com\/de\/empfang-von-gruppen\/#primaryimage","url":"https:\/\/chapelains.com\/wp-content\/uploads\/2023\/10\/camping-groupe-dans-le-drome.jpg","contentUrl":"https:\/\/chapelains.com\/wp-content\/uploads\/2023\/10\/camping-groupe-dans-le-drome.jpg","width":1920,"height":500,"caption":"campinggruppe in drome"},{"@type":"BreadcrumbList","@id":"https:\/\/chapelains.com\/de\/empfang-von-gruppen\/#breadcrumb","itemListElement":[{"@type":"ListItem","position":1,"name":"Camping Dr\u00f4me","item":"https:\/\/chapelains.com\/de\/"},{"@type":"ListItem","position":2,"name":"Empfang von Gruppen"}]},{"@type":"WebSite","@id":"https:\/\/chapelains.com\/de\/#website","url":"https:\/\/chapelains.com\/de\/","name":"Camping Les Chapelains","description":"","publisher":{"@id":"https:\/\/chapelains.com\/de\/#organization"},"potentialAction":[{"@type":"SearchAction","target":{"@type":"EntryPoint","urlTemplate":"https:\/\/chapelains.com\/de\/?s={search_term_string}"},"query-input":{"@type":"PropertyValueSpecification","valueRequired":true,"valueName":"search_term_string"}}],"inLanguage":"de"},{"@type":"Organization","@id":"https:\/\/chapelains.com\/de\/#organization","name":"Camping Les Chapelains","url":"https:\/\/chapelains.com\/de\/","logo":{"@type":"ImageObject","inLanguage":"de","@id":"https:\/\/chapelains.com\/de\/#\/schema\/logo\/image\/","url":"https:\/\/chapelains.com\/wp-content\/uploads\/2023\/03\/logo-camping-les-chapelains.png","contentUrl":"https:\/\/chapelains.com\/wp-content\/uploads\/2023\/03\/logo-camping-les-chapelains.png","width":263,"height":170,"caption":"Camping Les Chapelains"},"image":{"@id":"https:\/\/chapelains.com\/de\/#\/schema\/logo\/image\/"}}]}},"_links":{"self":[{"href":"https:\/\/chapelains.com\/de\/wp-json\/wp\/v2\/pages\/7674","targetHints":{"allow":["GET"]}}],"collection":[{"href":"https:\/\/chapelains.com\/de\/wp-json\/wp\/v2\/pages"}],"about":[{"href":"https:\/\/chapelains.com\/de\/wp-json\/wp\/v2\/types\/page"}],"author":[{"embeddable":true,"href":"https:\/\/chapelains.com\/de\/wp-json\/wp\/v2\/users\/1"}],"replies":[{"embeddable":true,"href":"https:\/\/chapelains.com\/de\/wp-json\/wp\/v2\/comments?post=7674"}],"version-history":[{"count":1,"href":"https:\/\/chapelains.com\/de\/wp-json\/wp\/v2\/pages\/7674\/revisions"}],"predecessor-version":[{"id":7675,"href":"https:\/\/chapelains.com\/de\/wp-json\/wp\/v2\/pages\/7674\/revisions\/7675"}],"wp:featuredmedia":[{"embeddable":true,"href":"https:\/\/chapelains.com\/de\/wp-json\/wp\/v2\/media\/6350"}],"wp:attachment":[{"href":"https:\/\/chapelains.com\/de\/wp-json\/wp\/v2\/media?parent=7674"}],"wp:term":[{"taxonomy":"sujet","embeddable":true,"href":"https:\/\/chapelains.com\/de\/wp-json\/wp\/v2\/sujet?post=7674"}],"curies":[{"name":"wp","href":"https:\/\/api.w.org\/{rel}","templated":true}]}}