{"id":7696,"date":"2023-03-10T09:50:17","date_gmt":"2023-03-10T08:50:17","guid":{"rendered":"https:\/\/chapelains.com\/restaurant-snack-in-saillans\/"},"modified":"2025-01-22T17:50:15","modified_gmt":"2025-01-22T16:50:15","slug":"restaurant-snack-in-saillans","status":"publish","type":"page","link":"https:\/\/chapelains.com\/de\/restaurant-snack-in-saillans\/","title":{"rendered":"Bar Restaurant"},"content":{"rendered":"<section id=\"ls-section-block_9d995e557ade758406851fe89dfdfa2d\" class=\"ls-section  page-one page-one__compact\" >\r\n        <div class=\"container \">\r\n        \n\n<h1 class=\"ls__heading wp-block-heading has-text-align-center has-color-1-color has-text-color\">La Terrasse des Chapelains: Ihr Restaurant auf dem Campingplatz in der Dr\u00f4me<\/h1>\n\n\n\n<p class=\"ls-paragraph has-text-align-center\">In der Terrasse des Chapelains bieten wir Ihnen zahlreiche Dienstleistungen vor Ort oder zum Mitnehmen an: Terrassenbar, Snack, Restaurant, Pizza&#8230;<\/p>\n\n\r\n    <\/div>\r\n<\/section>\n\n<section id=\"ls-section-block_f9be3f519e788ee0a1b18ea4760645a9\" class=\"ls-section  home-first page-one\" >\r\n        <div class=\"container container--wide\">\r\n        \n\n<div class=\"wp-block-columns are-vertically-aligned-center is-layout-flex wp-container-core-columns-is-layout-9d6595d7 wp-block-columns-is-layout-flex\">\n<div class=\"wp-block-column is-vertically-aligned-center is-layout-flow wp-block-column-is-layout-flow\" style=\"flex-basis:33.33%\">\n<h2 class=\"ls__heading wp-block-heading has-color-2-color has-text-color\">Die Snackbar \/ Bar des Campingplatzes<\/h2>\n\n\n\n<p class=\"ls-paragraph\">Schon am Morgen empf\u00e4ngt Sie die Snackbar des <a href=\"https:\/\/chapelains.com\/de\/\">Campingplatzes Les Chapelains in Saillans<\/a> f\u00fcr Momente voller Geschmack dank unserer Auswahl an Kaffee, Nespresso-Cappuccino, Tee oder Fruchts\u00e4ften oder unserer <strong>Fr\u00fchst\u00fccksformel<\/strong> f\u00fcr einen guten Start in den Tag (am Vortag bestellen). Sie k\u00f6nnen auch <strong>frisches Brot und Geb\u00e4ck<\/strong> f\u00fcr den n\u00e4chsten Tag <strong>bestellen<\/strong>.<\/p>\n\n\n\n<p class=\"ls-paragraph\">Den ganzen Tag \u00fcber k\u00f6nnen Sie sich auf der <strong>Terrasse des Chapelains <\/strong>treffen, um sich zu erfrischen, ein Eis zu essen oder ein Getr\u00e4nk zu teilen und sich mit anderen Campern auszutauschen. Wir bieten Eis, Kaltgetr\u00e4nke, eine gro\u00dfe Auswahl an Bieren, Erfrischungsgetr\u00e4nken, Cocktails und anderen Aperitifs mit oder ohne Alkohol. Entdecken Sie unsere <strong>Auswahl an lokalen, biologischen Weinen<\/strong> und <strong>regionalen Spezialit\u00e4ten<\/strong> wie die ber\u00fchmte Clairette de Die Bio von der Domaine Raspail in Saillans.<\/p>\n\n\n\n\n<a href=\"https:\/\/chapelains.com\/wp-content\/uploads\/2023\/03\/20230623-Carte-snack-restaurant-EN_compressed.pdf\" id=\"ls-button-block_029dfbc733ab406d26082017affaa0a2\" target=\"_blank\" rel=\"noopener\" class=\"ls-button aligncenter\" >\n\n    <span>Siehe Karte  <\/span> >\n\n<\/a><\/div>\n\n\n\n<div class=\"wp-block-column is-vertically-aligned-center is-layout-flow wp-block-column-is-layout-flow\" style=\"flex-basis:66.66%\">\n<figure class=\"wp-block-gallery has-nested-images columns-2 is-cropped wp-block-gallery-1 is-layout-flex wp-block-gallery-is-layout-flex\">\n<figure class=\"wp-block-image size-full image-riviere animated fadeIn slow\"><a href=\"https:\/\/chapelains.com\/wp-content\/uploads\/2023\/03\/terrasse-snack-restaurant-bar-camping-chapelains-saillans-1.jpg\"><img decoding=\"async\" width=\"800\" height=\"599\" data-id=\"504\" src=\"https:\/\/chapelains.com\/wp-content\/uploads\/2023\/03\/terrasse-snack-restaurant-bar-camping-chapelains-saillans-1.jpg\" alt=\"terasse snack bar restaurant les chapelains\" class=\"wp-image-504\" srcset=\"https:\/\/chapelains.com\/wp-content\/uploads\/2023\/03\/terrasse-snack-restaurant-bar-camping-chapelains-saillans-1.jpg 800w, https:\/\/chapelains.com\/wp-content\/uploads\/2023\/03\/terrasse-snack-restaurant-bar-camping-chapelains-saillans-1-300x225.jpg 300w, https:\/\/chapelains.com\/wp-content\/uploads\/2023\/03\/terrasse-snack-restaurant-bar-camping-chapelains-saillans-1-768x575.jpg 768w\" sizes=\"(max-width: 800px) 100vw, 800px\" \/><\/a><\/figure>\n\n\n\n<figure class=\"wp-block-image size-full image-rando animated fadeIn delay-100ms slow\"><a href=\"https:\/\/chapelains.com\/wp-content\/uploads\/2023\/03\/poulet-rotissoire-camping-chapelains-saillans.jpg\"><img decoding=\"async\" width=\"600\" height=\"800\" data-id=\"486\" src=\"https:\/\/chapelains.com\/wp-content\/uploads\/2023\/03\/poulet-rotissoire-camping-chapelains-saillans.jpg\" alt=\"h\u00fchnerbraterei restaurant les chapelains\" class=\"wp-image-486\" srcset=\"https:\/\/chapelains.com\/wp-content\/uploads\/2023\/03\/poulet-rotissoire-camping-chapelains-saillans.jpg 600w, https:\/\/chapelains.com\/wp-content\/uploads\/2023\/03\/poulet-rotissoire-camping-chapelains-saillans-225x300.jpg 225w\" sizes=\"(max-width: 600px) 100vw, 600px\" \/><\/a><\/figure>\n\n\n\n<figure class=\"wp-block-image size-large image-combi animated fadeIn delay-200ms slow\"><a href=\"https:\/\/chapelains.com\/wp-content\/uploads\/2023\/03\/snack-pizza-camping-les-chapelains.jpg\"><img decoding=\"async\" width=\"1024\" height=\"576\" data-id=\"495\" src=\"https:\/\/chapelains.com\/wp-content\/uploads\/2023\/03\/snack-pizza-camping-les-chapelains-1024x576.jpg\" alt=\"snack pizz camping les chapelains\" class=\"wp-image-495\" srcset=\"https:\/\/chapelains.com\/wp-content\/uploads\/2023\/03\/snack-pizza-camping-les-chapelains-1024x576.jpg 1024w, https:\/\/chapelains.com\/wp-content\/uploads\/2023\/03\/snack-pizza-camping-les-chapelains-300x169.jpg 300w, https:\/\/chapelains.com\/wp-content\/uploads\/2023\/03\/snack-pizza-camping-les-chapelains-768x432.jpg 768w, https:\/\/chapelains.com\/wp-content\/uploads\/2023\/03\/snack-pizza-camping-les-chapelains.jpg 1244w\" sizes=\"(max-width: 1024px) 100vw, 1024px\" \/><\/a><\/figure>\n\n\n\n<figure class=\"wp-block-image size-full image-gerants animated fadeIn delay-500ms slow\"><a href=\"https:\/\/chapelains.com\/wp-content\/uploads\/2023\/03\/bar-gerants-camping-chapelains-saillans.jpg\"><img decoding=\"async\" width=\"1000\" height=\"800\" data-id=\"483\" src=\"https:\/\/chapelains.com\/wp-content\/uploads\/2023\/03\/bar-gerants-camping-chapelains-saillans.jpg\" alt=\"snack restaurant camping les chapelains\" class=\"wp-image-483\" srcset=\"https:\/\/chapelains.com\/wp-content\/uploads\/2023\/03\/bar-gerants-camping-chapelains-saillans.jpg 1000w, https:\/\/chapelains.com\/wp-content\/uploads\/2023\/03\/bar-gerants-camping-chapelains-saillans-300x240.jpg 300w, https:\/\/chapelains.com\/wp-content\/uploads\/2023\/03\/bar-gerants-camping-chapelains-saillans-768x614.jpg 768w\" sizes=\"(max-width: 1000px) 100vw, 1000px\" \/><\/a><\/figure>\n<\/figure>\n<\/div>\n<\/div>\n\n\r\n    <\/div>\r\n<\/section>\n\n<section id=\"ls-section-block_23516133a3644fabff1ff0501deabddd\" class=\"ls-section  home-second page-two\" >\r\n        <div class=\"container container--full\">\r\n        \n\n<div class=\"wp-block-columns is-layout-flex wp-container-core-columns-is-layout-9d6595d7 wp-block-columns-is-layout-flex\">\n<div class=\"wp-block-column is-layout-flow wp-block-column-is-layout-flow\" style=\"flex-basis:66.66%\">\n<figure class=\"wp-block-image size-full animated fadeInLeft slow\"><a href=\"https:\/\/chapelains.com\/wp-content\/uploads\/2023\/09\/restauration-saillans.webp\"><img decoding=\"async\" width=\"1400\" height=\"659\" src=\"https:\/\/chapelains.com\/wp-content\/uploads\/2023\/09\/restauration-saillans.webp\" alt=\"restaurierung saillans\" class=\"wp-image-2230\" srcset=\"https:\/\/chapelains.com\/wp-content\/uploads\/2023\/09\/restauration-saillans.webp 1400w, https:\/\/chapelains.com\/wp-content\/uploads\/2023\/09\/restauration-saillans-300x141.webp 300w, https:\/\/chapelains.com\/wp-content\/uploads\/2023\/09\/restauration-saillans-1024x482.webp 1024w, https:\/\/chapelains.com\/wp-content\/uploads\/2023\/09\/restauration-saillans-768x362.webp 768w\" sizes=\"(max-width: 1400px) 100vw, 1400px\" \/><\/a><\/figure>\n<\/div>\n\n\n\n<div class=\"wp-block-column is-layout-flow wp-block-column-is-layout-flow\" style=\"flex-basis:33.33%\">\n<figure class=\"wp-block-image size-large animated fadeInRight delay-500ms slow\"><a href=\"https:\/\/chapelains.com\/wp-content\/uploads\/2023\/09\/restaurant-saillans.webp\"><img decoding=\"async\" width=\"1024\" height=\"744\" src=\"https:\/\/chapelains.com\/wp-content\/uploads\/2023\/09\/restaurant-saillans-1024x744.webp\" alt=\"restaurant saillans\" class=\"wp-image-2209\" srcset=\"https:\/\/chapelains.com\/wp-content\/uploads\/2023\/09\/restaurant-saillans-1024x744.webp 1024w, https:\/\/chapelains.com\/wp-content\/uploads\/2023\/09\/restaurant-saillans-300x218.webp 300w, https:\/\/chapelains.com\/wp-content\/uploads\/2023\/09\/restaurant-saillans-768x558.webp 768w, https:\/\/chapelains.com\/wp-content\/uploads\/2023\/09\/restaurant-saillans.webp 1400w\" sizes=\"(max-width: 1024px) 100vw, 1024px\" \/><\/a><\/figure>\n\n\n\n<span class=\"chapelains-restaurant\"><\/span>\n<\/div>\n<\/div>\n\n\n\n<div class=\"wp-block-columns home-second__text is-layout-flex wp-container-core-columns-is-layout-9d6595d7 wp-block-columns-is-layout-flex\">\n<div class=\"wp-block-column is-layout-flow wp-block-column-is-layout-flow\">\n<h2 class=\"ls__heading wp-block-heading has-text-align-center has-color-2-color has-text-color\">Restaurant- \/ Snackbereich auf unserem Campingplatz in der Dr\u00f4me<\/h2>\n\n\n\n<p class=\"ls-paragraph has-text-align-center\">In der Hochsaison jeden Abend ge\u00f6ffnet, an Wochenenden au\u00dferhalb der Hochsaison (f\u00fcr Gruppen und Sonderw\u00fcnsche auch an anderen Tagen m\u00f6glich).  <\/p>\n\n\n\n<p class=\"ls-paragraph has-text-align-center\">Wenn Sie keine Lust zum Kochen haben, um Ihre Tage voll auszukosten, und wenn Sie <strong>die regionale K\u00fcche genie\u00dfen<\/strong> m\u00f6chten, begeben Sie sich in das Restaurant La Terrasse des Chapelains unter den Pappeln.<\/p>\n\n\n\n<p class=\"ls-paragraph has-text-align-center\">Wir legen Wert auf eine einfache, schmackhafte und gepflegte K\u00fcche und bevorzugen saisonale Produkte von lokalen Produzenten. Wir bevorzugen<strong> kurze und nachhaltige Kreisl\u00e4ufe<\/strong>. Wer lokal und saisonal isst, nimmt wieder Kontakt zu den Menschen auf, die uns ern\u00e4hren, findet die <strong>Frische der Lebensmittel<\/strong> und den <strong>Geschmack<\/strong> der Region wieder und unterst\u00fctzt die Entwicklung der Wirtschaft in unserer Region.<\/p>\n\n\n\n<p class=\"ls-paragraph has-text-align-center\">F\u00fcr Ihre Wander-, Fahrrad- oder Kanuausfl\u00fcge bieten wir unser <strong>leckeres &#8222;Outdoor&#8220;-Picknick<\/strong> an, das Sie zum Mittagessen mitnehmen k\u00f6nnen.<\/p>\n\n\n\n<p class=\"ls-paragraph has-text-align-center\">Finden Sie auch unser <strong>Snackangebot<\/strong>, f\u00fcr <strong>Snacks<\/strong> oder <strong>Mahlzeiten &#8222;auf die Schnelle&#8220; <\/strong>: Pizza, Pommes frites, Burger&#8230;<\/p>\n<\/div>\n<\/div>\n\n\r\n    <\/div>\r\n<\/section>\n\n<section id=\"ls-section-block_c8eeb6e8b3496127914476f616dec044\" class=\"ls-section  page-cta\" >\r\n        <div class=\"container container--wide\">\r\n        \n\n<div id=\"ls-heading ls-titre-div-block_98c131df3ea5dc9ff6544dd06e882208\" class=\"ls-titre-div aligncenter h2-like\" >\n    Entdecken Sie unsere anderen Dienstleistungen<\/div>\n\n\n<div id=\"ls-maillage-block_b83bcb549a4b0e9d04bab861d8066156\" class=\"ls-maillage cta-style-normal\" data-rows=\"3\">\r\n    <div class=\"wp-block-columns\"><div class=\"wp-block-column\"><div class='ls-cta'>\n\n<a href=\"https:\/\/chapelains.com\/de\/camping-familien-saillans\/\" target=\"\" rel=\"noopener\" class=\"ls-cta__link\">\n\n\t<div class=\"ls-cta__image\"><img decoding=\"async\" src=\"https:\/\/chapelains.com\/wp-content\/uploads\/2023\/10\/camping-familial-drome-1.webp\" alt=\"familiencamping drome\"><\/div>\n\t<div class=\"ls-cta__title\">\n\t\tDienste\t<\/div>\n\n\t\t\n<\/a><\/div><\/div><div class=\"wp-block-column\"><div class='ls-cta'>\n\n<a href=\"https:\/\/chapelains.com\/de\/okologischer-campingplatz-saillans\/\" target=\"\" rel=\"noopener\" class=\"ls-cta__link\">\n\n\t<div class=\"ls-cta__image\"><img decoding=\"async\" src=\"https:\/\/chapelains.com\/wp-content\/uploads\/2023\/10\/camping-respectueux-de-lenvironement.webp\" alt=\"umweltfreundlicher Campingplatz\"><\/div>\n\t<div class=\"ls-cta__title\">\n\t\tUnsere Verpflichtungen\t<\/div>\n\n\t\t\n<\/a><\/div><\/div><div class=\"wp-block-column\"><div class='ls-cta'>\n\n<a href=\"https:\/\/chapelains.com\/de\/camping-aktivitaeten-animations-saillans\/\" target=\"\" rel=\"noopener\" class=\"ls-cta__link\">\n\n\t<div class=\"ls-cta__image\"><img decoding=\"async\" src=\"https:\/\/chapelains.com\/wp-content\/uploads\/2023\/10\/camping-familial-avec-animations-pour-enfants.webp\" alt=\"Familiencampingplatz mit Animationen f\u00fcr Kinder\"><\/div>\n\t<div class=\"ls-cta__title\">\n\t\tAktivit\u00e4ten und Animationen\t<\/div>\n\n\t\t\n<\/a><\/div><\/div><\/div><\/div>\n\r\n    <\/div>\r\n<\/section>","protected":false},"excerpt":{"rendered":"","protected":false},"author":1,"featured_media":4045,"parent":0,"menu_order":0,"comment_status":"closed","ping_status":"closed","template":"","meta":{"_acf_changed":false,"footnotes":""},"sujet":[],"class_list":["post-7696","page","type-page","status-publish","has-post-thumbnail","hentry"],"acf":[],"yoast_head":"<!-- This site is optimized with the Yoast SEO plugin v23.4 - https:\/\/yoast.com\/wordpress\/plugins\/seo\/ -->\n<title>Restaurant in Saillans | Snack in Saillans | Restaurant Dr\u00f4me<\/title>\n<meta name=\"robots\" content=\"index, follow, max-snippet:-1, max-image-preview:large, max-video-preview:-1\" \/>\n<link rel=\"canonical\" href=\"https:\/\/chapelains.com\/de\/restaurant-snack-in-saillans\/\" \/>\n<meta property=\"og:locale\" content=\"de_DE\" \/>\n<meta property=\"og:type\" content=\"article\" \/>\n<meta property=\"og:title\" content=\"Restaurant in Saillans | Snack in Saillans | Restaurant Dr\u00f4me\" \/>\n<meta property=\"og:url\" content=\"https:\/\/chapelains.com\/de\/restaurant-snack-in-saillans\/\" \/>\n<meta property=\"og:site_name\" content=\"Camping Les Chapelains\" \/>\n<meta property=\"article:modified_time\" content=\"2025-01-22T16:50:15+00:00\" \/>\n<meta property=\"og:image\" content=\"https:\/\/chapelains.com\/wp-content\/uploads\/2023\/03\/snack-restauration-camping-les-chapelains.jpg\" \/>\n\t<meta property=\"og:image:width\" content=\"1900\" \/>\n\t<meta property=\"og:image:height\" content=\"700\" \/>\n\t<meta property=\"og:image:type\" content=\"image\/jpeg\" \/>\n<meta name=\"twitter:card\" content=\"summary_large_image\" \/>\n<meta name=\"twitter:label1\" content=\"Gesch\u00e4tzte Lesezeit\" \/>\n\t<meta name=\"twitter:data1\" content=\"4\u00a0Minuten\" \/>\n<script type=\"application\/ld+json\" class=\"yoast-schema-graph\">{\"@context\":\"https:\/\/schema.org\",\"@graph\":[{\"@type\":\"WebPage\",\"@id\":\"https:\/\/chapelains.com\/de\/restaurant-snack-in-saillans\/\",\"url\":\"https:\/\/chapelains.com\/de\/restaurant-snack-in-saillans\/\",\"name\":\"Restaurant in Saillans | Snack in Saillans | Restaurant Dr\u00f4me\",\"isPartOf\":{\"@id\":\"https:\/\/chapelains.com\/de\/#website\"},\"primaryImageOfPage\":{\"@id\":\"https:\/\/chapelains.com\/de\/restaurant-snack-in-saillans\/#primaryimage\"},\"image\":{\"@id\":\"https:\/\/chapelains.com\/de\/restaurant-snack-in-saillans\/#primaryimage\"},\"thumbnailUrl\":\"https:\/\/chapelains.com\/wp-content\/uploads\/2023\/03\/snack-restauration-camping-les-chapelains.jpg\",\"datePublished\":\"2023-03-10T08:50:17+00:00\",\"dateModified\":\"2025-01-22T16:50:15+00:00\",\"breadcrumb\":{\"@id\":\"https:\/\/chapelains.com\/de\/restaurant-snack-in-saillans\/#breadcrumb\"},\"inLanguage\":\"de\",\"potentialAction\":[{\"@type\":\"ReadAction\",\"target\":[\"https:\/\/chapelains.com\/de\/restaurant-snack-in-saillans\/\"]}]},{\"@type\":\"ImageObject\",\"inLanguage\":\"de\",\"@id\":\"https:\/\/chapelains.com\/de\/restaurant-snack-in-saillans\/#primaryimage\",\"url\":\"https:\/\/chapelains.com\/wp-content\/uploads\/2023\/03\/snack-restauration-camping-les-chapelains.jpg\",\"contentUrl\":\"https:\/\/chapelains.com\/wp-content\/uploads\/2023\/03\/snack-restauration-camping-les-chapelains.jpg\",\"width\":1900,\"height\":700,\"caption\":\"snack restaurantcamping les chapelains\"},{\"@type\":\"BreadcrumbList\",\"@id\":\"https:\/\/chapelains.com\/de\/restaurant-snack-in-saillans\/#breadcrumb\",\"itemListElement\":[{\"@type\":\"ListItem\",\"position\":1,\"name\":\"Camping Dr\u00f4me\",\"item\":\"https:\/\/chapelains.com\/de\/\"},{\"@type\":\"ListItem\",\"position\":2,\"name\":\"Restaurant in Saillans\"}]},{\"@type\":\"WebSite\",\"@id\":\"https:\/\/chapelains.com\/de\/#website\",\"url\":\"https:\/\/chapelains.com\/de\/\",\"name\":\"Camping Les Chapelains\",\"description\":\"\",\"publisher\":{\"@id\":\"https:\/\/chapelains.com\/de\/#organization\"},\"potentialAction\":[{\"@type\":\"SearchAction\",\"target\":{\"@type\":\"EntryPoint\",\"urlTemplate\":\"https:\/\/chapelains.com\/de\/?s={search_term_string}\"},\"query-input\":{\"@type\":\"PropertyValueSpecification\",\"valueRequired\":true,\"valueName\":\"search_term_string\"}}],\"inLanguage\":\"de\"},{\"@type\":\"Organization\",\"@id\":\"https:\/\/chapelains.com\/de\/#organization\",\"name\":\"Camping Les Chapelains\",\"url\":\"https:\/\/chapelains.com\/de\/\",\"logo\":{\"@type\":\"ImageObject\",\"inLanguage\":\"de\",\"@id\":\"https:\/\/chapelains.com\/de\/#\/schema\/logo\/image\/\",\"url\":\"https:\/\/chapelains.com\/wp-content\/uploads\/2023\/03\/logo-camping-les-chapelains.png\",\"contentUrl\":\"https:\/\/chapelains.com\/wp-content\/uploads\/2023\/03\/logo-camping-les-chapelains.png\",\"width\":263,\"height\":170,\"caption\":\"Camping Les Chapelains\"},\"image\":{\"@id\":\"https:\/\/chapelains.com\/de\/#\/schema\/logo\/image\/\"}}]}<\/script>\n<!-- \/ Yoast SEO plugin. -->","yoast_head_json":{"title":"Restaurant in Saillans | Snack in Saillans | Restaurant Dr\u00f4me","robots":{"index":"index","follow":"follow","max-snippet":"max-snippet:-1","max-image-preview":"max-image-preview:large","max-video-preview":"max-video-preview:-1"},"canonical":"https:\/\/chapelains.com\/de\/restaurant-snack-in-saillans\/","og_locale":"de_DE","og_type":"article","og_title":"Restaurant in Saillans | Snack in Saillans | Restaurant Dr\u00f4me","og_url":"https:\/\/chapelains.com\/de\/restaurant-snack-in-saillans\/","og_site_name":"Camping Les Chapelains","article_modified_time":"2025-01-22T16:50:15+00:00","og_image":[{"width":1900,"height":700,"url":"https:\/\/chapelains.com\/wp-content\/uploads\/2023\/03\/snack-restauration-camping-les-chapelains.jpg","type":"image\/jpeg"}],"twitter_card":"summary_large_image","twitter_misc":{"Gesch\u00e4tzte Lesezeit":"4\u00a0Minuten"},"schema":{"@context":"https:\/\/schema.org","@graph":[{"@type":"WebPage","@id":"https:\/\/chapelains.com\/de\/restaurant-snack-in-saillans\/","url":"https:\/\/chapelains.com\/de\/restaurant-snack-in-saillans\/","name":"Restaurant in Saillans | Snack in Saillans | Restaurant Dr\u00f4me","isPartOf":{"@id":"https:\/\/chapelains.com\/de\/#website"},"primaryImageOfPage":{"@id":"https:\/\/chapelains.com\/de\/restaurant-snack-in-saillans\/#primaryimage"},"image":{"@id":"https:\/\/chapelains.com\/de\/restaurant-snack-in-saillans\/#primaryimage"},"thumbnailUrl":"https:\/\/chapelains.com\/wp-content\/uploads\/2023\/03\/snack-restauration-camping-les-chapelains.jpg","datePublished":"2023-03-10T08:50:17+00:00","dateModified":"2025-01-22T16:50:15+00:00","breadcrumb":{"@id":"https:\/\/chapelains.com\/de\/restaurant-snack-in-saillans\/#breadcrumb"},"inLanguage":"de","potentialAction":[{"@type":"ReadAction","target":["https:\/\/chapelains.com\/de\/restaurant-snack-in-saillans\/"]}]},{"@type":"ImageObject","inLanguage":"de","@id":"https:\/\/chapelains.com\/de\/restaurant-snack-in-saillans\/#primaryimage","url":"https:\/\/chapelains.com\/wp-content\/uploads\/2023\/03\/snack-restauration-camping-les-chapelains.jpg","contentUrl":"https:\/\/chapelains.com\/wp-content\/uploads\/2023\/03\/snack-restauration-camping-les-chapelains.jpg","width":1900,"height":700,"caption":"snack restaurantcamping les chapelains"},{"@type":"BreadcrumbList","@id":"https:\/\/chapelains.com\/de\/restaurant-snack-in-saillans\/#breadcrumb","itemListElement":[{"@type":"ListItem","position":1,"name":"Camping Dr\u00f4me","item":"https:\/\/chapelains.com\/de\/"},{"@type":"ListItem","position":2,"name":"Restaurant in Saillans"}]},{"@type":"WebSite","@id":"https:\/\/chapelains.com\/de\/#website","url":"https:\/\/chapelains.com\/de\/","name":"Camping Les Chapelains","description":"","publisher":{"@id":"https:\/\/chapelains.com\/de\/#organization"},"potentialAction":[{"@type":"SearchAction","target":{"@type":"EntryPoint","urlTemplate":"https:\/\/chapelains.com\/de\/?s={search_term_string}"},"query-input":{"@type":"PropertyValueSpecification","valueRequired":true,"valueName":"search_term_string"}}],"inLanguage":"de"},{"@type":"Organization","@id":"https:\/\/chapelains.com\/de\/#organization","name":"Camping Les Chapelains","url":"https:\/\/chapelains.com\/de\/","logo":{"@type":"ImageObject","inLanguage":"de","@id":"https:\/\/chapelains.com\/de\/#\/schema\/logo\/image\/","url":"https:\/\/chapelains.com\/wp-content\/uploads\/2023\/03\/logo-camping-les-chapelains.png","contentUrl":"https:\/\/chapelains.com\/wp-content\/uploads\/2023\/03\/logo-camping-les-chapelains.png","width":263,"height":170,"caption":"Camping Les Chapelains"},"image":{"@id":"https:\/\/chapelains.com\/de\/#\/schema\/logo\/image\/"}}]}},"_links":{"self":[{"href":"https:\/\/chapelains.com\/de\/wp-json\/wp\/v2\/pages\/7696","targetHints":{"allow":["GET"]}}],"collection":[{"href":"https:\/\/chapelains.com\/de\/wp-json\/wp\/v2\/pages"}],"about":[{"href":"https:\/\/chapelains.com\/de\/wp-json\/wp\/v2\/types\/page"}],"author":[{"embeddable":true,"href":"https:\/\/chapelains.com\/de\/wp-json\/wp\/v2\/users\/1"}],"replies":[{"embeddable":true,"href":"https:\/\/chapelains.com\/de\/wp-json\/wp\/v2\/comments?post=7696"}],"version-history":[{"count":8,"href":"https:\/\/chapelains.com\/de\/wp-json\/wp\/v2\/pages\/7696\/revisions"}],"predecessor-version":[{"id":8579,"href":"https:\/\/chapelains.com\/de\/wp-json\/wp\/v2\/pages\/7696\/revisions\/8579"}],"wp:featuredmedia":[{"embeddable":true,"href":"https:\/\/chapelains.com\/de\/wp-json\/wp\/v2\/media\/4045"}],"wp:attachment":[{"href":"https:\/\/chapelains.com\/de\/wp-json\/wp\/v2\/media?parent=7696"}],"wp:term":[{"taxonomy":"sujet","embeddable":true,"href":"https:\/\/chapelains.com\/de\/wp-json\/wp\/v2\/sujet?post=7696"}],"curies":[{"name":"wp","href":"https:\/\/api.w.org\/{rel}","templated":true}]}}