{"id":8221,"date":"2023-11-10T09:22:31","date_gmt":"2023-11-10T08:22:31","guid":{"rendered":"https:\/\/chapelains.com\/angebot-special\/"},"modified":"2025-04-13T20:05:13","modified_gmt":"2025-04-13T18:05:13","slug":"angebot-special","status":"publish","type":"page","link":"https:\/\/chapelains.com\/de\/angebot-special\/","title":{"rendered":"Sonderangebot"},"content":{"rendered":"<section id=\"ls-section-block_5493158acc985437dba2a6fe47ccad72\" class=\"ls-section  page-one block-titre\" >\r\n        <div class=\"container container--wide\">\r\n        \n\n<h1 class=\"ls__heading wp-block-heading has-text-align-center has-color-1-color has-text-color\">Sonderangebot &#8222;Early Booking&#8220;<\/h1>\n\n\r\n    <\/div>\r\n<\/section><section id=\"ls-section-block_eb25571d954304a2fb0a5d00969091f0\" class=\"ls-section  home-first page-one has-p-t p-t-0\" >\r\n        <div class=\"container container--wide\">\r\n        \n\n<div class=\"wp-block-columns is-layout-flex wp-container-core-columns-is-layout-9d6595d7 wp-block-columns-is-layout-flex\">\n<div class=\"wp-block-column is-layout-flow wp-block-column-is-layout-flow\" style=\"flex-basis:75%\">\n<p class=\"ls-paragraph\"><em>Bedingungen f\u00fcr Einzelreservierungen (ausgenommen Gruppen).<\/em><\/p>\n\n\n\n<p class=\"ls-paragraph\">Sie haben Lust, einen Urlaub zu planen. Aber die Unsicherheiten lassen Sie z\u00f6gern, und das verstehen wir gut! Deshalb haben wir mit unserem Angebot an Sie gedacht, f\u00fcr maximale Flexibilit\u00e4t und minimales Risiko. Denn wenn Sie fr\u00fch buchen, haben Sie mehr Auswahlm\u00f6glichkeit und den niedrigsten Preis zahlen &#8230;<\/p>\n\n\n\n<p class=\"ls-paragraph\"><strong>3 Gr\u00fcnde, einen Aufenthalt vor dem 30.04.2025 zu buchen<\/strong>: -5 % + ver\u00e4nderbarer Aufenthalt + kostenloser An-\/Abreisetag<\/p>\n\n\n\n<p class=\"ls-paragraph\">\u2013 * Ihr Aufenthalt g\u00fcnstiger: <strong>5 % Erm\u00e4\u00dfigung auf Ihren Aufenthalt<\/strong> ab 3 N\u00e4chten vom 06.09.2025 bis 07.11.2025 und vom 24.08.2025 bis 21.09.2025.<strong> <\/strong>Bei uns gibt es keine Last-Minute-Aktionen: Wir garantieren die besten Preise bei m\u00f6glichst fr\u00fchzeitiger Reservierung. Unsere Preise variieren je nach Jahreszeit. Die niedrigsten Preise gelten f\u00fcr die Zeitr\u00e4ume, in denen die Besucherzahlen am niedrigsten sind. Die h\u00f6chsten Preise gelten f\u00fcr die am h\u00e4ufigsten nachgefragten Zeitr\u00e4ume. <br\/>\u2013 Ihre <strong>Buchung kann bis zu 15 Tage vor Anreise ge\u00e4ndert werden<\/strong>: <em>Kostenlose \u00c4nderung der Daten f\u00fcr die Saison 2025 und\/oder der Art der Unterkunft und\/oder der Personen, je nach Verf\u00fcgbarkeit. Sollte der Preis nach der \u00c4nderung niedriger sein, wird die Preisdifferenz in ein Guthaben umgewandelt, das w\u00e4hrend Ihres Aufenthalts im Jahr 2025 genutzt werden kann. Bei Aufenthalten ab dem 15. August 2025 werden die gezahlten Betr\u00e4ge, wenn die Reservierung f\u00fcr die Saison 2025 nicht ge\u00e4ndert werden kann, in eine Nominalgutschrift umgewandelt, die f\u00fcr die Saison 2026 verwendet werden kann (ohne Verwaltungsgeb\u00fchren und m\u00f6gliche Kosten f\u00fcr eine Reiser\u00fccktrittsversicherung).<\/em><br\/>\u2013 <strong>Freier An-\/Abreisetag<\/strong> Sie m\u00f6chten den Verkehr auf der Stra\u00dfe vermeiden und Ihren Urlaub v\u00f6llig frei gestalten: Wir schreiben Ihnen keinen An- oder Abreisetag vor, Sie haben die Wahl!<br\/><\/p>\n<\/div>\n\n\n\n<div class=\"wp-block-column is-layout-flow wp-block-column-is-layout-flow\">\n<ctv-offers data-display-mode=\"carousel\"><\/ctv-offers>\n<\/div>\n<\/div>\n\n\r\n    <\/div>\r\n<\/section><section id=\"ls-section-block_72fa766bec5618de9377518e46d2ab42\" class=\"ls-section  page-cta has-p-t p-t-0\" >\r\n        <div class=\"container container--wide\">\r\n        \n\n<div id=\"ls-heading ls-titre-div-block_2168fb39d2a641bed900e0ea514c1d42\" class=\"ls-titre-div aligncenter h2-like\" >\n    Entdecken Sie unsere Sonderangebote<\/div>\n\n\n<div id=\"ls-maillage-block_85d59c5ea5858c722e7d50191f3571e1\" class=\"ls-maillage cta-style-normal\" data-rows=\"3\">\r\n    <div class=\"wp-block-columns\"><div class=\"wp-block-column\"><div class='ls-cta'>\n\n<a href=\"https:\/\/chapelains.com\/de\/camping-familien-saillans\/\" target=\"\" rel=\"noopener\" class=\"ls-cta__link\">\n\n\t<div class=\"ls-cta__image\"><img decoding=\"async\" src=\"https:\/\/chapelains.com\/wp-content\/uploads\/2023\/10\/camping-familial-drome-1.webp\" alt=\"familiencamping drome\"><\/div>\n\t<div class=\"ls-cta__title\">\n\t\tDienste\t<\/div>\n\n\t\t\n<\/a><\/div><\/div><div class=\"wp-block-column\"><div class='ls-cta'>\n\n<a href=\"https:\/\/chapelains.com\/de\/vermietung-mobil-home-saillans\/\" target=\"\" rel=\"noopener\" class=\"ls-cta__link\">\n\n\t<div class=\"ls-cta__image\"><img decoding=\"async\" src=\"https:\/\/chapelains.com\/wp-content\/uploads\/2023\/10\/louer-un-hebergement-dans-la-drome.webp\" alt=\"mieten sie eine ferienwohnung in drome\"><\/div>\n\t<div class=\"ls-cta__title\">\n\t\tVermietungen\t<\/div>\n\n\t\t\n<\/a><\/div><\/div><div class=\"wp-block-column\"><div class='ls-cta'>\n\n<a href=\"https:\/\/chapelains.com\/de\/vermietung-platz-saillans\/\" target=\"\" rel=\"noopener\" class=\"ls-cta__link\">\n\n\t<div class=\"ls-cta__image\"><img decoding=\"async\" src=\"https:\/\/chapelains.com\/wp-content\/uploads\/2023\/10\/emplacement-caravaning-drome.webp\" alt=\"stellplatz f\u00fcr wohnwagen drome\"><\/div>\n\t<div class=\"ls-cta__title\">\n\t\tStandorte\t<\/div>\n\n\t\t\n<\/a><\/div><\/div><\/div><\/div>\n\r\n    <\/div>\r\n<\/section>","protected":false},"excerpt":{"rendered":"","protected":false},"author":1,"featured_media":7793,"parent":0,"menu_order":0,"comment_status":"closed","ping_status":"closed","template":"","meta":{"_acf_changed":false,"footnotes":""},"sujet":[],"class_list":["post-8221","page","type-page","status-publish","has-post-thumbnail","hentry"],"acf":[],"yoast_head":"<!-- This site is optimized with the Yoast SEO plugin v23.4 - https:\/\/yoast.com\/wordpress\/plugins\/seo\/ -->\n<title>Sonderangebote | Promo und Erm\u00e4\u00dfigungen Campingplatz Dr\u00f4me<\/title>\n<meta name=\"robots\" content=\"index, follow, max-snippet:-1, max-image-preview:large, max-video-preview:-1\" \/>\n<link rel=\"canonical\" href=\"https:\/\/chapelains.com\/de\/angebot-special\/\" \/>\n<meta property=\"og:locale\" content=\"de_DE\" \/>\n<meta property=\"og:type\" content=\"article\" \/>\n<meta property=\"og:title\" content=\"Sonderangebote | Promo und Erm\u00e4\u00dfigungen Campingplatz Dr\u00f4me\" \/>\n<meta property=\"og:url\" content=\"https:\/\/chapelains.com\/de\/angebot-special\/\" \/>\n<meta property=\"og:site_name\" content=\"Camping Les Chapelains\" \/>\n<meta property=\"article:modified_time\" content=\"2025-04-13T18:05:13+00:00\" \/>\n<meta property=\"og:image\" content=\"https:\/\/chapelains.com\/wp-content\/uploads\/2023\/10\/camping-familial-drome.webp\" \/>\n\t<meta property=\"og:image:width\" content=\"2000\" \/>\n\t<meta property=\"og:image:height\" content=\"1125\" \/>\n\t<meta property=\"og:image:type\" content=\"image\/webp\" \/>\n<meta name=\"twitter:card\" content=\"summary_large_image\" \/>\n<meta name=\"twitter:label1\" content=\"Gesch\u00e4tzte Lesezeit\" \/>\n\t<meta name=\"twitter:data1\" content=\"1\u00a0Minute\" \/>\n<script type=\"application\/ld+json\" class=\"yoast-schema-graph\">{\"@context\":\"https:\/\/schema.org\",\"@graph\":[{\"@type\":\"WebPage\",\"@id\":\"https:\/\/chapelains.com\/de\/angebot-special\/\",\"url\":\"https:\/\/chapelains.com\/de\/angebot-special\/\",\"name\":\"Sonderangebote | Promo und Erm\u00e4\u00dfigungen Campingplatz Dr\u00f4me\",\"isPartOf\":{\"@id\":\"https:\/\/chapelains.com\/de\/#website\"},\"primaryImageOfPage\":{\"@id\":\"https:\/\/chapelains.com\/de\/angebot-special\/#primaryimage\"},\"image\":{\"@id\":\"https:\/\/chapelains.com\/de\/angebot-special\/#primaryimage\"},\"thumbnailUrl\":\"https:\/\/chapelains.com\/wp-content\/uploads\/2023\/10\/camping-familial-drome.webp\",\"datePublished\":\"2023-11-10T08:22:31+00:00\",\"dateModified\":\"2025-04-13T18:05:13+00:00\",\"breadcrumb\":{\"@id\":\"https:\/\/chapelains.com\/de\/angebot-special\/#breadcrumb\"},\"inLanguage\":\"de\",\"potentialAction\":[{\"@type\":\"ReadAction\",\"target\":[\"https:\/\/chapelains.com\/de\/angebot-special\/\"]}]},{\"@type\":\"ImageObject\",\"inLanguage\":\"de\",\"@id\":\"https:\/\/chapelains.com\/de\/angebot-special\/#primaryimage\",\"url\":\"https:\/\/chapelains.com\/wp-content\/uploads\/2023\/10\/camping-familial-drome.webp\",\"contentUrl\":\"https:\/\/chapelains.com\/wp-content\/uploads\/2023\/10\/camping-familial-drome.webp\",\"width\":2000,\"height\":1125,\"caption\":\"familiencamping drome\"},{\"@type\":\"BreadcrumbList\",\"@id\":\"https:\/\/chapelains.com\/de\/angebot-special\/#breadcrumb\",\"itemListElement\":[{\"@type\":\"ListItem\",\"position\":1,\"name\":\"Camping Dr\u00f4me\",\"item\":\"https:\/\/chapelains.com\/de\/\"},{\"@type\":\"ListItem\",\"position\":2,\"name\":\"Sonderangebot\"}]},{\"@type\":\"WebSite\",\"@id\":\"https:\/\/chapelains.com\/de\/#website\",\"url\":\"https:\/\/chapelains.com\/de\/\",\"name\":\"Camping Les Chapelains\",\"description\":\"\",\"publisher\":{\"@id\":\"https:\/\/chapelains.com\/de\/#organization\"},\"potentialAction\":[{\"@type\":\"SearchAction\",\"target\":{\"@type\":\"EntryPoint\",\"urlTemplate\":\"https:\/\/chapelains.com\/de\/?s={search_term_string}\"},\"query-input\":{\"@type\":\"PropertyValueSpecification\",\"valueRequired\":true,\"valueName\":\"search_term_string\"}}],\"inLanguage\":\"de\"},{\"@type\":\"Organization\",\"@id\":\"https:\/\/chapelains.com\/de\/#organization\",\"name\":\"Camping Les Chapelains\",\"url\":\"https:\/\/chapelains.com\/de\/\",\"logo\":{\"@type\":\"ImageObject\",\"inLanguage\":\"de\",\"@id\":\"https:\/\/chapelains.com\/de\/#\/schema\/logo\/image\/\",\"url\":\"https:\/\/chapelains.com\/wp-content\/uploads\/2023\/03\/logo-camping-les-chapelains.png\",\"contentUrl\":\"https:\/\/chapelains.com\/wp-content\/uploads\/2023\/03\/logo-camping-les-chapelains.png\",\"width\":263,\"height\":170,\"caption\":\"Camping Les Chapelains\"},\"image\":{\"@id\":\"https:\/\/chapelains.com\/de\/#\/schema\/logo\/image\/\"}}]}<\/script>\n<!-- \/ Yoast SEO plugin. -->","yoast_head_json":{"title":"Sonderangebote | Promo und Erm\u00e4\u00dfigungen Campingplatz Dr\u00f4me","robots":{"index":"index","follow":"follow","max-snippet":"max-snippet:-1","max-image-preview":"max-image-preview:large","max-video-preview":"max-video-preview:-1"},"canonical":"https:\/\/chapelains.com\/de\/angebot-special\/","og_locale":"de_DE","og_type":"article","og_title":"Sonderangebote | Promo und Erm\u00e4\u00dfigungen Campingplatz Dr\u00f4me","og_url":"https:\/\/chapelains.com\/de\/angebot-special\/","og_site_name":"Camping Les Chapelains","article_modified_time":"2025-04-13T18:05:13+00:00","og_image":[{"width":2000,"height":1125,"url":"https:\/\/chapelains.com\/wp-content\/uploads\/2023\/10\/camping-familial-drome.webp","type":"image\/webp"}],"twitter_card":"summary_large_image","twitter_misc":{"Gesch\u00e4tzte Lesezeit":"1\u00a0Minute"},"schema":{"@context":"https:\/\/schema.org","@graph":[{"@type":"WebPage","@id":"https:\/\/chapelains.com\/de\/angebot-special\/","url":"https:\/\/chapelains.com\/de\/angebot-special\/","name":"Sonderangebote | Promo und Erm\u00e4\u00dfigungen Campingplatz Dr\u00f4me","isPartOf":{"@id":"https:\/\/chapelains.com\/de\/#website"},"primaryImageOfPage":{"@id":"https:\/\/chapelains.com\/de\/angebot-special\/#primaryimage"},"image":{"@id":"https:\/\/chapelains.com\/de\/angebot-special\/#primaryimage"},"thumbnailUrl":"https:\/\/chapelains.com\/wp-content\/uploads\/2023\/10\/camping-familial-drome.webp","datePublished":"2023-11-10T08:22:31+00:00","dateModified":"2025-04-13T18:05:13+00:00","breadcrumb":{"@id":"https:\/\/chapelains.com\/de\/angebot-special\/#breadcrumb"},"inLanguage":"de","potentialAction":[{"@type":"ReadAction","target":["https:\/\/chapelains.com\/de\/angebot-special\/"]}]},{"@type":"ImageObject","inLanguage":"de","@id":"https:\/\/chapelains.com\/de\/angebot-special\/#primaryimage","url":"https:\/\/chapelains.com\/wp-content\/uploads\/2023\/10\/camping-familial-drome.webp","contentUrl":"https:\/\/chapelains.com\/wp-content\/uploads\/2023\/10\/camping-familial-drome.webp","width":2000,"height":1125,"caption":"familiencamping drome"},{"@type":"BreadcrumbList","@id":"https:\/\/chapelains.com\/de\/angebot-special\/#breadcrumb","itemListElement":[{"@type":"ListItem","position":1,"name":"Camping Dr\u00f4me","item":"https:\/\/chapelains.com\/de\/"},{"@type":"ListItem","position":2,"name":"Sonderangebot"}]},{"@type":"WebSite","@id":"https:\/\/chapelains.com\/de\/#website","url":"https:\/\/chapelains.com\/de\/","name":"Camping Les Chapelains","description":"","publisher":{"@id":"https:\/\/chapelains.com\/de\/#organization"},"potentialAction":[{"@type":"SearchAction","target":{"@type":"EntryPoint","urlTemplate":"https:\/\/chapelains.com\/de\/?s={search_term_string}"},"query-input":{"@type":"PropertyValueSpecification","valueRequired":true,"valueName":"search_term_string"}}],"inLanguage":"de"},{"@type":"Organization","@id":"https:\/\/chapelains.com\/de\/#organization","name":"Camping Les Chapelains","url":"https:\/\/chapelains.com\/de\/","logo":{"@type":"ImageObject","inLanguage":"de","@id":"https:\/\/chapelains.com\/de\/#\/schema\/logo\/image\/","url":"https:\/\/chapelains.com\/wp-content\/uploads\/2023\/03\/logo-camping-les-chapelains.png","contentUrl":"https:\/\/chapelains.com\/wp-content\/uploads\/2023\/03\/logo-camping-les-chapelains.png","width":263,"height":170,"caption":"Camping Les Chapelains"},"image":{"@id":"https:\/\/chapelains.com\/de\/#\/schema\/logo\/image\/"}}]}},"_links":{"self":[{"href":"https:\/\/chapelains.com\/de\/wp-json\/wp\/v2\/pages\/8221","targetHints":{"allow":["GET"]}}],"collection":[{"href":"https:\/\/chapelains.com\/de\/wp-json\/wp\/v2\/pages"}],"about":[{"href":"https:\/\/chapelains.com\/de\/wp-json\/wp\/v2\/types\/page"}],"author":[{"embeddable":true,"href":"https:\/\/chapelains.com\/de\/wp-json\/wp\/v2\/users\/1"}],"replies":[{"embeddable":true,"href":"https:\/\/chapelains.com\/de\/wp-json\/wp\/v2\/comments?post=8221"}],"version-history":[{"count":20,"href":"https:\/\/chapelains.com\/de\/wp-json\/wp\/v2\/pages\/8221\/revisions"}],"predecessor-version":[{"id":8654,"href":"https:\/\/chapelains.com\/de\/wp-json\/wp\/v2\/pages\/8221\/revisions\/8654"}],"wp:featuredmedia":[{"embeddable":true,"href":"https:\/\/chapelains.com\/de\/wp-json\/wp\/v2\/media\/7793"}],"wp:attachment":[{"href":"https:\/\/chapelains.com\/de\/wp-json\/wp\/v2\/media?parent=8221"}],"wp:term":[{"taxonomy":"sujet","embeddable":true,"href":"https:\/\/chapelains.com\/de\/wp-json\/wp\/v2\/sujet?post=8221"}],"curies":[{"name":"wp","href":"https:\/\/api.w.org\/{rel}","templated":true}]}}