{"id":7644,"date":"2023-03-10T09:53:45","date_gmt":"2023-03-10T08:53:45","guid":{"rendered":"https:\/\/chapelains.com\/tourism-in-saillans\/"},"modified":"2025-01-22T17:51:45","modified_gmt":"2025-01-22T16:51:45","slug":"tourism-in-saillans","status":"publish","type":"page","link":"https:\/\/chapelains.com\/en\/tourism-in-saillans\/","title":{"rendered":"Saillans"},"content":{"rendered":"<section id=\"ls-section-block_19bc3bb2e1c297abc71bfda0b4180bbd\" class=\"ls-section  page-one page-one__compact\" >\r\n        <div class=\"container \">\r\n        \n\n<h1 class=\"ls__heading wp-block-heading has-text-align-center has-color-1-color has-text-color\">The picturesque village of Saillans right next to the campsite<\/h1>\n\n\r\n    <\/div>\r\n<\/section><section id=\"ls-section-block_3599d40103b84dac3c8dfe37e17f6321\" class=\"ls-section  home-first page-one\" >\r\n        <div class=\"container container--wide\">\r\n        \n\n<div class=\"wp-block-columns are-vertically-aligned-center is-layout-flex wp-container-core-columns-is-layout-9d6595d7 wp-block-columns-is-layout-flex\">\n<div class=\"wp-block-column is-vertically-aligned-center is-layout-flow wp-block-column-is-layout-flow\" style=\"flex-basis:33.33%\">\n<h2 class=\"ls__heading wp-block-heading has-color-2-color has-text-color\">Things to do in Saillans<\/h2>\n\n\n\n<p class=\"ls-paragraph\">Welcome to <a href=\"https:\/\/www.valleedeladrome-tourisme.com\/\" target=\"_blank\" rel=\"noreferrer noopener nofollow\">Saillans<\/a>! <a href=\"https:\/\/chapelains.com\/en\/\">Les Chapelains campsite in the Dr\u00f4me<\/a> is just a 15-20 minute walk from this <strong>historic, picturesque village<\/strong>, bordered by the wild, free-flowing river and surrounded by <strong>exceptional scenery<\/strong>.<\/p>\n\n\n\n<p class=\"ls-paragraph\">The town&#8217;s history dates back to Roman times, with remains near the tourist office and in the <strong>Romanesque church of Saint-G\u00e9raud<\/strong>. Stroll through the <strong>labyrinth of narrow streets<\/strong> (&#8220;violes&#8221; in Occitan), and marvel at the medieval mansions, arches, vaulted passageways and fountains.<\/p>\n\n\n\n<p class=\"ls-paragraph\">There&#8217;s no shortage of <strong>local events<\/strong>: July 14 festivities, summer flea market on the 2nd Saturday in August. The <strong>village&#8217;s annual<\/strong>&#8220;Vogue&#8221; festival traditionally takes place on the third weekend in August&#8230; Music, aubades (brass band), refreshments, dance, funfair: all the ingredients for a unique festive experience!<\/p>\n<\/div>\n\n\n\n<div class=\"wp-block-column is-vertically-aligned-center is-layout-flow wp-block-column-is-layout-flow\" style=\"flex-basis:66.66%\">\n<figure class=\"wp-block-gallery has-nested-images columns-2 is-cropped wp-block-gallery-1 is-layout-flex wp-block-gallery-is-layout-flex\">\n<figure class=\"wp-block-image size-full image-riviere animated fadeIn slow\"><a href=\"https:\/\/chapelains.com\/wp-content\/uploads\/2023\/04\/decouvrir-le-marche-de-saillans.jpg\"><img decoding=\"async\" width=\"900\" height=\"600\" data-id=\"1243\" src=\"https:\/\/chapelains.com\/wp-content\/uploads\/2023\/04\/decouvrir-le-marche-de-saillans.jpg\" alt=\"discover the saillans market\" class=\"wp-image-1243\" srcset=\"https:\/\/chapelains.com\/wp-content\/uploads\/2023\/04\/decouvrir-le-marche-de-saillans.jpg 900w, https:\/\/chapelains.com\/wp-content\/uploads\/2023\/04\/decouvrir-le-marche-de-saillans-300x200.jpg 300w, https:\/\/chapelains.com\/wp-content\/uploads\/2023\/04\/decouvrir-le-marche-de-saillans-768x512.jpg 768w\" sizes=\"(max-width: 900px) 100vw, 900px\" \/><\/a><\/figure>\n\n\n\n<figure class=\"wp-block-image size-full image-rando animated fadeIn delay-100ms slow\"><a href=\"https:\/\/chapelains.com\/wp-content\/uploads\/2023\/04\/les-fontanes-de-saillans.jpg\"><img decoding=\"async\" width=\"900\" height=\"600\" data-id=\"1255\" src=\"https:\/\/chapelains.com\/wp-content\/uploads\/2023\/04\/les-fontanes-de-saillans.jpg\" alt=\"les fontaines de sailans\" class=\"wp-image-1255\" srcset=\"https:\/\/chapelains.com\/wp-content\/uploads\/2023\/04\/les-fontanes-de-saillans.jpg 900w, https:\/\/chapelains.com\/wp-content\/uploads\/2023\/04\/les-fontanes-de-saillans-300x200.jpg 300w, https:\/\/chapelains.com\/wp-content\/uploads\/2023\/04\/les-fontanes-de-saillans-768x512.jpg 768w\" sizes=\"(max-width: 900px) 100vw, 900px\" \/><\/a><\/figure>\n\n\n\n<figure class=\"wp-block-image size-full image-combi animated fadeIn delay-200ms slow\"><a href=\"https:\/\/chapelains.com\/wp-content\/uploads\/2023\/04\/visite-du-village-de-saillans.jpg\"><img decoding=\"async\" width=\"900\" height=\"600\" data-id=\"1259\" src=\"https:\/\/chapelains.com\/wp-content\/uploads\/2023\/04\/visite-du-village-de-saillans.jpg\" alt=\"visit to the village of saillans\" class=\"wp-image-1259\" srcset=\"https:\/\/chapelains.com\/wp-content\/uploads\/2023\/04\/visite-du-village-de-saillans.jpg 900w, https:\/\/chapelains.com\/wp-content\/uploads\/2023\/04\/visite-du-village-de-saillans-300x200.jpg 300w, https:\/\/chapelains.com\/wp-content\/uploads\/2023\/04\/visite-du-village-de-saillans-768x512.jpg 768w\" sizes=\"(max-width: 900px) 100vw, 900px\" \/><\/a><\/figure>\n\n\n\n<figure class=\"wp-block-image size-full image-gerants animated fadeIn delay-500ms slow\"><a href=\"https:\/\/chapelains.com\/wp-content\/uploads\/2023\/04\/le-village-de-saillans-dans-la-drome.jpg\"><img decoding=\"async\" width=\"900\" height=\"600\" data-id=\"1246\" src=\"https:\/\/chapelains.com\/wp-content\/uploads\/2023\/04\/le-village-de-saillans-dans-la-drome.jpg\" alt=\"the village of saillans in drome\" class=\"wp-image-1246\" srcset=\"https:\/\/chapelains.com\/wp-content\/uploads\/2023\/04\/le-village-de-saillans-dans-la-drome.jpg 900w, https:\/\/chapelains.com\/wp-content\/uploads\/2023\/04\/le-village-de-saillans-dans-la-drome-300x200.jpg 300w, https:\/\/chapelains.com\/wp-content\/uploads\/2023\/04\/le-village-de-saillans-dans-la-drome-768x512.jpg 768w\" sizes=\"(max-width: 900px) 100vw, 900px\" \/><\/a><\/figure>\n<\/figure>\n<\/div>\n<\/div>\n\n\r\n    <\/div>\r\n<\/section><section id=\"ls-section-block_9388d6bd8fc0106574142ea1092b2341\" class=\"ls-section  home-second page-two\" >\r\n        <div class=\"container container--full\">\r\n        \n\n<div class=\"wp-block-columns is-layout-flex wp-container-core-columns-is-layout-9d6595d7 wp-block-columns-is-layout-flex\">\n<div class=\"wp-block-column is-layout-flow wp-block-column-is-layout-flow\" style=\"flex-basis:66.66%\">\n<figure class=\"wp-block-image size-full animated fadeInLeft slow\"><a href=\"https:\/\/chapelains.com\/wp-content\/uploads\/2023\/04\/escalade-proche-camping-les-chapelains-drome.jpg\"><img decoding=\"async\" width=\"900\" height=\"600\" src=\"https:\/\/chapelains.com\/wp-content\/uploads\/2023\/04\/escalade-proche-camping-les-chapelains-drome.jpg\" alt=\"climbing near camping less chapelains drome\" class=\"wp-image-1236\" srcset=\"https:\/\/chapelains.com\/wp-content\/uploads\/2023\/04\/escalade-proche-camping-les-chapelains-drome.jpg 900w, https:\/\/chapelains.com\/wp-content\/uploads\/2023\/04\/escalade-proche-camping-les-chapelains-drome-300x200.jpg 300w, https:\/\/chapelains.com\/wp-content\/uploads\/2023\/04\/escalade-proche-camping-les-chapelains-drome-768x512.jpg 768w\" sizes=\"(max-width: 900px) 100vw, 900px\" \/><\/a><\/figure>\n<\/div>\n\n\n\n<div class=\"wp-block-column is-layout-flow wp-block-column-is-layout-flow\" style=\"flex-basis:33.33%\">\n<figure class=\"wp-block-image size-full animated fadeInRight delay-500ms slow\"><a href=\"https:\/\/chapelains.com\/wp-content\/uploads\/2023\/04\/vtt-dans-la-drome.jpg\"><img decoding=\"async\" width=\"900\" height=\"600\" src=\"https:\/\/chapelains.com\/wp-content\/uploads\/2023\/04\/vtt-dans-la-drome.jpg\" alt=\"mountain biking in drome\" class=\"wp-image-1239\" srcset=\"https:\/\/chapelains.com\/wp-content\/uploads\/2023\/04\/vtt-dans-la-drome.jpg 900w, https:\/\/chapelains.com\/wp-content\/uploads\/2023\/04\/vtt-dans-la-drome-300x200.jpg 300w, https:\/\/chapelains.com\/wp-content\/uploads\/2023\/04\/vtt-dans-la-drome-768x512.jpg 768w\" sizes=\"(max-width: 900px) 100vw, 900px\" \/><\/a><\/figure>\n\n\n<\/div>\n<\/div>\n\n\n\n<div class=\"wp-block-columns home-second__text is-layout-flex wp-container-core-columns-is-layout-9d6595d7 wp-block-columns-is-layout-flex\">\n<div class=\"wp-block-column is-layout-flow wp-block-column-is-layout-flow\">\n<h2 class=\"ls__heading wp-block-heading has-text-align-center has-color-2-color has-text-color\">Family visits<\/h2>\n\n\n\n<p class=\"ls-paragraph has-text-align-center\">The Pays de Saillans is an ideal place for nature lovers and outdoor enthusiasts, whether <strong>on the river or in the mountains<\/strong>.<\/p>\n\n\n\n<p class=\"ls-paragraph has-text-align-center\">As a family, with children or teenagers, a vacation in Saillans on the <a href=\"https:\/\/chapelains.com\/en\/river-camping-saillans\/\">banks of the Dr\u00f4me river<\/a> will enable you to enjoy swimming, canoeing, mountain biking, cycling and hiking, climbing, fishing, rafting and canyoning, gliding and paragliding.<\/p>\n\n\n\n<p class=\"ls-paragraph has-text-align-center\">In the heart of the village, the <strong>park or public garden <\/strong>and the <strong>city stadium<\/strong> are ideal places to relax and socialize. <strong>The banks of the Dr\u00f4me river<\/strong> are ideal for swimming or family picnics in the shade of the trees.<\/p>\n<\/div>\n<\/div>\n\n\r\n    <\/div>\r\n<\/section><section id=\"ls-section-block_e8b678824fedc62bb4e3c5734f06696c\" class=\"ls-section  home-third has-p-t p-t-0\" >\r\n        <div class=\"container container--wide\">\r\n        \n\n<div class=\"wp-block-columns is-layout-flex wp-container-core-columns-is-layout-9d6595d7 wp-block-columns-is-layout-flex\">\n<div class=\"wp-block-column is-vertically-aligned-center animated fadeInLeft slow is-layout-flow wp-block-column-is-layout-flow\" style=\"flex-basis:66.66%\">\n<figure class=\"wp-block-image size-full\"><a href=\"https:\/\/chapelains.com\/wp-content\/uploads\/2023\/10\/visiter-saillans-et-ses-alentours.jpg\"><img decoding=\"async\" width=\"900\" height=\"600\" src=\"https:\/\/chapelains.com\/wp-content\/uploads\/2023\/10\/visiter-saillans-et-ses-alentours.jpg\" alt=\"visiting saillans and the surrounding area\" class=\"wp-image-2653\" srcset=\"https:\/\/chapelains.com\/wp-content\/uploads\/2023\/10\/visiter-saillans-et-ses-alentours.jpg 900w, https:\/\/chapelains.com\/wp-content\/uploads\/2023\/10\/visiter-saillans-et-ses-alentours-300x200.jpg 300w, https:\/\/chapelains.com\/wp-content\/uploads\/2023\/10\/visiter-saillans-et-ses-alentours-768x512.jpg 768w\" sizes=\"(max-width: 900px) 100vw, 900px\" \/><\/a><\/figure>\n<\/div>\n\n\n\n<div class=\"wp-block-column is-vertically-aligned-center has-color-6-background-color has-background is-layout-flow wp-block-column-is-layout-flow\" style=\"flex-basis:33.33%\">\n<h2 class=\"ls__heading wp-block-heading has-color-2-color has-text-color\">Your dream camping vacation in Saillans<\/h2>\n\n\n\n<p class=\"ls-paragraph\">Saillans is surrounded by exceptional landscapes, a <strong>priceless natural heritage that heralds the garrigues<\/strong> and <strong>scents of Provence<\/strong>.<\/p>\n\n\n\n<p class=\"ls-paragraph\">The <strong>majestic Rochecourbe cliff<\/strong> (known here as &#8220;La Roche&#8221; or &#8220;La Pelle&#8221;) is an irresistible eye-catcher. This<strong> geological curiosity<\/strong> is part of the remarkable perched syncline of Sao\u00fb, a 13 km x 3 km stone vessel formed in the Cretaceous period.  <\/p>\n\n\n\n<p class=\"ls-paragraph\">With its<strong> cliffs and the Trois Becs peaks <\/strong>(Le Veyou, 1589m &#8211; Le Signal, 1559m, Roche Courbe 1545m) it is covered by a forest that has always been a refuge for mankind. An ideal place for <strong>hiking and mountain biking<\/strong>, the <strong>&#8220;Natura 2000&#8221; site<\/strong> also welcomes rock-climbing enthusiasts.<\/p>\n<\/div>\n<\/div>\n\n\r\n    <\/div>\r\n<\/section><section id=\"ls-section-block_ec0490feaec6d020d1cc25254eb3efc1\" class=\"ls-section  home-third-alt has-p-t p-t-0\" >\r\n        <div class=\"container container--wide\">\r\n        \n\n<div class=\"wp-block-columns is-layout-flex wp-container-core-columns-is-layout-9d6595d7 wp-block-columns-is-layout-flex\">\n<div class=\"wp-block-column is-vertically-aligned-center has-color-6-background-color has-background is-layout-flow wp-block-column-is-layout-flow\" style=\"flex-basis:33.33%\">\n<h2 class=\"ls__heading wp-block-heading has-color-2-color has-text-color\">The market in Saillans<\/h2>\n\n\n\n<p class=\"ls-paragraph\">The<strong> Saillans market<\/strong>, <strong>typical of markets in the south of France<\/strong>, takes place every <strong>Sunday morning<\/strong> throughout the year, in the Place du Prieur\u00e9 and Place de la R\u00e9publique, around the magnificent Romanesque church of Saint-G\u00e9raud, built in the 13th century and listed as a historic monument.  <\/p>\n\n\n\n<p class=\"ls-paragraph\">When the weather&#8217;s fine, the market extends into the Grande Rue and Rue du Faubourg du Temple, offering a wide variety of <strong>food and craft products<\/strong>, some of them from <strong>local producers<\/strong>.<\/p>\n<\/div>\n\n\n\n<div class=\"wp-block-column is-vertically-aligned-center animated fadeInLeft slow is-layout-flow wp-block-column-is-layout-flow\" style=\"flex-basis:66.66%\">\n<figure class=\"wp-block-image size-full\"><a href=\"https:\/\/chapelains.com\/wp-content\/uploads\/2023\/10\/marche-saillans-camping-chapemlaisn.jpg\"><img decoding=\"async\" width=\"900\" height=\"700\" src=\"https:\/\/chapelains.com\/wp-content\/uploads\/2023\/10\/marche-saillans-camping-chapemlaisn.jpg\" alt=\"market saillans camping chapemlaisn\" class=\"wp-image-2521\" srcset=\"https:\/\/chapelains.com\/wp-content\/uploads\/2023\/10\/marche-saillans-camping-chapemlaisn.jpg 900w, https:\/\/chapelains.com\/wp-content\/uploads\/2023\/10\/marche-saillans-camping-chapemlaisn-300x233.jpg 300w, https:\/\/chapelains.com\/wp-content\/uploads\/2023\/10\/marche-saillans-camping-chapemlaisn-768x597.jpg 768w\" sizes=\"(max-width: 900px) 100vw, 900px\" \/><\/a><\/figure>\n<\/div>\n<\/div>\n\n\r\n    <\/div>\r\n<\/section><section id=\"ls-section-block_be575f5bc5ca56b998464ae037b96c02\" class=\"ls-section  page-cta\" >\r\n        <div class=\"container container--wide\">\r\n        \n\n<div id=\"ls-heading ls-titre-div-block_a4172d5391950cd189a810e214a11a65\" class=\"ls-titre-div aligncenter h2-like\" >\n    Nearby attractions<\/div>\n\n\n<div id=\"ls-maillage-block_299e1a76af15e545c9515f1b2833ea05\" class=\"ls-maillage cta-style-normal\" data-rows=\"3\">\r\n    <div class=\"wp-block-columns\"><div class=\"wp-block-column\"><div class='ls-cta'>\n\n<a href=\"https:\/\/chapelains.com\/en\/sport-and-nature-drome\/\" target=\"\" rel=\"noopener\" class=\"ls-cta__link\">\n\n\t<div class=\"ls-cta__image\"><img decoding=\"async\" src=\"https:\/\/chapelains.com\/wp-content\/uploads\/2023\/04\/balade-a-cheval-camping-les-chapelains-drome.jpg\" alt=\"horseback riding camping les chapelains drome\"><\/div>\n\t<div class=\"ls-cta__title\">\n\t\tSport and Nature around the campsite\t<\/div>\n\n\t\t\n<\/a><\/div><\/div><div class=\"wp-block-column\"><div class='ls-cta'>\n\n<a href=\"https:\/\/chapelains.com\/en\/camping-lavender-roads\/\" target=\"\" rel=\"noopener\" class=\"ls-cta__link\">\n\n\t<div class=\"ls-cta__image\"><img decoding=\"async\" src=\"https:\/\/chapelains.com\/wp-content\/uploads\/2023\/04\/decouvrir-les-routes-de-la-lavande.jpg\" alt=\"discover the lavender routes\"><\/div>\n\t<div class=\"ls-cta__title\">\n\t\tLavender routes\t<\/div>\n\n\t\t\n<\/a><\/div><\/div><div class=\"wp-block-column\"><div class='ls-cta'>\n\n<a href=\"https:\/\/chapelains.com\/en\/tourisme-in-drome\/\" target=\"\" rel=\"noopener\" class=\"ls-cta__link\">\n\n\t<div class=\"ls-cta__image\"><img decoding=\"async\" src=\"https:\/\/chapelains.com\/wp-content\/uploads\/2023\/10\/palais-du-facteur-cheval.webp\" alt=\"palais du facteur cheval\"><\/div>\n\t<div class=\"ls-cta__title\">\n\t\tPlaces to visit around the campsite\t<\/div>\n\n\t\t\n<\/a><\/div><\/div><\/div><\/div>\n\r\n    <\/div>\r\n<\/section>","protected":false},"excerpt":{"rendered":"","protected":false},"author":1,"featured_media":7963,"parent":0,"menu_order":0,"comment_status":"closed","ping_status":"closed","template":"","meta":{"_acf_changed":false,"footnotes":""},"sujet":[],"class_list":["post-7644","page","type-page","status-publish","has-post-thumbnail","hentry"],"acf":[],"yoast_head":"<!-- This site is optimized with the Yoast SEO plugin v23.4 - https:\/\/yoast.com\/wordpress\/plugins\/seo\/ -->\n<title>Tourism in Saillans | Visits, activities and markets to do in Saillans<\/title>\n<meta name=\"robots\" content=\"index, follow, max-snippet:-1, max-image-preview:large, max-video-preview:-1\" \/>\n<link rel=\"canonical\" href=\"https:\/\/chapelains.com\/en\/tourism-in-saillans\/\" \/>\n<meta property=\"og:locale\" content=\"en_US\" \/>\n<meta property=\"og:type\" content=\"article\" \/>\n<meta property=\"og:title\" content=\"Tourism in Saillans | Visits, activities and markets to do in Saillans\" \/>\n<meta property=\"og:url\" content=\"https:\/\/chapelains.com\/en\/tourism-in-saillans\/\" \/>\n<meta property=\"og:site_name\" content=\"Camping Les Chapelains\" \/>\n<meta property=\"article:modified_time\" content=\"2025-01-22T16:51:45+00:00\" \/>\n<meta property=\"og:image\" content=\"https:\/\/chapelains.com\/wp-content\/uploads\/2023\/10\/tourisme-visiter-saillans.webp\" \/>\n\t<meta property=\"og:image:width\" content=\"2000\" \/>\n\t<meta property=\"og:image:height\" content=\"521\" \/>\n\t<meta property=\"og:image:type\" content=\"image\/webp\" \/>\n<meta name=\"twitter:card\" content=\"summary_large_image\" \/>\n<meta name=\"twitter:label1\" content=\"Est. reading time\" \/>\n\t<meta name=\"twitter:data1\" content=\"2 minutes\" \/>\n<script type=\"application\/ld+json\" class=\"yoast-schema-graph\">{\"@context\":\"https:\/\/schema.org\",\"@graph\":[{\"@type\":\"WebPage\",\"@id\":\"https:\/\/chapelains.com\/en\/tourism-in-saillans\/\",\"url\":\"https:\/\/chapelains.com\/en\/tourism-in-saillans\/\",\"name\":\"Tourism in Saillans | Visits, activities and markets to do in Saillans\",\"isPartOf\":{\"@id\":\"https:\/\/chapelains.com\/en\/#website\"},\"primaryImageOfPage\":{\"@id\":\"https:\/\/chapelains.com\/en\/tourism-in-saillans\/#primaryimage\"},\"image\":{\"@id\":\"https:\/\/chapelains.com\/en\/tourism-in-saillans\/#primaryimage\"},\"thumbnailUrl\":\"https:\/\/chapelains.com\/wp-content\/uploads\/2023\/10\/tourisme-visiter-saillans.webp\",\"datePublished\":\"2023-03-10T08:53:45+00:00\",\"dateModified\":\"2025-01-22T16:51:45+00:00\",\"breadcrumb\":{\"@id\":\"https:\/\/chapelains.com\/en\/tourism-in-saillans\/#breadcrumb\"},\"inLanguage\":\"en-US\",\"potentialAction\":[{\"@type\":\"ReadAction\",\"target\":[\"https:\/\/chapelains.com\/en\/tourism-in-saillans\/\"]}]},{\"@type\":\"ImageObject\",\"inLanguage\":\"en-US\",\"@id\":\"https:\/\/chapelains.com\/en\/tourism-in-saillans\/#primaryimage\",\"url\":\"https:\/\/chapelains.com\/wp-content\/uploads\/2023\/10\/tourisme-visiter-saillans.webp\",\"contentUrl\":\"https:\/\/chapelains.com\/wp-content\/uploads\/2023\/10\/tourisme-visiter-saillans.webp\",\"width\":2000,\"height\":521,\"caption\":\"tourism visit saillans\"},{\"@type\":\"BreadcrumbList\",\"@id\":\"https:\/\/chapelains.com\/en\/tourism-in-saillans\/#breadcrumb\",\"itemListElement\":[{\"@type\":\"ListItem\",\"position\":1,\"name\":\"Camping Dr\u00f4me\",\"item\":\"https:\/\/chapelains.com\/en\/\"},{\"@type\":\"ListItem\",\"position\":2,\"name\":\"Tourism in Saillans\"}]},{\"@type\":\"WebSite\",\"@id\":\"https:\/\/chapelains.com\/en\/#website\",\"url\":\"https:\/\/chapelains.com\/en\/\",\"name\":\"Camping Les Chapelains\",\"description\":\"\",\"publisher\":{\"@id\":\"https:\/\/chapelains.com\/en\/#organization\"},\"potentialAction\":[{\"@type\":\"SearchAction\",\"target\":{\"@type\":\"EntryPoint\",\"urlTemplate\":\"https:\/\/chapelains.com\/en\/?s={search_term_string}\"},\"query-input\":{\"@type\":\"PropertyValueSpecification\",\"valueRequired\":true,\"valueName\":\"search_term_string\"}}],\"inLanguage\":\"en-US\"},{\"@type\":\"Organization\",\"@id\":\"https:\/\/chapelains.com\/en\/#organization\",\"name\":\"Camping Les Chapelains\",\"url\":\"https:\/\/chapelains.com\/en\/\",\"logo\":{\"@type\":\"ImageObject\",\"inLanguage\":\"en-US\",\"@id\":\"https:\/\/chapelains.com\/en\/#\/schema\/logo\/image\/\",\"url\":\"https:\/\/chapelains.com\/wp-content\/uploads\/2023\/03\/logo-camping-les-chapelains.png\",\"contentUrl\":\"https:\/\/chapelains.com\/wp-content\/uploads\/2023\/03\/logo-camping-les-chapelains.png\",\"width\":263,\"height\":170,\"caption\":\"Camping Les Chapelains\"},\"image\":{\"@id\":\"https:\/\/chapelains.com\/en\/#\/schema\/logo\/image\/\"}}]}<\/script>\n<!-- \/ Yoast SEO plugin. -->","yoast_head_json":{"title":"Tourism in Saillans | Visits, activities and markets to do in Saillans","robots":{"index":"index","follow":"follow","max-snippet":"max-snippet:-1","max-image-preview":"max-image-preview:large","max-video-preview":"max-video-preview:-1"},"canonical":"https:\/\/chapelains.com\/en\/tourism-in-saillans\/","og_locale":"en_US","og_type":"article","og_title":"Tourism in Saillans | Visits, activities and markets to do in Saillans","og_url":"https:\/\/chapelains.com\/en\/tourism-in-saillans\/","og_site_name":"Camping Les Chapelains","article_modified_time":"2025-01-22T16:51:45+00:00","og_image":[{"width":2000,"height":521,"url":"https:\/\/chapelains.com\/wp-content\/uploads\/2023\/10\/tourisme-visiter-saillans.webp","type":"image\/webp"}],"twitter_card":"summary_large_image","twitter_misc":{"Est. reading time":"2 minutes"},"schema":{"@context":"https:\/\/schema.org","@graph":[{"@type":"WebPage","@id":"https:\/\/chapelains.com\/en\/tourism-in-saillans\/","url":"https:\/\/chapelains.com\/en\/tourism-in-saillans\/","name":"Tourism in Saillans | Visits, activities and markets to do in Saillans","isPartOf":{"@id":"https:\/\/chapelains.com\/en\/#website"},"primaryImageOfPage":{"@id":"https:\/\/chapelains.com\/en\/tourism-in-saillans\/#primaryimage"},"image":{"@id":"https:\/\/chapelains.com\/en\/tourism-in-saillans\/#primaryimage"},"thumbnailUrl":"https:\/\/chapelains.com\/wp-content\/uploads\/2023\/10\/tourisme-visiter-saillans.webp","datePublished":"2023-03-10T08:53:45+00:00","dateModified":"2025-01-22T16:51:45+00:00","breadcrumb":{"@id":"https:\/\/chapelains.com\/en\/tourism-in-saillans\/#breadcrumb"},"inLanguage":"en-US","potentialAction":[{"@type":"ReadAction","target":["https:\/\/chapelains.com\/en\/tourism-in-saillans\/"]}]},{"@type":"ImageObject","inLanguage":"en-US","@id":"https:\/\/chapelains.com\/en\/tourism-in-saillans\/#primaryimage","url":"https:\/\/chapelains.com\/wp-content\/uploads\/2023\/10\/tourisme-visiter-saillans.webp","contentUrl":"https:\/\/chapelains.com\/wp-content\/uploads\/2023\/10\/tourisme-visiter-saillans.webp","width":2000,"height":521,"caption":"tourism visit saillans"},{"@type":"BreadcrumbList","@id":"https:\/\/chapelains.com\/en\/tourism-in-saillans\/#breadcrumb","itemListElement":[{"@type":"ListItem","position":1,"name":"Camping Dr\u00f4me","item":"https:\/\/chapelains.com\/en\/"},{"@type":"ListItem","position":2,"name":"Tourism in Saillans"}]},{"@type":"WebSite","@id":"https:\/\/chapelains.com\/en\/#website","url":"https:\/\/chapelains.com\/en\/","name":"Camping Les Chapelains","description":"","publisher":{"@id":"https:\/\/chapelains.com\/en\/#organization"},"potentialAction":[{"@type":"SearchAction","target":{"@type":"EntryPoint","urlTemplate":"https:\/\/chapelains.com\/en\/?s={search_term_string}"},"query-input":{"@type":"PropertyValueSpecification","valueRequired":true,"valueName":"search_term_string"}}],"inLanguage":"en-US"},{"@type":"Organization","@id":"https:\/\/chapelains.com\/en\/#organization","name":"Camping Les Chapelains","url":"https:\/\/chapelains.com\/en\/","logo":{"@type":"ImageObject","inLanguage":"en-US","@id":"https:\/\/chapelains.com\/en\/#\/schema\/logo\/image\/","url":"https:\/\/chapelains.com\/wp-content\/uploads\/2023\/03\/logo-camping-les-chapelains.png","contentUrl":"https:\/\/chapelains.com\/wp-content\/uploads\/2023\/03\/logo-camping-les-chapelains.png","width":263,"height":170,"caption":"Camping Les Chapelains"},"image":{"@id":"https:\/\/chapelains.com\/en\/#\/schema\/logo\/image\/"}}]}},"_links":{"self":[{"href":"https:\/\/chapelains.com\/en\/wp-json\/wp\/v2\/pages\/7644","targetHints":{"allow":["GET"]}}],"collection":[{"href":"https:\/\/chapelains.com\/en\/wp-json\/wp\/v2\/pages"}],"about":[{"href":"https:\/\/chapelains.com\/en\/wp-json\/wp\/v2\/types\/page"}],"author":[{"embeddable":true,"href":"https:\/\/chapelains.com\/en\/wp-json\/wp\/v2\/users\/1"}],"replies":[{"embeddable":true,"href":"https:\/\/chapelains.com\/en\/wp-json\/wp\/v2\/comments?post=7644"}],"version-history":[{"count":15,"href":"https:\/\/chapelains.com\/en\/wp-json\/wp\/v2\/pages\/7644\/revisions"}],"predecessor-version":[{"id":8167,"href":"https:\/\/chapelains.com\/en\/wp-json\/wp\/v2\/pages\/7644\/revisions\/8167"}],"wp:featuredmedia":[{"embeddable":true,"href":"https:\/\/chapelains.com\/en\/wp-json\/wp\/v2\/media\/7963"}],"wp:attachment":[{"href":"https:\/\/chapelains.com\/en\/wp-json\/wp\/v2\/media?parent=7644"}],"wp:term":[{"taxonomy":"sujet","embeddable":true,"href":"https:\/\/chapelains.com\/en\/wp-json\/wp\/v2\/sujet?post=7644"}],"curies":[{"name":"wp","href":"https:\/\/api.w.org\/{rel}","templated":true}]}}