{"id":7660,"date":"2023-04-13T16:05:36","date_gmt":"2023-04-13T14:05:36","guid":{"rendered":"https:\/\/chapelains.com\/full-marks\/"},"modified":"2025-01-22T17:42:01","modified_gmt":"2025-01-22T16:42:01","slug":"full-marks","status":"publish","type":"page","link":"https:\/\/chapelains.com\/en\/full-marks\/","title":{"rendered":"Legal information"},"content":{"rendered":"<section id=\"ls-section-block_e100efa589dedb98d88a8fdddbfd4bf0\" class=\"ls-section  block-text\" >\r\n        <div class=\"container container--wide\">\r\n        \n\n<h1 class=\"ls__heading wp-block-heading has-text-align-center\">Terms of use<\/h1>\n\n\n\n<h2 class=\"ls__heading wp-block-heading\">Site manager<\/h2>\n\n\n\n<p class=\"ls-paragraph\"><strong>CAMPING LES CHAPELAINS \u2605\u2605\u2605<\/strong><br\/>SAS SANTIAGO <br\/>1105 avenue Georges Coupois<br\/>F-26340 SAILLANS<br\/>T\u00e9l. <a href=\"tel:%2B33%204%2075%2021%2055%2047\" target=\"_blank\" rel=\"noreferrer noopener\">+33 4 75 21 55 47<\/a><br\/>email: <strong>bonjour@chapelains.com<\/strong><br\/>SAS au capital de 20 000 \u20ac<br\/>SIRET : 823 801 501 00011<br\/>TVA Intracommunautaire : FR06 823 801 501<br\/>Publication manager : Jean-Michel Pluvinage<\/p>\n\n\n\n<h2 class=\"ls__heading wp-block-heading\">PRODUCTION<\/h2>\n\n\n\n<p class=\"ls-paragraph\"><strong>GEEK TONIC<\/strong><br\/>Represented by Mr. Yohan Darmayan in his capacity as Manager<br\/>Head office: 50 avenue du Lac Marion, 64200 Biarritz<br\/>Tel: 05 32 74 11 52<br\/>E-mail: support@geek-tonic.com<br\/>Website: <a href=\"https:\/\/www.geek-tonic.com\/\">www.geek-tonic.com<\/a><br\/>SIRET: 89746755100015<br\/>APE: 6201Z<\/p>\n\n\n\n<h2 class=\"ls__heading wp-block-heading\">ROYALTIES AND COPYRIGHTS<\/h2>\n\n\n\n<p class=\"ls-paragraph\">The entire content of this site is protected by French copyright and intellectual property laws. Reproduction on electronic media of all or part of the site in paper or electronic format is prohibited. GEEK TONIC is not responsible for the content of the website. GEEK TONIC also declines all responsibility for external links pointing to this site.<\/p>\n\n\n\n<h3 class=\"ls__heading wp-block-heading has-color-2-color has-text-color\">Photos<\/h3>\n\n\n\n<p class=\"ls-paragraph\">The images and photographs used on this site are subject to copyright and are used with the permission of the respective copyright holders. Most of the photos on the <a href=\"https:\/\/chapelains.com\/en\/\">https:\/\/chapelains.com\/<\/a> website are the property of Camping Les Chapelains, Agence Web Geek Tonic or Office de Tourisme de la Dr\u00f4me.<\/p>\n\n\n\n<ul class=\"ls-list wp-block-list\">\n<li>Photographs owned by Camping Les Chapelains may not be reproduced, modified, transmitted or reused in any way without the prior written permission of the campsite.<\/li>\n\n\n\n<li>Some photographs are provided by Geek Tonic and are used by Camping Les Chapelains with permission. Any reuse of these images by third parties is strictly forbidden without the express consent of Geek Tonic.<\/li>\n\n\n\n<li>Other images are the property of the Agence d&#8217;attractivit\u00e9 de la Dr\u00f4me, accessible via <a href=\"https:\/\/phototheque.ladrometourisme.com\/\" target=\"_blank\" rel=\"noreferrer noopener\">https:\/\/phototheque.ladrometourisme.com\/,<\/a> and are used in accordance with the terms and conditions specified by the Agence. Photographic credits are indicated where appropriate in accordance with the guidelines of the Agence d&#8217;Attractivit\u00e9. For all inquiries concerning their use, please refer directly to the Agence d&#8217;Attractivit\u00e9 de la Dr\u00f4me.<\/li>\n<\/ul>\n\n\n\n<h3 class=\"ls__heading wp-block-heading has-color-2-color has-text-color\">Icons<\/h3>\n\n\n\n<p class=\"ls-paragraph\">The icons on the site are the exclusive property of Geek Tonic, which grants the right to use them to Camping Les Chapelains in the context of its business and for use strictly related to the website. Any reproduction, use, modification or distribution of the icons without the prior written permission of Geek Tonic is strictly prohibited.<\/p>\n\n\n\n<h3 class=\"ls__heading wp-block-heading has-color-2-color has-text-color\">Downloadable documents<\/h3>\n\n\n\n<p class=\"ls-paragraph\">Downloadable documents on this site are the property of Camping Les Chapelains. These documents may be made available for download by site users for information purposes and for personal use only. Any other use, modification, distribution or reproduction of these documents, in any form whatsoever, is strictly prohibited without the prior written consent of Camping Les Chapelains.<\/p>\n\n\n\n<p class=\"ls-paragraph\">To request permission or to report any unauthorized use of material on our website, please contact Camping Les Chapelains via the details provided in the &#8220;Contact&#8221; section of the legal notice.<\/p>\n\n\n\n<h2 class=\"ls__heading wp-block-heading\" id=\"m-t-6\">PERSONAL DATA AND NOMINATIVE INFORMATION<\/h2>\n\n\n\n<p class=\"ls-paragraph\">You have the right to access, modify, rectify and delete data concerning you in accordance with Article 34 of the French Data Protection Act (Loi &#8221; Informatique et Libert\u00e9s &#8221; n\u00b0 78-17 du 6 janvier 1978, modified on August 6, 2018). To exercise your right of access, simply send a written request to the site editor.<\/p>\n\n\n\n<h2 class=\"ls__heading wp-block-heading\">LEGISLATION<\/h2>\n\n\n\n<p class=\"ls-paragraph\">In accordance with the law of March 11, 1957 (art. 41) and the intellectual property code of July 1, 1992, it is forbidden to reproduce any part of the site in whole or in part without prior authorization from the site editor. Logos, visuals, photos, videos, graphic charts and texts are the property of their respective owners. This site may be linked to other sites through hyperlinks. The site editor declines all responsibility for the information presented on these other sites. The Internet user acknowledges that use of this site is governed by French law.<\/p>\n\n\r\n    <\/div>\r\n<\/section>","protected":false},"excerpt":{"rendered":"","protected":false},"author":1,"featured_media":0,"parent":0,"menu_order":0,"comment_status":"closed","ping_status":"closed","template":"","meta":{"_acf_changed":false,"footnotes":""},"sujet":[],"class_list":["post-7660","page","type-page","status-publish","hentry"],"acf":[],"yoast_head":"<!-- This site is optimized with the Yoast SEO plugin v23.4 - https:\/\/yoast.com\/wordpress\/plugins\/seo\/ -->\n<title>Legal information - Camping Les Chapelains<\/title>\n<meta name=\"robots\" content=\"noindex, nofollow\" \/>\n<meta property=\"og:locale\" content=\"en_US\" \/>\n<meta property=\"og:type\" content=\"article\" \/>\n<meta property=\"og:title\" content=\"Legal information - Camping Les Chapelains\" \/>\n<meta property=\"og:url\" content=\"https:\/\/chapelains.com\/en\/full-marks\/\" \/>\n<meta property=\"og:site_name\" content=\"Camping Les Chapelains\" \/>\n<meta property=\"article:modified_time\" content=\"2025-01-22T16:42:01+00:00\" \/>\n<meta name=\"twitter:card\" content=\"summary_large_image\" \/>\n<meta name=\"twitter:label1\" content=\"Est. reading time\" \/>\n\t<meta name=\"twitter:data1\" content=\"3 minutes\" \/>\n<script type=\"application\/ld+json\" class=\"yoast-schema-graph\">{\"@context\":\"https:\/\/schema.org\",\"@graph\":[{\"@type\":\"WebPage\",\"@id\":\"https:\/\/chapelains.com\/en\/full-marks\/\",\"url\":\"https:\/\/chapelains.com\/en\/full-marks\/\",\"name\":\"Legal information - Camping Les Chapelains\",\"isPartOf\":{\"@id\":\"https:\/\/chapelains.com\/en\/#website\"},\"datePublished\":\"2023-04-13T14:05:36+00:00\",\"dateModified\":\"2025-01-22T16:42:01+00:00\",\"breadcrumb\":{\"@id\":\"https:\/\/chapelains.com\/en\/full-marks\/#breadcrumb\"},\"inLanguage\":\"en-US\",\"potentialAction\":[{\"@type\":\"ReadAction\",\"target\":[\"https:\/\/chapelains.com\/en\/full-marks\/\"]}]},{\"@type\":\"BreadcrumbList\",\"@id\":\"https:\/\/chapelains.com\/en\/full-marks\/#breadcrumb\",\"itemListElement\":[{\"@type\":\"ListItem\",\"position\":1,\"name\":\"Camping Dr\u00f4me\",\"item\":\"https:\/\/chapelains.com\/en\/\"},{\"@type\":\"ListItem\",\"position\":2,\"name\":\"Legal information\"}]},{\"@type\":\"WebSite\",\"@id\":\"https:\/\/chapelains.com\/en\/#website\",\"url\":\"https:\/\/chapelains.com\/en\/\",\"name\":\"Camping Les Chapelains\",\"description\":\"\",\"publisher\":{\"@id\":\"https:\/\/chapelains.com\/en\/#organization\"},\"potentialAction\":[{\"@type\":\"SearchAction\",\"target\":{\"@type\":\"EntryPoint\",\"urlTemplate\":\"https:\/\/chapelains.com\/en\/?s={search_term_string}\"},\"query-input\":{\"@type\":\"PropertyValueSpecification\",\"valueRequired\":true,\"valueName\":\"search_term_string\"}}],\"inLanguage\":\"en-US\"},{\"@type\":\"Organization\",\"@id\":\"https:\/\/chapelains.com\/en\/#organization\",\"name\":\"Camping Les Chapelains\",\"url\":\"https:\/\/chapelains.com\/en\/\",\"logo\":{\"@type\":\"ImageObject\",\"inLanguage\":\"en-US\",\"@id\":\"https:\/\/chapelains.com\/en\/#\/schema\/logo\/image\/\",\"url\":\"https:\/\/chapelains.com\/wp-content\/uploads\/2023\/03\/logo-camping-les-chapelains.png\",\"contentUrl\":\"https:\/\/chapelains.com\/wp-content\/uploads\/2023\/03\/logo-camping-les-chapelains.png\",\"width\":263,\"height\":170,\"caption\":\"Camping Les Chapelains\"},\"image\":{\"@id\":\"https:\/\/chapelains.com\/en\/#\/schema\/logo\/image\/\"}}]}<\/script>\n<!-- \/ Yoast SEO plugin. -->","yoast_head_json":{"title":"Legal information - Camping Les Chapelains","robots":{"index":"noindex","follow":"nofollow"},"og_locale":"en_US","og_type":"article","og_title":"Legal information - Camping Les Chapelains","og_url":"https:\/\/chapelains.com\/en\/full-marks\/","og_site_name":"Camping Les Chapelains","article_modified_time":"2025-01-22T16:42:01+00:00","twitter_card":"summary_large_image","twitter_misc":{"Est. reading time":"3 minutes"},"schema":{"@context":"https:\/\/schema.org","@graph":[{"@type":"WebPage","@id":"https:\/\/chapelains.com\/en\/full-marks\/","url":"https:\/\/chapelains.com\/en\/full-marks\/","name":"Legal information - Camping Les Chapelains","isPartOf":{"@id":"https:\/\/chapelains.com\/en\/#website"},"datePublished":"2023-04-13T14:05:36+00:00","dateModified":"2025-01-22T16:42:01+00:00","breadcrumb":{"@id":"https:\/\/chapelains.com\/en\/full-marks\/#breadcrumb"},"inLanguage":"en-US","potentialAction":[{"@type":"ReadAction","target":["https:\/\/chapelains.com\/en\/full-marks\/"]}]},{"@type":"BreadcrumbList","@id":"https:\/\/chapelains.com\/en\/full-marks\/#breadcrumb","itemListElement":[{"@type":"ListItem","position":1,"name":"Camping Dr\u00f4me","item":"https:\/\/chapelains.com\/en\/"},{"@type":"ListItem","position":2,"name":"Legal information"}]},{"@type":"WebSite","@id":"https:\/\/chapelains.com\/en\/#website","url":"https:\/\/chapelains.com\/en\/","name":"Camping Les Chapelains","description":"","publisher":{"@id":"https:\/\/chapelains.com\/en\/#organization"},"potentialAction":[{"@type":"SearchAction","target":{"@type":"EntryPoint","urlTemplate":"https:\/\/chapelains.com\/en\/?s={search_term_string}"},"query-input":{"@type":"PropertyValueSpecification","valueRequired":true,"valueName":"search_term_string"}}],"inLanguage":"en-US"},{"@type":"Organization","@id":"https:\/\/chapelains.com\/en\/#organization","name":"Camping Les Chapelains","url":"https:\/\/chapelains.com\/en\/","logo":{"@type":"ImageObject","inLanguage":"en-US","@id":"https:\/\/chapelains.com\/en\/#\/schema\/logo\/image\/","url":"https:\/\/chapelains.com\/wp-content\/uploads\/2023\/03\/logo-camping-les-chapelains.png","contentUrl":"https:\/\/chapelains.com\/wp-content\/uploads\/2023\/03\/logo-camping-les-chapelains.png","width":263,"height":170,"caption":"Camping Les Chapelains"},"image":{"@id":"https:\/\/chapelains.com\/en\/#\/schema\/logo\/image\/"}}]}},"_links":{"self":[{"href":"https:\/\/chapelains.com\/en\/wp-json\/wp\/v2\/pages\/7660","targetHints":{"allow":["GET"]}}],"collection":[{"href":"https:\/\/chapelains.com\/en\/wp-json\/wp\/v2\/pages"}],"about":[{"href":"https:\/\/chapelains.com\/en\/wp-json\/wp\/v2\/types\/page"}],"author":[{"embeddable":true,"href":"https:\/\/chapelains.com\/en\/wp-json\/wp\/v2\/users\/1"}],"replies":[{"embeddable":true,"href":"https:\/\/chapelains.com\/en\/wp-json\/wp\/v2\/comments?post=7660"}],"version-history":[{"count":2,"href":"https:\/\/chapelains.com\/en\/wp-json\/wp\/v2\/pages\/7660\/revisions"}],"predecessor-version":[{"id":8555,"href":"https:\/\/chapelains.com\/en\/wp-json\/wp\/v2\/pages\/7660\/revisions\/8555"}],"wp:attachment":[{"href":"https:\/\/chapelains.com\/en\/wp-json\/wp\/v2\/media?parent=7660"}],"wp:term":[{"taxonomy":"sujet","embeddable":true,"href":"https:\/\/chapelains.com\/en\/wp-json\/wp\/v2\/sujet?post=7660"}],"curies":[{"name":"wp","href":"https:\/\/api.w.org\/{rel}","templated":true}]}}