{"id":7694,"date":"2023-03-10T09:50:17","date_gmt":"2023-03-10T08:50:17","guid":{"rendered":"https:\/\/chapelains.com\/restaurant-in-saillans\/"},"modified":"2025-01-22T17:50:16","modified_gmt":"2025-01-22T16:50:16","slug":"restaurant-in-saillans","status":"publish","type":"page","link":"https:\/\/chapelains.com\/en\/restaurant-in-saillans\/","title":{"rendered":"Bar restaurant"},"content":{"rendered":"<section id=\"ls-section-block_ee3a97404e9135d6f28924d8589b14f1\" class=\"ls-section  page-one page-one__compact\" >\r\n        <div class=\"container \">\r\n        \n\n<h1 class=\"ls__heading wp-block-heading has-text-align-center has-color-1-color has-text-color\">La Terrasse des Chapelains: your campsite restaurant in the Dr\u00f4me<\/h1>\n\n\n\n<p class=\"ls-paragraph has-text-align-center\">At La Terrasse des Chapelains, we offer a wide range of on-site and takeaway services: terrace bar, snack bar, restaurant, pizza&#8230;<\/p>\n\n\r\n    <\/div>\r\n<\/section>\n\n<section id=\"ls-section-block_3d728465d86eba4049899eaa0b65c1da\" class=\"ls-section  home-first page-one\" >\r\n        <div class=\"container container--wide\">\r\n        \n\n<div class=\"wp-block-columns are-vertically-aligned-center is-layout-flex wp-container-core-columns-is-layout-9d6595d7 wp-block-columns-is-layout-flex\">\n<div class=\"wp-block-column is-vertically-aligned-center is-layout-flow wp-block-column-is-layout-flow\" style=\"flex-basis:33.33%\">\n<h2 class=\"ls__heading wp-block-heading has-color-2-color has-text-color\">The campsite snack bar<\/h2>\n\n\n\n<p class=\"ls-paragraph\">D\u00e8s le matin, le snack \/ bar du <a href=\"https:\/\/chapelains.com\/\">camping Les Chapelains \u00e0 Saillans<\/a> vous accueille pour des moments riches en saveurs gr\u00e2ce \u00e0 notre s\u00e9lection de caf\u00e9s, cappuccino Nespresso, th\u00e9 ou jus de fruits ou notre <strong>formule petit-d\u00e9jeuner<\/strong> pour bien d\u00e9marrer la journ\u00e9e (\u00e0 commander la veille). Vous pouvez aussi <strong>commander du pain frais et des viennoiseries<\/strong> pour le lendemain.<\/p>\n\n\n\n<p class=\"ls-paragraph\">Throughout the day, meet up at the <strong>Terrasse des Chapelains <\/strong>for refreshments, an ice cream, or to share a drink and chat with fellow campers. We offer ice creams, cold drinks, a wide selection of beers, refreshments, cocktails and other aperitifs with or without alcohol. Discover our <strong>selection of local, organic wines<\/strong> and <strong>regional specialties<\/strong> like the famous Clairette de Die Bio from Domaine Raspail in Saillans.<\/p>\n\n\n\n\n<a href=\"https:\/\/chapelains.com\/wp-content\/uploads\/2023\/03\/20230623-Carte-snack-restaurant-EN_compressed.pdf\" id=\"ls-button-block_4d458ebfa4d27ec507eca675e9714acd\" target=\"_blank\" rel=\"noopener\" class=\"ls-button aligncenter\" >\n\n    <span>View menu <\/span> >\n\n<\/a><\/div>\n\n\n\n<div class=\"wp-block-column is-vertically-aligned-center is-layout-flow wp-block-column-is-layout-flow\" style=\"flex-basis:66.66%\">\n<figure class=\"wp-block-gallery has-nested-images columns-2 is-cropped wp-block-gallery-1 is-layout-flex wp-block-gallery-is-layout-flex\">\n<figure class=\"wp-block-image size-full image-riviere animated fadeIn slow\"><a href=\"https:\/\/chapelains.com\/wp-content\/uploads\/2023\/03\/terrasse-snack-restaurant-bar-camping-chapelains-saillans-1.jpg\"><img decoding=\"async\" width=\"800\" height=\"599\" data-id=\"504\" src=\"https:\/\/chapelains.com\/wp-content\/uploads\/2023\/03\/terrasse-snack-restaurant-bar-camping-chapelains-saillans-1.jpg\" alt=\"terasse snack bar restaurant les chapelains\" class=\"wp-image-504\" srcset=\"https:\/\/chapelains.com\/wp-content\/uploads\/2023\/03\/terrasse-snack-restaurant-bar-camping-chapelains-saillans-1.jpg 800w, https:\/\/chapelains.com\/wp-content\/uploads\/2023\/03\/terrasse-snack-restaurant-bar-camping-chapelains-saillans-1-300x225.jpg 300w, https:\/\/chapelains.com\/wp-content\/uploads\/2023\/03\/terrasse-snack-restaurant-bar-camping-chapelains-saillans-1-768x575.jpg 768w\" sizes=\"(max-width: 800px) 100vw, 800px\" \/><\/a><\/figure>\n\n\n\n<figure class=\"wp-block-image size-full image-rando animated fadeIn delay-100ms slow\"><a href=\"https:\/\/chapelains.com\/wp-content\/uploads\/2023\/03\/poulet-rotissoire-camping-chapelains-saillans.jpg\"><img decoding=\"async\" width=\"600\" height=\"800\" data-id=\"486\" src=\"https:\/\/chapelains.com\/wp-content\/uploads\/2023\/03\/poulet-rotissoire-camping-chapelains-saillans.jpg\" alt=\"poulet r\u00f4tissoire restaurant les chapelains\" class=\"wp-image-486\" srcset=\"https:\/\/chapelains.com\/wp-content\/uploads\/2023\/03\/poulet-rotissoire-camping-chapelains-saillans.jpg 600w, https:\/\/chapelains.com\/wp-content\/uploads\/2023\/03\/poulet-rotissoire-camping-chapelains-saillans-225x300.jpg 225w\" sizes=\"(max-width: 600px) 100vw, 600px\" \/><\/a><\/figure>\n\n\n\n<figure class=\"wp-block-image size-large image-combi animated fadeIn delay-200ms slow\"><a href=\"https:\/\/chapelains.com\/wp-content\/uploads\/2023\/03\/snack-pizza-camping-les-chapelains.jpg\"><img decoding=\"async\" width=\"1024\" height=\"576\" data-id=\"495\" src=\"https:\/\/chapelains.com\/wp-content\/uploads\/2023\/03\/snack-pizza-camping-les-chapelains-1024x576.jpg\" alt=\"snack pizz camping les chapelains\" class=\"wp-image-495\" srcset=\"https:\/\/chapelains.com\/wp-content\/uploads\/2023\/03\/snack-pizza-camping-les-chapelains-1024x576.jpg 1024w, https:\/\/chapelains.com\/wp-content\/uploads\/2023\/03\/snack-pizza-camping-les-chapelains-300x169.jpg 300w, https:\/\/chapelains.com\/wp-content\/uploads\/2023\/03\/snack-pizza-camping-les-chapelains-768x432.jpg 768w, https:\/\/chapelains.com\/wp-content\/uploads\/2023\/03\/snack-pizza-camping-les-chapelains.jpg 1244w\" sizes=\"(max-width: 1024px) 100vw, 1024px\" \/><\/a><\/figure>\n\n\n\n<figure class=\"wp-block-image size-full image-gerants animated fadeIn delay-500ms slow\"><a href=\"https:\/\/chapelains.com\/wp-content\/uploads\/2023\/03\/bar-gerants-camping-chapelains-saillans.jpg\"><img decoding=\"async\" width=\"1000\" height=\"800\" data-id=\"483\" src=\"https:\/\/chapelains.com\/wp-content\/uploads\/2023\/03\/bar-gerants-camping-chapelains-saillans.jpg\" alt=\"snack restaurant camping les chapelains\" class=\"wp-image-483\" srcset=\"https:\/\/chapelains.com\/wp-content\/uploads\/2023\/03\/bar-gerants-camping-chapelains-saillans.jpg 1000w, https:\/\/chapelains.com\/wp-content\/uploads\/2023\/03\/bar-gerants-camping-chapelains-saillans-300x240.jpg 300w, https:\/\/chapelains.com\/wp-content\/uploads\/2023\/03\/bar-gerants-camping-chapelains-saillans-768x614.jpg 768w\" sizes=\"(max-width: 1000px) 100vw, 1000px\" \/><\/a><\/figure>\n<\/figure>\n<\/div>\n<\/div>\n\n\r\n    <\/div>\r\n<\/section>\n\n<section id=\"ls-section-block_3d5f5353e64fedee9a0f8afe354cb40f\" class=\"ls-section  home-second page-two\" >\r\n        <div class=\"container container--full\">\r\n        \n\n<div class=\"wp-block-columns is-layout-flex wp-container-core-columns-is-layout-9d6595d7 wp-block-columns-is-layout-flex\">\n<div class=\"wp-block-column is-layout-flow wp-block-column-is-layout-flow\" style=\"flex-basis:66.66%\">\n<figure class=\"wp-block-image size-full animated fadeInLeft slow\"><a href=\"https:\/\/chapelains.com\/wp-content\/uploads\/2023\/09\/restauration-saillans.webp\"><img decoding=\"async\" width=\"1400\" height=\"659\" src=\"https:\/\/chapelains.com\/wp-content\/uploads\/2023\/09\/restauration-saillans.webp\" alt=\"restoration saillans\" class=\"wp-image-2230\" srcset=\"https:\/\/chapelains.com\/wp-content\/uploads\/2023\/09\/restauration-saillans.webp 1400w, https:\/\/chapelains.com\/wp-content\/uploads\/2023\/09\/restauration-saillans-300x141.webp 300w, https:\/\/chapelains.com\/wp-content\/uploads\/2023\/09\/restauration-saillans-1024x482.webp 1024w, https:\/\/chapelains.com\/wp-content\/uploads\/2023\/09\/restauration-saillans-768x362.webp 768w\" sizes=\"(max-width: 1400px) 100vw, 1400px\" \/><\/a><\/figure>\n<\/div>\n\n\n\n<div class=\"wp-block-column is-layout-flow wp-block-column-is-layout-flow\" style=\"flex-basis:33.33%\">\n<figure class=\"wp-block-image size-large animated fadeInRight delay-500ms slow\"><a href=\"https:\/\/chapelains.com\/wp-content\/uploads\/2023\/09\/restaurant-saillans.webp\"><img decoding=\"async\" width=\"1024\" height=\"744\" src=\"https:\/\/chapelains.com\/wp-content\/uploads\/2023\/09\/restaurant-saillans-1024x744.webp\" alt=\"restaurant saillans\" class=\"wp-image-2209\" srcset=\"https:\/\/chapelains.com\/wp-content\/uploads\/2023\/09\/restaurant-saillans-1024x744.webp 1024w, https:\/\/chapelains.com\/wp-content\/uploads\/2023\/09\/restaurant-saillans-300x218.webp 300w, https:\/\/chapelains.com\/wp-content\/uploads\/2023\/09\/restaurant-saillans-768x558.webp 768w, https:\/\/chapelains.com\/wp-content\/uploads\/2023\/09\/restaurant-saillans.webp 1400w\" sizes=\"(max-width: 1024px) 100vw, 1024px\" \/><\/a><\/figure>\n\n\n\n<span class=\"chapelains-restaurant\"><\/span>\n<\/div>\n<\/div>\n\n\n\n<div class=\"wp-block-columns home-second__text is-layout-flex wp-container-core-columns-is-layout-9d6595d7 wp-block-columns-is-layout-flex\">\n<div class=\"wp-block-column is-layout-flow wp-block-column-is-layout-flow\">\n<h2 class=\"ls__heading wp-block-heading has-text-align-center has-color-2-color has-text-color\">Restaurant \/ snack area at our campsite in the Dr\u00f4me<\/h2>\n\n\n\n<p class=\"ls-paragraph has-text-align-center\">Open every evening in high season, weekends out of high season (other days available for groups and special requests).  <\/p>\n\n\n\n<p class=\"ls-paragraph has-text-align-center\">If you don&#8217;t feel like cooking to make the most of your day, if you want to <strong>enjoy regional cuisine<\/strong>, head for the Terrasse des Chapelains restaurant under the poplars.<\/p>\n\n\n\n<p class=\"ls-paragraph has-text-align-center\">Our cuisine is simple, tasty and carefully prepared, with a preference for seasonal produce from local producers. We favor<strong> short, sustainable supply chains.<\/strong> Eating locally and in season means reconnecting with the people who feed us, rediscovering the <strong>freshness of food<\/strong> and the <strong>flavors of the land<\/strong>, and supporting the development of our region&#8217;s economy.<\/p>\n\n\n\n<p class=\"ls-paragraph has-text-align-center\">For your hiking, biking or canoeing outings, we offer a <strong>tasty outdoor picnic<\/strong> to take away for lunch.<\/p>\n\n\n\n<p class=\"ls-paragraph has-text-align-center\">You&#8217;ll also find our <strong>snack offer<\/strong>, for snacks or <strong>meals &#8220;on the go <\/strong>&#8220;: pizza, fries, burgers&#8230;<\/p>\n<\/div>\n<\/div>\n\n\r\n    <\/div>\r\n<\/section>\n\n<section id=\"ls-section-block_6a447a75fa3cd77d41d315e55e75dbb4\" class=\"ls-section  page-cta\" >\r\n        <div class=\"container container--wide\">\r\n        \n\n<div id=\"ls-heading ls-titre-div-block_12b6583c14c656c6717571ea894cf35a\" class=\"ls-titre-div aligncenter h2-like\" >\n    Discover our other services<\/div>\n\n\n<div id=\"ls-maillage-block_06677dae0e86c9a24400e59a387388ec\" class=\"ls-maillage cta-style-normal\" data-rows=\"3\">\r\n    <div class=\"wp-block-columns\"><div class=\"wp-block-column\"><div class='ls-cta'>\n\n<a href=\"https:\/\/chapelains.com\/en\/family-campsite-saillans\/\" target=\"\" rel=\"noopener\" class=\"ls-cta__link\">\n\n\t<div class=\"ls-cta__image\"><img decoding=\"async\" src=\"https:\/\/chapelains.com\/wp-content\/uploads\/2023\/10\/camping-familial-drome-1.webp\" alt=\"drome family campsite\"><\/div>\n\t<div class=\"ls-cta__title\">\n\t\tServices\t<\/div>\n\n\t\t\n<\/a><\/div><\/div><div class=\"wp-block-column\"><div class='ls-cta'>\n\n<a href=\"https:\/\/chapelains.com\/en\/ecological-camping-saillans\/\" target=\"\" rel=\"noopener\" class=\"ls-cta__link\">\n\n\t<div class=\"ls-cta__image\"><img decoding=\"async\" src=\"https:\/\/chapelains.com\/wp-content\/uploads\/2023\/10\/camping-respectueux-de-lenvironement.webp\" alt=\"eco-friendly camping\"><\/div>\n\t<div class=\"ls-cta__title\">\n\t\tOur commitments\t<\/div>\n\n\t\t\n<\/a><\/div><\/div><div class=\"wp-block-column\"><div class='ls-cta'>\n\n<a href=\"https:\/\/chapelains.com\/en\/camping-activities-animations-saillans\/\" target=\"\" rel=\"noopener\" class=\"ls-cta__link\">\n\n\t<div class=\"ls-cta__image\"><img decoding=\"async\" src=\"https:\/\/chapelains.com\/wp-content\/uploads\/2023\/10\/camping-familial-avec-animations-pour-enfants.webp\" alt=\"family campsite with children's entertainment\"><\/div>\n\t<div class=\"ls-cta__title\">\n\t\tActivities and entertainment\t<\/div>\n\n\t\t\n<\/a><\/div><\/div><\/div><\/div>\n\r\n    <\/div>\r\n<\/section>","protected":false},"excerpt":{"rendered":"","protected":false},"author":1,"featured_media":4044,"parent":0,"menu_order":0,"comment_status":"closed","ping_status":"closed","template":"","meta":{"_acf_changed":false,"footnotes":""},"sujet":[],"class_list":["post-7694","page","type-page","status-publish","has-post-thumbnail","hentry"],"acf":[],"yoast_head":"<!-- This site is optimized with the Yoast SEO plugin v23.4 - https:\/\/yoast.com\/wordpress\/plugins\/seo\/ -->\n<title>Restaurant in Saillans | Snack bar in Saillans | Restaurant Dr\u00f4me<\/title>\n<meta name=\"robots\" content=\"index, follow, max-snippet:-1, max-image-preview:large, max-video-preview:-1\" \/>\n<link rel=\"canonical\" href=\"https:\/\/chapelains.com\/en\/restaurant-in-saillans\/\" \/>\n<meta property=\"og:locale\" content=\"en_US\" \/>\n<meta property=\"og:type\" content=\"article\" \/>\n<meta property=\"og:title\" content=\"Restaurant in Saillans | Snack bar in Saillans | Restaurant Dr\u00f4me\" \/>\n<meta property=\"og:url\" content=\"https:\/\/chapelains.com\/en\/restaurant-in-saillans\/\" \/>\n<meta property=\"og:site_name\" content=\"Camping Les Chapelains\" \/>\n<meta property=\"article:modified_time\" content=\"2025-01-22T16:50:16+00:00\" \/>\n<meta property=\"og:image\" content=\"https:\/\/chapelains.com\/wp-content\/uploads\/2023\/03\/snack-restauration-camping-les-chapelains.jpg\" \/>\n\t<meta property=\"og:image:width\" content=\"1900\" \/>\n\t<meta property=\"og:image:height\" content=\"700\" \/>\n\t<meta property=\"og:image:type\" content=\"image\/jpeg\" \/>\n<meta name=\"twitter:card\" content=\"summary_large_image\" \/>\n<meta name=\"twitter:label1\" content=\"Est. reading time\" \/>\n\t<meta name=\"twitter:data1\" content=\"3 minutes\" \/>\n<script type=\"application\/ld+json\" class=\"yoast-schema-graph\">{\"@context\":\"https:\/\/schema.org\",\"@graph\":[{\"@type\":\"WebPage\",\"@id\":\"https:\/\/chapelains.com\/en\/restaurant-in-saillans\/\",\"url\":\"https:\/\/chapelains.com\/en\/restaurant-in-saillans\/\",\"name\":\"Restaurant in Saillans | Snack bar in Saillans | Restaurant Dr\u00f4me\",\"isPartOf\":{\"@id\":\"https:\/\/chapelains.com\/en\/#website\"},\"primaryImageOfPage\":{\"@id\":\"https:\/\/chapelains.com\/en\/restaurant-in-saillans\/#primaryimage\"},\"image\":{\"@id\":\"https:\/\/chapelains.com\/en\/restaurant-in-saillans\/#primaryimage\"},\"thumbnailUrl\":\"https:\/\/chapelains.com\/wp-content\/uploads\/2023\/03\/snack-restauration-camping-les-chapelains.jpg\",\"datePublished\":\"2023-03-10T08:50:17+00:00\",\"dateModified\":\"2025-01-22T16:50:16+00:00\",\"breadcrumb\":{\"@id\":\"https:\/\/chapelains.com\/en\/restaurant-in-saillans\/#breadcrumb\"},\"inLanguage\":\"en-US\",\"potentialAction\":[{\"@type\":\"ReadAction\",\"target\":[\"https:\/\/chapelains.com\/en\/restaurant-in-saillans\/\"]}]},{\"@type\":\"ImageObject\",\"inLanguage\":\"en-US\",\"@id\":\"https:\/\/chapelains.com\/en\/restaurant-in-saillans\/#primaryimage\",\"url\":\"https:\/\/chapelains.com\/wp-content\/uploads\/2023\/03\/snack-restauration-camping-les-chapelains.jpg\",\"contentUrl\":\"https:\/\/chapelains.com\/wp-content\/uploads\/2023\/03\/snack-restauration-camping-les-chapelains.jpg\",\"width\":1900,\"height\":700,\"caption\":\"snack restaurantcamping les chapelains\"},{\"@type\":\"BreadcrumbList\",\"@id\":\"https:\/\/chapelains.com\/en\/restaurant-in-saillans\/#breadcrumb\",\"itemListElement\":[{\"@type\":\"ListItem\",\"position\":1,\"name\":\"Camping Dr\u00f4me\",\"item\":\"https:\/\/chapelains.com\/en\/\"},{\"@type\":\"ListItem\",\"position\":2,\"name\":\"Restaurant in Saillans\"}]},{\"@type\":\"WebSite\",\"@id\":\"https:\/\/chapelains.com\/en\/#website\",\"url\":\"https:\/\/chapelains.com\/en\/\",\"name\":\"Camping Les Chapelains\",\"description\":\"\",\"publisher\":{\"@id\":\"https:\/\/chapelains.com\/en\/#organization\"},\"potentialAction\":[{\"@type\":\"SearchAction\",\"target\":{\"@type\":\"EntryPoint\",\"urlTemplate\":\"https:\/\/chapelains.com\/en\/?s={search_term_string}\"},\"query-input\":{\"@type\":\"PropertyValueSpecification\",\"valueRequired\":true,\"valueName\":\"search_term_string\"}}],\"inLanguage\":\"en-US\"},{\"@type\":\"Organization\",\"@id\":\"https:\/\/chapelains.com\/en\/#organization\",\"name\":\"Camping Les Chapelains\",\"url\":\"https:\/\/chapelains.com\/en\/\",\"logo\":{\"@type\":\"ImageObject\",\"inLanguage\":\"en-US\",\"@id\":\"https:\/\/chapelains.com\/en\/#\/schema\/logo\/image\/\",\"url\":\"https:\/\/chapelains.com\/wp-content\/uploads\/2023\/03\/logo-camping-les-chapelains.png\",\"contentUrl\":\"https:\/\/chapelains.com\/wp-content\/uploads\/2023\/03\/logo-camping-les-chapelains.png\",\"width\":263,\"height\":170,\"caption\":\"Camping Les Chapelains\"},\"image\":{\"@id\":\"https:\/\/chapelains.com\/en\/#\/schema\/logo\/image\/\"}}]}<\/script>\n<!-- \/ Yoast SEO plugin. -->","yoast_head_json":{"title":"Restaurant in Saillans | Snack bar in Saillans | Restaurant Dr\u00f4me","robots":{"index":"index","follow":"follow","max-snippet":"max-snippet:-1","max-image-preview":"max-image-preview:large","max-video-preview":"max-video-preview:-1"},"canonical":"https:\/\/chapelains.com\/en\/restaurant-in-saillans\/","og_locale":"en_US","og_type":"article","og_title":"Restaurant in Saillans | Snack bar in Saillans | Restaurant Dr\u00f4me","og_url":"https:\/\/chapelains.com\/en\/restaurant-in-saillans\/","og_site_name":"Camping Les Chapelains","article_modified_time":"2025-01-22T16:50:16+00:00","og_image":[{"width":1900,"height":700,"url":"https:\/\/chapelains.com\/wp-content\/uploads\/2023\/03\/snack-restauration-camping-les-chapelains.jpg","type":"image\/jpeg"}],"twitter_card":"summary_large_image","twitter_misc":{"Est. reading time":"3 minutes"},"schema":{"@context":"https:\/\/schema.org","@graph":[{"@type":"WebPage","@id":"https:\/\/chapelains.com\/en\/restaurant-in-saillans\/","url":"https:\/\/chapelains.com\/en\/restaurant-in-saillans\/","name":"Restaurant in Saillans | Snack bar in Saillans | Restaurant Dr\u00f4me","isPartOf":{"@id":"https:\/\/chapelains.com\/en\/#website"},"primaryImageOfPage":{"@id":"https:\/\/chapelains.com\/en\/restaurant-in-saillans\/#primaryimage"},"image":{"@id":"https:\/\/chapelains.com\/en\/restaurant-in-saillans\/#primaryimage"},"thumbnailUrl":"https:\/\/chapelains.com\/wp-content\/uploads\/2023\/03\/snack-restauration-camping-les-chapelains.jpg","datePublished":"2023-03-10T08:50:17+00:00","dateModified":"2025-01-22T16:50:16+00:00","breadcrumb":{"@id":"https:\/\/chapelains.com\/en\/restaurant-in-saillans\/#breadcrumb"},"inLanguage":"en-US","potentialAction":[{"@type":"ReadAction","target":["https:\/\/chapelains.com\/en\/restaurant-in-saillans\/"]}]},{"@type":"ImageObject","inLanguage":"en-US","@id":"https:\/\/chapelains.com\/en\/restaurant-in-saillans\/#primaryimage","url":"https:\/\/chapelains.com\/wp-content\/uploads\/2023\/03\/snack-restauration-camping-les-chapelains.jpg","contentUrl":"https:\/\/chapelains.com\/wp-content\/uploads\/2023\/03\/snack-restauration-camping-les-chapelains.jpg","width":1900,"height":700,"caption":"snack restaurantcamping les chapelains"},{"@type":"BreadcrumbList","@id":"https:\/\/chapelains.com\/en\/restaurant-in-saillans\/#breadcrumb","itemListElement":[{"@type":"ListItem","position":1,"name":"Camping Dr\u00f4me","item":"https:\/\/chapelains.com\/en\/"},{"@type":"ListItem","position":2,"name":"Restaurant in Saillans"}]},{"@type":"WebSite","@id":"https:\/\/chapelains.com\/en\/#website","url":"https:\/\/chapelains.com\/en\/","name":"Camping Les Chapelains","description":"","publisher":{"@id":"https:\/\/chapelains.com\/en\/#organization"},"potentialAction":[{"@type":"SearchAction","target":{"@type":"EntryPoint","urlTemplate":"https:\/\/chapelains.com\/en\/?s={search_term_string}"},"query-input":{"@type":"PropertyValueSpecification","valueRequired":true,"valueName":"search_term_string"}}],"inLanguage":"en-US"},{"@type":"Organization","@id":"https:\/\/chapelains.com\/en\/#organization","name":"Camping Les Chapelains","url":"https:\/\/chapelains.com\/en\/","logo":{"@type":"ImageObject","inLanguage":"en-US","@id":"https:\/\/chapelains.com\/en\/#\/schema\/logo\/image\/","url":"https:\/\/chapelains.com\/wp-content\/uploads\/2023\/03\/logo-camping-les-chapelains.png","contentUrl":"https:\/\/chapelains.com\/wp-content\/uploads\/2023\/03\/logo-camping-les-chapelains.png","width":263,"height":170,"caption":"Camping Les Chapelains"},"image":{"@id":"https:\/\/chapelains.com\/en\/#\/schema\/logo\/image\/"}}]}},"_links":{"self":[{"href":"https:\/\/chapelains.com\/en\/wp-json\/wp\/v2\/pages\/7694","targetHints":{"allow":["GET"]}}],"collection":[{"href":"https:\/\/chapelains.com\/en\/wp-json\/wp\/v2\/pages"}],"about":[{"href":"https:\/\/chapelains.com\/en\/wp-json\/wp\/v2\/types\/page"}],"author":[{"embeddable":true,"href":"https:\/\/chapelains.com\/en\/wp-json\/wp\/v2\/users\/1"}],"replies":[{"embeddable":true,"href":"https:\/\/chapelains.com\/en\/wp-json\/wp\/v2\/comments?post=7694"}],"version-history":[{"count":12,"href":"https:\/\/chapelains.com\/en\/wp-json\/wp\/v2\/pages\/7694\/revisions"}],"predecessor-version":[{"id":8580,"href":"https:\/\/chapelains.com\/en\/wp-json\/wp\/v2\/pages\/7694\/revisions\/8580"}],"wp:featuredmedia":[{"embeddable":true,"href":"https:\/\/chapelains.com\/en\/wp-json\/wp\/v2\/media\/4044"}],"wp:attachment":[{"href":"https:\/\/chapelains.com\/en\/wp-json\/wp\/v2\/media?parent=7694"}],"wp:term":[{"taxonomy":"sujet","embeddable":true,"href":"https:\/\/chapelains.com\/en\/wp-json\/wp\/v2\/sujet?post=7694"}],"curies":[{"name":"wp","href":"https:\/\/api.w.org\/{rel}","templated":true}]}}