{"id":3608,"date":"2023-03-10T09:53:45","date_gmt":"2023-03-10T08:53:45","guid":{"rendered":"https:\/\/chapelains.com\/toerisme-saillans\/"},"modified":"2025-01-22T17:51:45","modified_gmt":"2025-01-22T16:51:45","slug":"toerisme-saillans","status":"publish","type":"page","link":"https:\/\/chapelains.com\/nl\/toerisme-saillans\/","title":{"rendered":"Saillans"},"content":{"rendered":"<section id=\"ls-section-block_b734d1c941d8d27fdee19a020be19a38\" class=\"ls-section  page-one page-one__compact\" >\r\n        <div class=\"container \">\r\n        \n\n<h1 class=\"ls__heading wp-block-heading has-text-align-center has-color-1-color has-text-color\">Het pittoreske dorpje Saillans direct naast de camping<\/h1>\n\n\r\n    <\/div>\r\n<\/section><section id=\"ls-section-block_b5042481effc00aaf8e615dc64b3565a\" class=\"ls-section  home-first page-one\" >\r\n        <div class=\"container container--wide\">\r\n        \n\n<div class=\"wp-block-columns are-vertically-aligned-center is-layout-flex wp-container-core-columns-is-layout-9d6595d7 wp-block-columns-is-layout-flex\">\n<div class=\"wp-block-column is-vertically-aligned-center is-layout-flow wp-block-column-is-layout-flow\" style=\"flex-basis:33.33%\">\n<h2 class=\"ls__heading wp-block-heading has-color-2-color has-text-color\">Dingen om te doen in Saillans<\/h2>\n\n\n\n<p class=\"ls-paragraph\">Welkom in <a href=\"https:\/\/www.valleedeladrome-tourisme.com\/\" target=\"_blank\" rel=\"noreferrer noopener nofollow\">Saillans<\/a>! <a href=\"https:\/\/chapelains.com\/nl\/\">Camping Les Chapelains in de Dr\u00f4me<\/a> ligt op slechts 15-20 minuten lopen van dit <strong>historische en pittoreske dorpje<\/strong>, omzoomd door de wilde en vrij stromende rivier en omgeven door <strong>een uitzonderlijk landschap<\/strong>.<\/p>\n\n\n\n<p class=\"ls-paragraph\">De geschiedenis gaat terug tot de Romeinse bezetting, met overblijfselen in de buurt van het VVV-kantoor en in de <strong>Romaanse kerk Saint-G\u00e9raud<\/strong>. Wandel door het <strong>labyrint van smalle straatjes<\/strong> (in het Occitaans &#8220;violes&#8221; genoemd) en bewonder de middeleeuwse huizen, bogen, gewelfde doorgangen en fonteinen.<\/p>\n\n\n\n<p class=\"ls-paragraph\">Er is geen tekort aan <strong>plaatselijke evenementen<\/strong>, waaronder de festiviteiten op 14 juli en de zomerse vlooienmarkt op de 2e zaterdag in augustus. <strong>Het jaarlijkse<\/strong>&#8216;Vogue&#8217;-festival in het <strong>dorp<\/strong> vindt traditioneel plaats in het derde weekend van augustus&#8230; Muziek, fanfare, versnaperingen, een bal en een kermis: alle ingredi\u00ebnten voor een unieke feestervaring!<\/p>\n<\/div>\n\n\n\n<div class=\"wp-block-column is-vertically-aligned-center is-layout-flow wp-block-column-is-layout-flow\" style=\"flex-basis:66.66%\">\n<figure class=\"wp-block-gallery has-nested-images columns-2 is-cropped wp-block-gallery-1 is-layout-flex wp-block-gallery-is-layout-flex\">\n<figure class=\"wp-block-image size-full image-riviere animated fadeIn slow\"><a href=\"https:\/\/chapelains.com\/wp-content\/uploads\/2023\/04\/decouvrir-le-marche-de-saillans.jpg\"><img decoding=\"async\" width=\"900\" height=\"600\" data-id=\"1243\" src=\"https:\/\/chapelains.com\/wp-content\/uploads\/2023\/04\/decouvrir-le-marche-de-saillans.jpg\" alt=\"ontdek de markt van saillans\" class=\"wp-image-1243\" srcset=\"https:\/\/chapelains.com\/wp-content\/uploads\/2023\/04\/decouvrir-le-marche-de-saillans.jpg 900w, https:\/\/chapelains.com\/wp-content\/uploads\/2023\/04\/decouvrir-le-marche-de-saillans-300x200.jpg 300w, https:\/\/chapelains.com\/wp-content\/uploads\/2023\/04\/decouvrir-le-marche-de-saillans-768x512.jpg 768w\" sizes=\"(max-width: 900px) 100vw, 900px\" \/><\/a><\/figure>\n\n\n\n<figure class=\"wp-block-image size-full image-rando animated fadeIn delay-100ms slow\"><a href=\"https:\/\/chapelains.com\/wp-content\/uploads\/2023\/04\/les-fontanes-de-saillans.jpg\"><img decoding=\"async\" width=\"900\" height=\"600\" data-id=\"1255\" src=\"https:\/\/chapelains.com\/wp-content\/uploads\/2023\/04\/les-fontanes-de-saillans.jpg\" alt=\"de fonteinen van sailans\" class=\"wp-image-1255\" srcset=\"https:\/\/chapelains.com\/wp-content\/uploads\/2023\/04\/les-fontanes-de-saillans.jpg 900w, https:\/\/chapelains.com\/wp-content\/uploads\/2023\/04\/les-fontanes-de-saillans-300x200.jpg 300w, https:\/\/chapelains.com\/wp-content\/uploads\/2023\/04\/les-fontanes-de-saillans-768x512.jpg 768w\" sizes=\"(max-width: 900px) 100vw, 900px\" \/><\/a><\/figure>\n\n\n\n<figure class=\"wp-block-image size-full image-combi animated fadeIn delay-200ms slow\"><a href=\"https:\/\/chapelains.com\/wp-content\/uploads\/2023\/04\/visite-du-village-de-saillans.jpg\"><img decoding=\"async\" width=\"900\" height=\"600\" data-id=\"1259\" src=\"https:\/\/chapelains.com\/wp-content\/uploads\/2023\/04\/visite-du-village-de-saillans.jpg\" alt=\"bezoek aan het dorp saillans\" class=\"wp-image-1259\" srcset=\"https:\/\/chapelains.com\/wp-content\/uploads\/2023\/04\/visite-du-village-de-saillans.jpg 900w, https:\/\/chapelains.com\/wp-content\/uploads\/2023\/04\/visite-du-village-de-saillans-300x200.jpg 300w, https:\/\/chapelains.com\/wp-content\/uploads\/2023\/04\/visite-du-village-de-saillans-768x512.jpg 768w\" sizes=\"(max-width: 900px) 100vw, 900px\" \/><\/a><\/figure>\n\n\n\n<figure class=\"wp-block-image size-full image-gerants animated fadeIn delay-500ms slow\"><a href=\"https:\/\/chapelains.com\/wp-content\/uploads\/2023\/04\/le-village-de-saillans-dans-la-drome.jpg\"><img decoding=\"async\" width=\"900\" height=\"600\" data-id=\"1246\" src=\"https:\/\/chapelains.com\/wp-content\/uploads\/2023\/04\/le-village-de-saillans-dans-la-drome.jpg\" alt=\"het dorp saillans in de drome\" class=\"wp-image-1246\" srcset=\"https:\/\/chapelains.com\/wp-content\/uploads\/2023\/04\/le-village-de-saillans-dans-la-drome.jpg 900w, https:\/\/chapelains.com\/wp-content\/uploads\/2023\/04\/le-village-de-saillans-dans-la-drome-300x200.jpg 300w, https:\/\/chapelains.com\/wp-content\/uploads\/2023\/04\/le-village-de-saillans-dans-la-drome-768x512.jpg 768w\" sizes=\"(max-width: 900px) 100vw, 900px\" \/><\/a><\/figure>\n<\/figure>\n<\/div>\n<\/div>\n\n\r\n    <\/div>\r\n<\/section><section id=\"ls-section-block_0ef04a48ea507083b872999b40bdfe0d\" class=\"ls-section  home-second page-two\" >\r\n        <div class=\"container container--full\">\r\n        \n\n<div class=\"wp-block-columns is-layout-flex wp-container-core-columns-is-layout-9d6595d7 wp-block-columns-is-layout-flex\">\n<div class=\"wp-block-column is-layout-flow wp-block-column-is-layout-flow\" style=\"flex-basis:66.66%\">\n<figure class=\"wp-block-image size-full animated fadeInLeft slow\"><a href=\"https:\/\/chapelains.com\/wp-content\/uploads\/2023\/04\/escalade-proche-camping-les-chapelains-drome.jpg\"><img decoding=\"async\" width=\"900\" height=\"600\" src=\"https:\/\/chapelains.com\/wp-content\/uploads\/2023\/04\/escalade-proche-camping-les-chapelains-drome.jpg\" alt=\"rotsklimmen dichtbij camping less chapelains drome\" class=\"wp-image-1236\" srcset=\"https:\/\/chapelains.com\/wp-content\/uploads\/2023\/04\/escalade-proche-camping-les-chapelains-drome.jpg 900w, https:\/\/chapelains.com\/wp-content\/uploads\/2023\/04\/escalade-proche-camping-les-chapelains-drome-300x200.jpg 300w, https:\/\/chapelains.com\/wp-content\/uploads\/2023\/04\/escalade-proche-camping-les-chapelains-drome-768x512.jpg 768w\" sizes=\"(max-width: 900px) 100vw, 900px\" \/><\/a><\/figure>\n<\/div>\n\n\n\n<div class=\"wp-block-column is-layout-flow wp-block-column-is-layout-flow\" style=\"flex-basis:33.33%\">\n<figure class=\"wp-block-image size-full animated fadeInRight delay-500ms slow\"><a href=\"https:\/\/chapelains.com\/wp-content\/uploads\/2023\/04\/vtt-dans-la-drome.jpg\"><img decoding=\"async\" width=\"900\" height=\"600\" src=\"https:\/\/chapelains.com\/wp-content\/uploads\/2023\/04\/vtt-dans-la-drome.jpg\" alt=\"mountainbiken in drome\" class=\"wp-image-1239\" srcset=\"https:\/\/chapelains.com\/wp-content\/uploads\/2023\/04\/vtt-dans-la-drome.jpg 900w, https:\/\/chapelains.com\/wp-content\/uploads\/2023\/04\/vtt-dans-la-drome-300x200.jpg 300w, https:\/\/chapelains.com\/wp-content\/uploads\/2023\/04\/vtt-dans-la-drome-768x512.jpg 768w\" sizes=\"(max-width: 900px) 100vw, 900px\" \/><\/a><\/figure>\n\n\n<\/div>\n<\/div>\n\n\n\n<div class=\"wp-block-columns home-second__text is-layout-flex wp-container-core-columns-is-layout-9d6595d7 wp-block-columns-is-layout-flex\">\n<div class=\"wp-block-column is-layout-flow wp-block-column-is-layout-flow\">\n<h2 class=\"ls__heading wp-block-heading has-text-align-center has-color-2-color has-text-color\">Familie bezoeken<\/h2>\n\n\n\n<p class=\"ls-paragraph has-text-align-center\">Het Pays de Saillans is een geweldige plek voor natuurliefhebbers en liefhebbers van het buitenleven, of het nu aan een <strong>rivier is of in de bergen<\/strong>.<\/p>\n\n\n\n<p class=\"ls-paragraph has-text-align-center\">Als gezin, met kinderen of tieners betekent een vakantie in Saillans aan <a href=\"https:\/\/chapelains.com\/nl\/camping-aan-de-oever-van-saillans\/\">de oevers van de rivier de Dr\u00f4me<\/a> dat je kunt genieten van zwemmen, kano\u00ebn, mountainbiken, fietsen en wandelen, klimmen, vissen, raften en canyoning, zweefvliegen en paragliden.<\/p>\n\n\n\n<p class=\"ls-paragraph has-text-align-center\">In het hart van het dorp zijn het <strong>park of de openbare tuin <\/strong>en het <strong>stadsstadion<\/strong> geweldige plekken om te ontspannen en mensen te ontmoeten. <strong>De oevers van de rivier de Dr\u00f4me<\/strong> zijn perfect om te zwemmen of met het gezin te picknicken in de schaduw van de bomen.<\/p>\n<\/div>\n<\/div>\n\n\r\n    <\/div>\r\n<\/section><section id=\"ls-section-block_ae4368a5f0147adfda0fb6c5cde62469\" class=\"ls-section  home-third has-p-t p-t-0\" >\r\n        <div class=\"container container--wide\">\r\n        \n\n<div class=\"wp-block-columns is-layout-flex wp-container-core-columns-is-layout-9d6595d7 wp-block-columns-is-layout-flex\">\n<div class=\"wp-block-column is-vertically-aligned-center animated fadeInLeft slow is-layout-flow wp-block-column-is-layout-flow\" style=\"flex-basis:66.66%\">\n<figure class=\"wp-block-image size-full\"><a href=\"https:\/\/chapelains.com\/wp-content\/uploads\/2023\/10\/visiter-saillans-et-ses-alentours.jpg\"><img decoding=\"async\" width=\"900\" height=\"600\" src=\"https:\/\/chapelains.com\/wp-content\/uploads\/2023\/10\/visiter-saillans-et-ses-alentours.jpg\" alt=\"saillans en omgeving bezoeken\" class=\"wp-image-2653\" srcset=\"https:\/\/chapelains.com\/wp-content\/uploads\/2023\/10\/visiter-saillans-et-ses-alentours.jpg 900w, https:\/\/chapelains.com\/wp-content\/uploads\/2023\/10\/visiter-saillans-et-ses-alentours-300x200.jpg 300w, https:\/\/chapelains.com\/wp-content\/uploads\/2023\/10\/visiter-saillans-et-ses-alentours-768x512.jpg 768w\" sizes=\"(max-width: 900px) 100vw, 900px\" \/><\/a><\/figure>\n<\/div>\n\n\n\n<div class=\"wp-block-column is-vertically-aligned-center has-color-6-background-color has-background is-layout-flow wp-block-column-is-layout-flow\" style=\"flex-basis:33.33%\">\n<h2 class=\"ls__heading wp-block-heading has-color-2-color has-text-color\">Uw droom kampeervakantie in Saillans<\/h2>\n\n\n\n<p class=\"ls-paragraph\">Saillans is omgeven door uitzonderlijke landschappen, een <strong>onbetaalbaar natuurlijk erfgoed dat de garrigues<\/strong> en <strong>geuren van de Provence<\/strong> <strong>aankondigt<\/strong>.<\/p>\n\n\n\n<p class=\"ls-paragraph\">De <strong>majestueuze klif van Rochecourbe<\/strong> (hier bekend als &#8220;La Roche&#8221; of &#8220;La Pelle&#8221;) is een onweerstaanbare blikvanger. Deze<strong> geologische bezienswaardigheid<\/strong> maakt deel uit van de opmerkelijke synclinale van Sao\u00fb, een stenen vat van 13 km bij 3 km dat werd gevormd in het Krijt.  <\/p>\n\n\n\n<p class=\"ls-paragraph\">Met zijn<strong> kliffen en de toppen van de Trois Becs <\/strong>(Le Veyou, 1589m &#8211; Le Signal, 1559m, Roche Courbe 1545m), wordt het bedekt door een bos dat altijd een toevluchtsoord voor mensen is geweest. Het <strong>Natura 2000-gebied<\/strong> is een geweldige plek om <strong>te wandelen en mountainbiken<\/strong> en verwelkomt ook liefhebbers van bergbeklimmen.<\/p>\n<\/div>\n<\/div>\n\n\r\n    <\/div>\r\n<\/section><section id=\"ls-section-block_2e0be81cf957b5096c3e1d0564f18430\" class=\"ls-section  home-third-alt has-p-t p-t-0\" >\r\n        <div class=\"container container--wide\">\r\n        \n\n<div class=\"wp-block-columns is-layout-flex wp-container-core-columns-is-layout-9d6595d7 wp-block-columns-is-layout-flex\">\n<div class=\"wp-block-column is-vertically-aligned-center has-color-6-background-color has-background is-layout-flow wp-block-column-is-layout-flow\" style=\"flex-basis:33.33%\">\n<h2 class=\"ls__heading wp-block-heading has-color-2-color has-text-color\">De markt in Saillans<\/h2>\n\n\n\n<p class=\"ls-paragraph\">De<strong> markt van Saillans<\/strong>, <strong>typisch voor markten in het zuiden van Frankrijk<\/strong>, vindt het hele jaar door elke <strong>zondagochtend<\/strong> plaats op de Place du Prieur\u00e9 en de Place de la R\u00e9publique, rond de prachtige Romaanse kerk Saint-G\u00e9raud, gebouwd in de 13e eeuw en geklasseerd als historisch monument.  <\/p>\n\n\n\n<p class=\"ls-paragraph\">Bij mooi weer strekt de markt zich uit langs de Grande Rue en de Rue du Faubourg du Temple en biedt een breed scala aan <strong>levensmiddelen en ambachtelijke producten<\/strong>, waarvan sommige van <strong>lokale producenten<\/strong> komen.<\/p>\n<\/div>\n\n\n\n<div class=\"wp-block-column is-vertically-aligned-center animated fadeInLeft slow is-layout-flow wp-block-column-is-layout-flow\" style=\"flex-basis:66.66%\">\n<figure class=\"wp-block-image size-full\"><a href=\"https:\/\/chapelains.com\/wp-content\/uploads\/2023\/10\/marche-saillans-camping-chapemlaisn.jpg\"><img decoding=\"async\" width=\"900\" height=\"700\" src=\"https:\/\/chapelains.com\/wp-content\/uploads\/2023\/10\/marche-saillans-camping-chapemlaisn.jpg\" alt=\"markt saillans camping chapemlaisn\" class=\"wp-image-2521\" srcset=\"https:\/\/chapelains.com\/wp-content\/uploads\/2023\/10\/marche-saillans-camping-chapemlaisn.jpg 900w, https:\/\/chapelains.com\/wp-content\/uploads\/2023\/10\/marche-saillans-camping-chapemlaisn-300x233.jpg 300w, https:\/\/chapelains.com\/wp-content\/uploads\/2023\/10\/marche-saillans-camping-chapemlaisn-768x597.jpg 768w\" sizes=\"(max-width: 900px) 100vw, 900px\" \/><\/a><\/figure>\n<\/div>\n<\/div>\n\n\r\n    <\/div>\r\n<\/section><section id=\"ls-section-block_bf2a96556f9e571d61ffbdb93c281a48\" class=\"ls-section  page-cta\" >\r\n        <div class=\"container container--wide\">\r\n        \n\n<div id=\"ls-heading ls-titre-div-block_ebc132aced73d42b5ed62b8747f86a5a\" class=\"ls-titre-div aligncenter h2-like\" >\n    Attracties in de buurt<\/div>\n\n\n<div id=\"ls-maillage-block_9d7f2b65f0fb24b1b58623972aeba486\" class=\"ls-maillage cta-style-normal\" data-rows=\"3\">\r\n    <div class=\"wp-block-columns\"><div class=\"wp-block-column\"><div class='ls-cta'>\n\n<a href=\"https:\/\/chapelains.com\/nl\/sportterrein\/\" target=\"\" rel=\"noopener\" class=\"ls-cta__link\">\n\n\t<div class=\"ls-cta__image\"><img decoding=\"async\" src=\"https:\/\/chapelains.com\/wp-content\/uploads\/2023\/04\/balade-a-cheval-camping-les-chapelains-drome.jpg\" alt=\"paardrijden camping les chapelains drome\"><\/div>\n\t<div class=\"ls-cta__title\">\n\t\tSport en natuur rondom de camping\t<\/div>\n\n\t\t\n<\/a><\/div><\/div><div class=\"wp-block-column\"><div class='ls-cta'>\n\n<a href=\"https:\/\/chapelains.com\/nl\/de-lavendelroutes\/\" target=\"\" rel=\"noopener\" class=\"ls-cta__link\">\n\n\t<div class=\"ls-cta__image\"><img decoding=\"async\" src=\"https:\/\/chapelains.com\/wp-content\/uploads\/2023\/04\/decouvrir-les-routes-de-la-lavande.jpg\" alt=\"ontdek de lavendelroutes\"><\/div>\n\t<div class=\"ls-cta__title\">\n\t\tDe lavendelroutes\t<\/div>\n\n\t\t\n<\/a><\/div><\/div><div class=\"wp-block-column\"><div class='ls-cta'>\n\n<a href=\"https:\/\/chapelains.com\/nl\/toeristische-drome\/\" target=\"\" rel=\"noopener\" class=\"ls-cta__link\">\n\n\t<div class=\"ls-cta__image\"><img decoding=\"async\" src=\"https:\/\/chapelains.com\/wp-content\/uploads\/2023\/10\/palais-du-facteur-cheval.webp\" alt=\"palais du facteur cheval\"><\/div>\n\t<div class=\"ls-cta__title\">\n\t\tBezienswaardigheden rondom de camping\t<\/div>\n\n\t\t\n<\/a><\/div><\/div><\/div><\/div>\n\r\n    <\/div>\r\n<\/section>","protected":false},"excerpt":{"rendered":"","protected":false},"author":1,"featured_media":7962,"parent":0,"menu_order":0,"comment_status":"closed","ping_status":"closed","template":"","meta":{"_acf_changed":false,"footnotes":""},"sujet":[],"class_list":["post-3608","page","type-page","status-publish","has-post-thumbnail","hentry"],"acf":[],"yoast_head":"<!-- This site is optimized with the Yoast SEO plugin v23.4 - https:\/\/yoast.com\/wordpress\/plugins\/seo\/ -->\n<title>Toerisme in Saillans | Bezoeken, activiteiten en markten om te doen in Saillans<\/title>\n<meta name=\"robots\" content=\"index, follow, max-snippet:-1, max-image-preview:large, max-video-preview:-1\" \/>\n<link rel=\"canonical\" href=\"https:\/\/chapelains.com\/nl\/toerisme-saillans\/\" \/>\n<meta property=\"og:locale\" content=\"nl_NL\" \/>\n<meta property=\"og:type\" content=\"article\" \/>\n<meta property=\"og:title\" content=\"Toerisme in Saillans | Bezoeken, activiteiten en markten om te doen in Saillans\" \/>\n<meta property=\"og:url\" content=\"https:\/\/chapelains.com\/nl\/toerisme-saillans\/\" \/>\n<meta property=\"og:site_name\" content=\"Camping Les Chapelains\" \/>\n<meta property=\"article:modified_time\" content=\"2025-01-22T16:51:45+00:00\" \/>\n<meta property=\"og:image\" content=\"https:\/\/chapelains.com\/wp-content\/uploads\/2023\/10\/tourisme-visiter-saillans.webp\" \/>\n\t<meta property=\"og:image:width\" content=\"2000\" \/>\n\t<meta property=\"og:image:height\" content=\"521\" \/>\n\t<meta property=\"og:image:type\" content=\"image\/webp\" \/>\n<meta name=\"twitter:card\" content=\"summary_large_image\" \/>\n<meta name=\"twitter:label1\" content=\"Geschatte leestijd\" \/>\n\t<meta name=\"twitter:data1\" content=\"2 minuten\" \/>\n<script type=\"application\/ld+json\" class=\"yoast-schema-graph\">{\"@context\":\"https:\/\/schema.org\",\"@graph\":[{\"@type\":\"WebPage\",\"@id\":\"https:\/\/chapelains.com\/nl\/toerisme-saillans\/\",\"url\":\"https:\/\/chapelains.com\/nl\/toerisme-saillans\/\",\"name\":\"Toerisme in Saillans | Bezoeken, activiteiten en markten om te doen in Saillans\",\"isPartOf\":{\"@id\":\"https:\/\/chapelains.com\/nl\/#website\"},\"primaryImageOfPage\":{\"@id\":\"https:\/\/chapelains.com\/nl\/toerisme-saillans\/#primaryimage\"},\"image\":{\"@id\":\"https:\/\/chapelains.com\/nl\/toerisme-saillans\/#primaryimage\"},\"thumbnailUrl\":\"https:\/\/chapelains.com\/wp-content\/uploads\/2023\/10\/tourisme-visiter-saillans.webp\",\"datePublished\":\"2023-03-10T08:53:45+00:00\",\"dateModified\":\"2025-01-22T16:51:45+00:00\",\"breadcrumb\":{\"@id\":\"https:\/\/chapelains.com\/nl\/toerisme-saillans\/#breadcrumb\"},\"inLanguage\":\"nl-NL\",\"potentialAction\":[{\"@type\":\"ReadAction\",\"target\":[\"https:\/\/chapelains.com\/nl\/toerisme-saillans\/\"]}]},{\"@type\":\"ImageObject\",\"inLanguage\":\"nl-NL\",\"@id\":\"https:\/\/chapelains.com\/nl\/toerisme-saillans\/#primaryimage\",\"url\":\"https:\/\/chapelains.com\/wp-content\/uploads\/2023\/10\/tourisme-visiter-saillans.webp\",\"contentUrl\":\"https:\/\/chapelains.com\/wp-content\/uploads\/2023\/10\/tourisme-visiter-saillans.webp\",\"width\":2000,\"height\":521,\"caption\":\"toerisme bezoek saillans\"},{\"@type\":\"BreadcrumbList\",\"@id\":\"https:\/\/chapelains.com\/nl\/toerisme-saillans\/#breadcrumb\",\"itemListElement\":[{\"@type\":\"ListItem\",\"position\":1,\"name\":\"Camping Dr\u00f4me\",\"item\":\"https:\/\/chapelains.com\/nl\/\"},{\"@type\":\"ListItem\",\"position\":2,\"name\":\"Toerisme in Saillans\"}]},{\"@type\":\"WebSite\",\"@id\":\"https:\/\/chapelains.com\/nl\/#website\",\"url\":\"https:\/\/chapelains.com\/nl\/\",\"name\":\"Camping Les Chapelains\",\"description\":\"\",\"publisher\":{\"@id\":\"https:\/\/chapelains.com\/nl\/#organization\"},\"potentialAction\":[{\"@type\":\"SearchAction\",\"target\":{\"@type\":\"EntryPoint\",\"urlTemplate\":\"https:\/\/chapelains.com\/nl\/?s={search_term_string}\"},\"query-input\":{\"@type\":\"PropertyValueSpecification\",\"valueRequired\":true,\"valueName\":\"search_term_string\"}}],\"inLanguage\":\"nl-NL\"},{\"@type\":\"Organization\",\"@id\":\"https:\/\/chapelains.com\/nl\/#organization\",\"name\":\"Camping Les Chapelains\",\"url\":\"https:\/\/chapelains.com\/nl\/\",\"logo\":{\"@type\":\"ImageObject\",\"inLanguage\":\"nl-NL\",\"@id\":\"https:\/\/chapelains.com\/nl\/#\/schema\/logo\/image\/\",\"url\":\"https:\/\/chapelains.com\/wp-content\/uploads\/2023\/03\/logo-camping-les-chapelains.png\",\"contentUrl\":\"https:\/\/chapelains.com\/wp-content\/uploads\/2023\/03\/logo-camping-les-chapelains.png\",\"width\":263,\"height\":170,\"caption\":\"Camping Les Chapelains\"},\"image\":{\"@id\":\"https:\/\/chapelains.com\/nl\/#\/schema\/logo\/image\/\"}}]}<\/script>\n<!-- \/ Yoast SEO plugin. -->","yoast_head_json":{"title":"Toerisme in Saillans | Bezoeken, activiteiten en markten om te doen in Saillans","robots":{"index":"index","follow":"follow","max-snippet":"max-snippet:-1","max-image-preview":"max-image-preview:large","max-video-preview":"max-video-preview:-1"},"canonical":"https:\/\/chapelains.com\/nl\/toerisme-saillans\/","og_locale":"nl_NL","og_type":"article","og_title":"Toerisme in Saillans | Bezoeken, activiteiten en markten om te doen in Saillans","og_url":"https:\/\/chapelains.com\/nl\/toerisme-saillans\/","og_site_name":"Camping Les Chapelains","article_modified_time":"2025-01-22T16:51:45+00:00","og_image":[{"width":2000,"height":521,"url":"https:\/\/chapelains.com\/wp-content\/uploads\/2023\/10\/tourisme-visiter-saillans.webp","type":"image\/webp"}],"twitter_card":"summary_large_image","twitter_misc":{"Geschatte leestijd":"2 minuten"},"schema":{"@context":"https:\/\/schema.org","@graph":[{"@type":"WebPage","@id":"https:\/\/chapelains.com\/nl\/toerisme-saillans\/","url":"https:\/\/chapelains.com\/nl\/toerisme-saillans\/","name":"Toerisme in Saillans | Bezoeken, activiteiten en markten om te doen in Saillans","isPartOf":{"@id":"https:\/\/chapelains.com\/nl\/#website"},"primaryImageOfPage":{"@id":"https:\/\/chapelains.com\/nl\/toerisme-saillans\/#primaryimage"},"image":{"@id":"https:\/\/chapelains.com\/nl\/toerisme-saillans\/#primaryimage"},"thumbnailUrl":"https:\/\/chapelains.com\/wp-content\/uploads\/2023\/10\/tourisme-visiter-saillans.webp","datePublished":"2023-03-10T08:53:45+00:00","dateModified":"2025-01-22T16:51:45+00:00","breadcrumb":{"@id":"https:\/\/chapelains.com\/nl\/toerisme-saillans\/#breadcrumb"},"inLanguage":"nl-NL","potentialAction":[{"@type":"ReadAction","target":["https:\/\/chapelains.com\/nl\/toerisme-saillans\/"]}]},{"@type":"ImageObject","inLanguage":"nl-NL","@id":"https:\/\/chapelains.com\/nl\/toerisme-saillans\/#primaryimage","url":"https:\/\/chapelains.com\/wp-content\/uploads\/2023\/10\/tourisme-visiter-saillans.webp","contentUrl":"https:\/\/chapelains.com\/wp-content\/uploads\/2023\/10\/tourisme-visiter-saillans.webp","width":2000,"height":521,"caption":"toerisme bezoek saillans"},{"@type":"BreadcrumbList","@id":"https:\/\/chapelains.com\/nl\/toerisme-saillans\/#breadcrumb","itemListElement":[{"@type":"ListItem","position":1,"name":"Camping Dr\u00f4me","item":"https:\/\/chapelains.com\/nl\/"},{"@type":"ListItem","position":2,"name":"Toerisme in Saillans"}]},{"@type":"WebSite","@id":"https:\/\/chapelains.com\/nl\/#website","url":"https:\/\/chapelains.com\/nl\/","name":"Camping Les Chapelains","description":"","publisher":{"@id":"https:\/\/chapelains.com\/nl\/#organization"},"potentialAction":[{"@type":"SearchAction","target":{"@type":"EntryPoint","urlTemplate":"https:\/\/chapelains.com\/nl\/?s={search_term_string}"},"query-input":{"@type":"PropertyValueSpecification","valueRequired":true,"valueName":"search_term_string"}}],"inLanguage":"nl-NL"},{"@type":"Organization","@id":"https:\/\/chapelains.com\/nl\/#organization","name":"Camping Les Chapelains","url":"https:\/\/chapelains.com\/nl\/","logo":{"@type":"ImageObject","inLanguage":"nl-NL","@id":"https:\/\/chapelains.com\/nl\/#\/schema\/logo\/image\/","url":"https:\/\/chapelains.com\/wp-content\/uploads\/2023\/03\/logo-camping-les-chapelains.png","contentUrl":"https:\/\/chapelains.com\/wp-content\/uploads\/2023\/03\/logo-camping-les-chapelains.png","width":263,"height":170,"caption":"Camping Les Chapelains"},"image":{"@id":"https:\/\/chapelains.com\/nl\/#\/schema\/logo\/image\/"}}]}},"_links":{"self":[{"href":"https:\/\/chapelains.com\/nl\/wp-json\/wp\/v2\/pages\/3608","targetHints":{"allow":["GET"]}}],"collection":[{"href":"https:\/\/chapelains.com\/nl\/wp-json\/wp\/v2\/pages"}],"about":[{"href":"https:\/\/chapelains.com\/nl\/wp-json\/wp\/v2\/types\/page"}],"author":[{"embeddable":true,"href":"https:\/\/chapelains.com\/nl\/wp-json\/wp\/v2\/users\/1"}],"replies":[{"embeddable":true,"href":"https:\/\/chapelains.com\/nl\/wp-json\/wp\/v2\/comments?post=3608"}],"version-history":[{"count":15,"href":"https:\/\/chapelains.com\/nl\/wp-json\/wp\/v2\/pages\/3608\/revisions"}],"predecessor-version":[{"id":8592,"href":"https:\/\/chapelains.com\/nl\/wp-json\/wp\/v2\/pages\/3608\/revisions\/8592"}],"wp:featuredmedia":[{"embeddable":true,"href":"https:\/\/chapelains.com\/nl\/wp-json\/wp\/v2\/media\/7962"}],"wp:attachment":[{"href":"https:\/\/chapelains.com\/nl\/wp-json\/wp\/v2\/media?parent=3608"}],"wp:term":[{"taxonomy":"sujet","embeddable":true,"href":"https:\/\/chapelains.com\/nl\/wp-json\/wp\/v2\/sujet?post=3608"}],"curies":[{"name":"wp","href":"https:\/\/api.w.org\/{rel}","templated":true}]}}